{"id":2471,"date":"2022-12-07T12:57:34","date_gmt":"2022-12-07T15:57:34","guid":{"rendered":"https:\/\/claec.org\/ehm\/?page_id=2471"},"modified":"2022-12-07T19:26:44","modified_gmt":"2022-12-07T22:26:44","slug":"pg","status":"publish","type":"page","link":"https:\/\/claec.org\/ehm\/pg\/","title":{"rendered":"Programa\u00e7\u00e3o geral"},"content":{"rendered":"\t\t<div data-elementor-type=\"wp-page\" data-elementor-id=\"2471\" class=\"elementor elementor-2471\" data-elementor-post-type=\"page\">\n\t\t\t\t\t\t<section class=\"elementor-section elementor-top-section elementor-element elementor-element-af09658 elementor-section-boxed elementor-section-height-default elementor-section-height-default\" data-id=\"af09658\" data-element_type=\"section\" data-e-type=\"section\">\n\t\t\t\t\t\t<div class=\"elementor-container elementor-column-gap-default\">\n\t\t\t\t\t<div class=\"elementor-column elementor-col-100 elementor-top-column elementor-element elementor-element-da9cd45\" data-id=\"da9cd45\" data-element_type=\"column\" data-e-type=\"column\">\n\t\t\t<div class=\"elementor-widget-wrap elementor-element-populated\">\n\t\t\t\t\t\t<div class=\"elementor-element elementor-element-194d5b2 elementor-widget elementor-widget-text-editor\" data-id=\"194d5b2\" data-element_type=\"widget\" data-e-type=\"widget\" data-widget_type=\"text-editor.default\">\n\t\t\t\t<div class=\"elementor-widget-container\">\n\t\t\t\t\t\t\t\t\t<p>Acompanhem nossa programa\u00e7\u00e3o em:<a style=\"font-size: 16px;\" href=\"https:\/\/www.youtube.com\/@claecult\" target=\"_blank\" rel=\"noopener\">\u00a0https:\/\/www.youtube.com\/@claecult<\/a><\/p><p>Cada atividade contar\u00e1 com certifica\u00e7\u00e3o gratuita de 20 horas.<\/p><p>As inscri\u00e7\u00f5es ocorrem durante as lives.<\/p><p>\u00a0<\/p><p><span style=\"text-decoration: underline;\">Clique sobre a imagem para acessar diretamente a atividade.<\/span><\/p>\t\t\t\t\t\t\t\t<\/div>\n\t\t\t\t<\/div>\n\t\t\t\t\t<\/div>\n\t\t<\/div>\n\t\t\t\t\t<\/div>\n\t\t<\/section>\n\t\t\t\t<section class=\"elementor-section elementor-top-section elementor-element elementor-element-9dd0742 elementor-section-boxed elementor-section-height-default elementor-section-height-default\" data-id=\"9dd0742\" data-element_type=\"section\" data-e-type=\"section\">\n\t\t\t\t\t\t<div class=\"elementor-container elementor-column-gap-default\">\n\t\t\t\t\t<div class=\"elementor-column elementor-col-100 elementor-top-column elementor-element elementor-element-7940ae3\" data-id=\"7940ae3\" data-element_type=\"column\" data-e-type=\"column\">\n\t\t\t<div class=\"elementor-widget-wrap elementor-element-populated\">\n\t\t\t\t\t\t<div class=\"elementor-element elementor-element-4c3c64b elementor-widget elementor-widget-image\" data-id=\"4c3c64b\" data-element_type=\"widget\" data-e-type=\"widget\" data-widget_type=\"image.default\">\n\t\t\t\t<div class=\"elementor-widget-container\">\n\t\t\t\t\t\t\t\t\t\t\t\t\t\t\t\t<a href=\"https:\/\/youtu.be\/raE-SZYgJCU\">\n\t\t\t\t\t\t\t<img fetchpriority=\"high\" decoding=\"async\" width=\"800\" height=\"800\" src=\"https:\/\/claec.org\/ehm\/wp-content\/uploads\/sites\/2\/2022\/12\/cartazes-VIII-EHM-6-1020x1020.png\" class=\"attachment-large size-large wp-image-2476\" alt=\"\" srcset=\"https:\/\/claec.org\/ehm\/wp-content\/uploads\/sites\/2\/2022\/12\/cartazes-VIII-EHM-6-1020x1020.png 1020w, https:\/\/claec.org\/ehm\/wp-content\/uploads\/sites\/2\/2022\/12\/cartazes-VIII-EHM-6-632x632.png 632w, https:\/\/claec.org\/ehm\/wp-content\/uploads\/sites\/2\/2022\/12\/cartazes-VIII-EHM-6-768x768.png 768w, https:\/\/claec.org\/ehm\/wp-content\/uploads\/sites\/2\/2022\/12\/cartazes-VIII-EHM-6-230x230.png 230w, https:\/\/claec.org\/ehm\/wp-content\/uploads\/sites\/2\/2022\/12\/cartazes-VIII-EHM-6-365x365.png 365w, https:\/\/claec.org\/ehm\/wp-content\/uploads\/sites\/2\/2022\/12\/cartazes-VIII-EHM-6.png 1080w\" sizes=\"(max-width: 800px) 100vw, 800px\" \/>\t\t\t\t\t\t\t\t<\/a>\n\t\t\t\t\t\t\t\t\t\t\t\t\t\t\t<\/div>\n\t\t\t\t<\/div>\n\t\t\t\t\t<\/div>\n\t\t<\/div>\n\t\t\t\t\t<\/div>\n\t\t<\/section>\n\t\t\t\t<section class=\"elementor-section elementor-top-section elementor-element elementor-element-bd863d4 elementor-section-boxed elementor-section-height-default elementor-section-height-default\" data-id=\"bd863d4\" data-element_type=\"section\" data-e-type=\"section\">\n\t\t\t\t\t\t<div class=\"elementor-container elementor-column-gap-default\">\n\t\t\t\t\t<div class=\"elementor-column elementor-col-100 elementor-top-column elementor-element elementor-element-fbe2130\" data-id=\"fbe2130\" data-element_type=\"column\" data-e-type=\"column\">\n\t\t\t<div class=\"elementor-widget-wrap elementor-element-populated\">\n\t\t\t\t\t\t<div class=\"elementor-element elementor-element-5b51014 elementor-widget elementor-widget-image\" data-id=\"5b51014\" data-element_type=\"widget\" data-e-type=\"widget\" data-widget_type=\"image.default\">\n\t\t\t\t<div class=\"elementor-widget-container\">\n\t\t\t\t\t\t\t\t\t\t\t\t\t\t\t\t<a href=\"https:\/\/youtu.be\/EmDvWl9bXfE\">\n\t\t\t\t\t\t\t<img decoding=\"async\" width=\"800\" height=\"800\" src=\"https:\/\/claec.org\/ehm\/wp-content\/uploads\/sites\/2\/2022\/12\/cartazes-VIII-EHM-5-1020x1020.png\" class=\"attachment-large size-large wp-image-2477\" alt=\"\" srcset=\"https:\/\/claec.org\/ehm\/wp-content\/uploads\/sites\/2\/2022\/12\/cartazes-VIII-EHM-5-1020x1020.png 1020w, https:\/\/claec.org\/ehm\/wp-content\/uploads\/sites\/2\/2022\/12\/cartazes-VIII-EHM-5-632x632.png 632w, https:\/\/claec.org\/ehm\/wp-content\/uploads\/sites\/2\/2022\/12\/cartazes-VIII-EHM-5-768x768.png 768w, https:\/\/claec.org\/ehm\/wp-content\/uploads\/sites\/2\/2022\/12\/cartazes-VIII-EHM-5-230x230.png 230w, https:\/\/claec.org\/ehm\/wp-content\/uploads\/sites\/2\/2022\/12\/cartazes-VIII-EHM-5-365x365.png 365w, https:\/\/claec.org\/ehm\/wp-content\/uploads\/sites\/2\/2022\/12\/cartazes-VIII-EHM-5.png 1080w\" sizes=\"(max-width: 800px) 100vw, 800px\" \/>\t\t\t\t\t\t\t\t<\/a>\n\t\t\t\t\t\t\t\t\t\t\t\t\t\t\t<\/div>\n\t\t\t\t<\/div>\n\t\t\t\t\t<\/div>\n\t\t<\/div>\n\t\t\t\t\t<\/div>\n\t\t<\/section>\n\t\t\t\t<section class=\"elementor-section elementor-top-section elementor-element elementor-element-754c9e6 elementor-section-boxed elementor-section-height-default elementor-section-height-default\" data-id=\"754c9e6\" data-element_type=\"section\" data-e-type=\"section\">\n\t\t\t\t\t\t<div class=\"elementor-container elementor-column-gap-default\">\n\t\t\t\t\t<div class=\"elementor-column elementor-col-100 elementor-top-column elementor-element elementor-element-3189190\" data-id=\"3189190\" data-element_type=\"column\" data-e-type=\"column\">\n\t\t\t<div class=\"elementor-widget-wrap elementor-element-populated\">\n\t\t\t\t\t\t<div class=\"elementor-element elementor-element-cced90a elementor-widget elementor-widget-image\" data-id=\"cced90a\" data-element_type=\"widget\" data-e-type=\"widget\" data-widget_type=\"image.default\">\n\t\t\t\t<div class=\"elementor-widget-container\">\n\t\t\t\t\t\t\t\t\t\t\t\t\t\t\t\t<a href=\"https:\/\/youtu.be\/jtv0UhWwCRg\">\n\t\t\t\t\t\t\t<img decoding=\"async\" width=\"800\" height=\"800\" src=\"https:\/\/claec.org\/ehm\/wp-content\/uploads\/sites\/2\/2022\/12\/cartazes-VIII-EHM-4-1020x1020.png\" class=\"attachment-large size-large wp-image-2479\" alt=\"\" srcset=\"https:\/\/claec.org\/ehm\/wp-content\/uploads\/sites\/2\/2022\/12\/cartazes-VIII-EHM-4-1020x1020.png 1020w, https:\/\/claec.org\/ehm\/wp-content\/uploads\/sites\/2\/2022\/12\/cartazes-VIII-EHM-4-632x632.png 632w, https:\/\/claec.org\/ehm\/wp-content\/uploads\/sites\/2\/2022\/12\/cartazes-VIII-EHM-4-768x768.png 768w, https:\/\/claec.org\/ehm\/wp-content\/uploads\/sites\/2\/2022\/12\/cartazes-VIII-EHM-4-230x230.png 230w, https:\/\/claec.org\/ehm\/wp-content\/uploads\/sites\/2\/2022\/12\/cartazes-VIII-EHM-4-365x365.png 365w, https:\/\/claec.org\/ehm\/wp-content\/uploads\/sites\/2\/2022\/12\/cartazes-VIII-EHM-4.png 1080w\" sizes=\"(max-width: 800px) 100vw, 800px\" \/>\t\t\t\t\t\t\t\t<\/a>\n\t\t\t\t\t\t\t\t\t\t\t\t\t\t\t<\/div>\n\t\t\t\t<\/div>\n\t\t\t\t\t<\/div>\n\t\t<\/div>\n\t\t\t\t\t<\/div>\n\t\t<\/section>\n\t\t\t\t<\/div>\n\t\t","protected":false},"excerpt":{"rendered":"<p>Acompanhem nossa programa\u00e7\u00e3o em:\u00a0https:\/\/www.youtube.com\/@claecult Cada atividade contar\u00e1 com certifica\u00e7\u00e3o gratuita de 20 horas. As inscri\u00e7\u00f5es ocorrem durante as lives. \u00a0 Clique sobre a imagem para acessar diretamente a atividade.<\/p>\n","protected":false},"author":1,"featured_media":0,"parent":0,"menu_order":0,"comment_status":"closed","ping_status":"closed","template":"","meta":{"_monsterinsights_skip_tracking":false,"_monsterinsights_sitenote_active":false,"_monsterinsights_sitenote_note":"","_monsterinsights_sitenote_category":0,"footnotes":""},"class_list":["post-2471","page","type-page","status-publish","hentry"],"_links":{"self":[{"href":"https:\/\/claec.org\/ehm\/wp-json\/wp\/v2\/pages\/2471","targetHints":{"allow":["GET"]}}],"collection":[{"href":"https:\/\/claec.org\/ehm\/wp-json\/wp\/v2\/pages"}],"about":[{"href":"https:\/\/claec.org\/ehm\/wp-json\/wp\/v2\/types\/page"}],"author":[{"embeddable":true,"href":"https:\/\/claec.org\/ehm\/wp-json\/wp\/v2\/users\/1"}],"replies":[{"embeddable":true,"href":"https:\/\/claec.org\/ehm\/wp-json\/wp\/v2\/comments?post=2471"}],"version-history":[{"count":21,"href":"https:\/\/claec.org\/ehm\/wp-json\/wp\/v2\/pages\/2471\/revisions"}],"predecessor-version":[{"id":2497,"href":"https:\/\/claec.org\/ehm\/wp-json\/wp\/v2\/pages\/2471\/revisions\/2497"}],"wp:attachment":[{"href":"https:\/\/claec.org\/ehm\/wp-json\/wp\/v2\/media?parent=2471"}],"curies":[{"name":"wp","href":"https:\/\/api.w.org\/{rel}","templated":true}]}}