{"id":2440,"date":"2022-11-08T02:18:05","date_gmt":"2022-11-08T05:18:05","guid":{"rendered":"https:\/\/claec.org\/ehm\/?page_id=2440"},"modified":"2024-06-28T08:44:11","modified_gmt":"2024-06-28T11:44:11","slug":"comunicadores-4","status":"publish","type":"page","link":"https:\/\/claec.org\/ehm\/comunicadores-4\/","title":{"rendered":"Comunicadores"},"content":{"rendered":"\n<div class=\"wp-block-buttons is-layout-flex wp-block-buttons-is-layout-flex\">\n<div class=\"wp-block-button\"><a class=\"wp-block-button__link wp-element-button\" href=\"https:\/\/doity.com.br\/ehm2024\" target=\"_blank\" rel=\"noreferrer noopener\">Inscreva-se aqui!<\/a><\/div>\n\n\n\n<div class=\"wp-block-button\"><a class=\"wp-block-button__link wp-element-button\" href=\"https:\/\/drive.google.com\/drive\/folders\/1JGJRgaFz3eaPCzLZKAKz6kG2q-pPEMzN\" target=\"_blank\" rel=\"noreferrer noopener\">Layout de Comunica\u00e7\u00f5es<\/a><\/div>\n\n\n\n<div class=\"wp-block-button\"><a class=\"wp-block-button__link wp-element-button\" href=\"https:\/\/claec.org\/ehm\/grupos-de-trabalhos\" target=\"_blank\" rel=\"noreferrer noopener\">Grupos de Trabalhos &#8211; GTs<\/a><\/div>\n\n\n\n<div class=\"wp-block-button\"><a class=\"wp-block-button__link wp-element-button\" href=\"https:\/\/claec.org\/ehm\/ouvintes\/\" target=\"_blank\" rel=\"noreferrer noopener\">Ouvintes, inscreva-se aqui!<\/a><\/div>\n<\/div>\n\n\n\n<hr class=\"wp-block-separator has-alpha-channel-opacity\"\/>\n\n\n\n<figure class=\"wp-block-pullquote\"><blockquote><p><strong>SUBMISS\u00d5ES DE 20\/07\/2024 AT\u00c9 15\/10\/2024!<\/strong><br>As sess\u00f5es de comunica\u00e7\u00e3o ocorrer\u00e3o no formato virtual.<\/p><\/blockquote><\/figure>\n\n\n\n<div class=\"wp-block-pb-accordion-item c-accordion__item js-accordion-item no-js\" data-initially-open=\"false\" data-click-to-close=\"true\" data-auto-close=\"true\" data-scroll=\"false\" data-scroll-offset=\"0\"><h2 id=\"at-24408\" class=\"c-accordion__title js-accordion-controller\" role=\"button\">Os Grupos de Trabalhos &#8211; GTs<br><\/h2><div id=\"ac-24408\" class=\"c-accordion__content\">\n<p><strong>As ementas dos GTs estar\u00e3o dispon\u00edveis a partir de 20\/07\/2024, neste link: <\/strong><a href=\"https:\/\/claec.org\/ehm\/grupos-de-trabalhos\/\" data-type=\"URL\" data-id=\"https:\/\/claec.org\/ehm\/grupos-de-trabalhos-gts-2\/\">https:\/\/claec.org\/ehm\/grupos-de-trabalhos\/<\/a><strong>.<\/strong><\/p>\n\n\n\n<p><strong>(1) <\/strong>Fica reservado aos coordenadores dos GTs e a Comiss\u00e3o Organizadora, a realoca\u00e7\u00e3o compuls\u00f3ria de trabalhos que n\u00e3o dialoguem com a tem\u00e1tica ou por estrat\u00e9gia de demanda em outros GT, n\u00e3o cabendo recurso a decis\u00e3o que ser\u00e1 informada aos autores.<strong><br>(2) <\/strong>Cada inscrito(a) poder\u00e1 apresentar e publicar at\u00e9 2 (dois) resumos expandidos, relatos de experi\u00eancias ou artigos completos.<\/p>\n<\/div><\/div>\n\n\n\n<p><\/p>\n\n\n\n<div class=\"wp-block-pb-accordion-item c-accordion__item js-accordion-item no-js\" data-initially-open=\"false\" data-click-to-close=\"true\" data-auto-close=\"true\" data-scroll=\"false\" data-scroll-offset=\"0\"><h2 id=\"at-24409\" class=\"c-accordion__title js-accordion-controller\" role=\"button\">Inscri\u00e7\u00e3o de comunicadores<\/h2><div id=\"ac-24409\" class=\"c-accordion__content\">\n<p>O autor principal e os coautores, obrigatoriamente, dever\u00e3o estar todos cadastrados no sistema no momento da submiss\u00e3o do trabalho. O pagamento da inscri\u00e7\u00e3o dos comunicadores dever\u00e1 ser realizado antes do envio da proposta de apresenta\u00e7\u00e3o. O autor principal dever\u00e1 efetivar a sua inscri\u00e7\u00e3o na modalidade \u201cComunicador\u201d e os coautores na modalidade \u201cOuvinte\u201d. Para que o trabalho seja apresentado e publicado, o autor e os coautores dever\u00e3o estar inscritos e com o pagamento da inscri\u00e7\u00e3o regularizado at\u00e9 a data limite.<\/p>\n\n\n\n<p>O pagamento da inscri\u00e7\u00e3o e a submiss\u00e3o da comunica\u00e7\u00e3o, garante a apresenta\u00e7\u00e3o oral nas sess\u00f5es de comunica\u00e7\u00f5es do evento. O aceite de publica\u00e7\u00e3o nos anais, fica condicionada a an\u00e1lise dos coordenadores do GT, com o apoio da Comiss\u00e3o Organizadora.<\/p>\n\n\n\n<p>Os trabalhos dever\u00e3o ser apresentados pelo autor principal ou um dos coautores indicados no sistema. O certificado de apresenta\u00e7\u00e3o oral ser\u00e1 entregue, mediante a inscri\u00e7\u00e3o devidamente efetivada e o comparecimento no dia definido pela comiss\u00e3o organizadora para apresenta\u00e7\u00e3o.<\/p>\n\n\n\n<p class=\"has-text-align-center\"><strong>Inscreva-se agora!<\/strong><\/p>\n\n\n\n\n\n<p>A COMISS\u00c3O ORGANIZADORA CONCEDER\u00c1 DESCONTO DE 50% NAS INSCRI\u00c7\u00d5ES DE ASSOCIADOS DO CLAEC, INSTITUTO CONEX E MEMBROS DA UNIPAMPA.<\/p>\n\n\n\n<p>PARA VALIDA\u00c7\u00c3O DO DESCONTO, O INTERESSADO DEVER\u00c1 REALIZAR A SUA INSCRI\u00c7\u00c3O NA MODALIDADE ADEQUADA, INSERINDO O SEGUINTE C\u00d3DIGO DE DESCONTO: <strong>EHM202<\/strong>4<\/p>\n\n\n\n<p>SER\u00c1 NECESS\u00c1RIO ENVIAR O COMPROVANTE DE VINCULA\u00c7\u00c3O COM AS INSTITUI\u00c7\u00d5ES, CASO N\u00c3O ENVIE, O INSCRITO DEVER\u00c1 EFETUAR O PAGAMENTO TOTAL DO VALOR.<\/p>\n\n\n\n<p>Obs.: A efetiva\u00e7\u00e3o da inscri\u00e7\u00e3o e o pagamento da taxa de comunicador, garantem o direito de envio da comunica\u00e7\u00e3o e apresenta\u00e7\u00e3o no evento. As inscri\u00e7\u00f5es realizadas e efetivadas n\u00e3o s\u00e3o reembols\u00e1veis.<\/p>\n<\/div><\/div>\n\n\n\n<div class=\"wp-block-pb-accordion-item c-accordion__item js-accordion-item no-js\" data-initially-open=\"false\" data-click-to-close=\"true\" data-auto-close=\"true\" data-scroll=\"false\" data-scroll-offset=\"0\"><h2 id=\"at-244010\" class=\"c-accordion__title js-accordion-controller\" role=\"button\">Modalidades de inscri\u00e7\u00e3o<\/h2><div id=\"ac-244010\" class=\"c-accordion__content\">\n<figure class=\"wp-block-table\"><table><tbody><tr><td>MODALIDADE<\/td><td>VALOR<\/td><td>Prazo<\/td><\/tr><tr><td>Ouvinte (Estudante de Gradua\u00e7\u00e3o e Comunidade n\u00e3o Acad\u00eamica)<\/td><td>R$ 30,00<\/td><td>03\/12\/2024<\/td><\/tr><tr><td>Ouvinte (Estudante de P\u00f3s-Gradua\u00e7\u00e3o)<\/td><td>R$ 40,00<\/td><td>03\/12\/2024<\/td><\/tr><tr><td>Ouvinte (P\u00f3s-Graduado(a) e demais)<\/td><td>R$ 50,00<\/td><td>03\/12\/2024<\/td><\/tr><tr><td>Comunicador(a) (Estudante de Gradua\u00e7\u00e3o e Comunidade n\u00e3o Acad\u00eamica)<\/td><td>R$ 60,00<\/td><td>15\/10\/2024<\/td><\/tr><tr><td>Comunicador(a) (Estudante de P\u00f3s-Gradua\u00e7\u00e3o)<\/td><td>R$ 120,00<\/td><td>15\/10\/2024<\/td><\/tr><tr><td>Comunicador(a) (P\u00f3s-Graduado(a) e Demais)<\/td><td>R$: 170,00<\/td><td>15\/10\/2024<\/td><\/tr><tr><td>Associados(as) CLAEC e Membros(as) da UNILA<\/td><td>50% DE DESCONTO NA MODALIDADE ESCOLHIDA<\/td><td>\u2013<\/td><\/tr><\/tbody><\/table><\/figure>\n<\/div><\/div>\n\n\n\n<div class=\"wp-block-pb-accordion-item c-accordion__item js-accordion-item no-js\" data-initially-open=\"false\" data-click-to-close=\"true\" data-auto-close=\"true\" data-scroll=\"false\" data-scroll-offset=\"0\"><h2 id=\"at-244011\" class=\"c-accordion__title js-accordion-controller\" role=\"button\">Regras espec\u00edficas<\/h2><div id=\"ac-244011\" class=\"c-accordion__content\">\n<p>Poder\u00e3o ser submetidos resumos expandidos, relatos de experi\u00eancias e artigos completos em portugu\u00eas e\/ou espanhol:<\/p>\n\n\n\n<ul class=\"wp-block-list\">\n<li>Resumos expandidos (m\u00ednimo de 02 p\u00e1ginas e m\u00e1ximo de 05 p\u00e1ginas);<\/li>\n<\/ul>\n\n\n\n<ul class=\"wp-block-list\">\n<li>Relatos de experi\u00eancias (m\u00ednimo de 02 p\u00e1ginas e m\u00e1ximo de 05 p\u00e1ginas);<\/li>\n<\/ul>\n\n\n\n<ul class=\"wp-block-list\">\n<li>Artigos completos (m\u00ednimo de 08 p\u00e1ginas e m\u00e1ximo de 25 p\u00e1ginas).<\/li>\n<\/ul>\n\n\n\n<p><strong><u>O arquivo do seu trabalho dever\u00e1 ser encaminhado no formato PDF:<\/u><\/strong><strong> submiss\u00f5es que n\u00e3o contenham os arquivos em PDF, utilizando o layout e nas normas do evento, ser\u00e3o arquivadas (N\u00c3O SER\u00c3O PUBLICADOS), sem possibilidade de reembolso das taxas de inscri\u00e7\u00f5es.<\/strong><\/p>\n\n\n\n<p><strong>Caso o arquivo contenha imagens, \u00e9 obrigat\u00f3rio o preenchimento e o envio da autoriza\u00e7\u00e3o de cess\u00e3o de direitos de imagem assinada, como documento complementar, no momento da submiss\u00e3o.<\/strong><\/p>\n\n\n\n<p>Quantidade m\u00e1xima de trabalhos como autor principal:\u00a0 2 (dois), devendo os proponentes observarem quem ir\u00e1 apresent\u00e1-lo, considerando que as apresenta\u00e7\u00f5es poder\u00e3o ocorrer de forma simult\u00e2nea.<\/p>\n\n\n\n<p>Quantidade m\u00e1xima de participantes por trabalho: 4 (quatro) participantes, incluindo autor, coautores e orientador (quando aplic\u00e1vel).<\/p>\n\n\n\n<p>Preenchimento do resumo simples na plataforma de submiss\u00e3o: No preenchimento dos dados na plataforma de submiss\u00e3o \u00e9 solicitada a digita\u00e7\u00e3o (\u00e9 tamb\u00e9m permitida a fun\u00e7\u00e3o de copiar e colar a partir de um arquivo de texto) de um resumo com no m\u00e1ximo 300 palavras, sem refer\u00eancias bibliogr\u00e1ficas, tabelas, gr\u00e1ficos ou destaques de qualquer natureza.<\/p>\n\n\n\n<figure class=\"wp-block-table\"><table><tbody><tr><td>Estrutura m\u00ednima do trabalho<\/td><\/tr><tr><td>T\u00edtulo<\/td><td>Conciso e coherente<\/td><\/tr><tr><td>Resumo simples<\/td><td>At\u00e9 300 palavras<\/td><\/tr><tr><td>Palavras-chave<\/td><td>At\u00e9 5 palavras-chave<\/td><\/tr><tr><td>Introdu\u00e7\u00e3o<\/td><td>Qual \u00e9 o problema estudado, sua relev\u00e2ncia e objetivos<\/td><\/tr><tr><td>Metodolog\u00eda<\/td><td>Como foi realizado o estudo, etapas, materiais e t\u00e9cnicas<\/td><\/tr><tr><td>Resultados<\/td><td>Principais resultados encontrados ou esperados<\/td><\/tr><tr><td>Conclus\u00e3o<\/td><td>Contribui\u00e7\u00e3o e impacto para a \u00e1rea de conhecimento<\/td><\/tr><tr><td>Refer\u00eancias<\/td><td>Principais refer\u00eancias que foram e ser\u00e3o utilizadas<\/td><\/tr><\/tbody><\/table><\/figure>\n<\/div><\/div>\n\n\n\n<div class=\"wp-block-pb-accordion-item c-accordion__item js-accordion-item no-js\" data-initially-open=\"false\" data-click-to-close=\"true\" data-auto-close=\"true\" data-scroll=\"false\" data-scroll-offset=\"0\"><h2 id=\"at-244012\" class=\"c-accordion__title js-accordion-controller\" role=\"button\">Envio das comunica\u00e7\u00f5es<\/h2><div id=\"ac-244012\" class=\"c-accordion__content\">\n<p>Ap\u00f3s efetivar a sua inscri\u00e7\u00e3o e dos coautores, ingressar no seguinte link para encaminhar a sua comunica\u00e7\u00e3o: <a href=\"https:\/\/doity.com.br\/ehm2024\/artigos\" data-type=\"URL\" data-id=\"https:\/\/doity.com.br\/ehm2022\/artigos\" target=\"_blank\" rel=\"noreferrer noopener\">https:\/\/doity.com.br\/ehm2024\/artigos<\/a><\/p>\n<\/div><\/div>\n\n\n\n<div class=\"wp-block-pb-accordion-item c-accordion__item js-accordion-item no-js\" data-initially-open=\"false\" data-click-to-close=\"true\" data-auto-close=\"true\" data-scroll=\"false\" data-scroll-offset=\"0\"><h2 id=\"at-244013\" class=\"c-accordion__title js-accordion-controller\" role=\"button\">Layout das comunica\u00e7\u00f5es<\/h2><div id=\"ac-244013\" class=\"c-accordion__content\">\n<p>Relatos de Experi\u00eancias: <strong><a href=\"https:\/\/drive.google.com\/drive\/folders\/1JGJRgaFz3eaPCzLZKAKz6kG2q-pPEMzN\">ACESSE AQUI!<\/a><\/strong><\/p>\n\n\n\n<p>Resumos Expandidos: <strong><a href=\"https:\/\/drive.google.com\/drive\/folders\/1JGJRgaFz3eaPCzLZKAKz6kG2q-pPEMzN\">ACESSE AQUI!<\/a><\/strong><\/p>\n\n\n\n<p>Artigos Completos: <strong><a href=\"https:\/\/drive.google.com\/drive\/folders\/1JGJRgaFz3eaPCzLZKAKz6kG2q-pPEMzN\">ACESSE AQUI!<\/a><\/strong><\/p>\n\n\n\n<p>Autoriza\u00e7\u00e3o de cess\u00e3o de direitos de imagens: <strong><a href=\"https:\/\/drive.google.com\/drive\/folders\/1JGJRgaFz3eaPCzLZKAKz6kG2q-pPEMzN\">ACESSE AQUI!<\/a><\/strong><\/p>\n<\/div><\/div>\n\n\n\n<div class=\"wp-block-pb-accordion-item c-accordion__item js-accordion-item no-js\" data-initially-open=\"false\" data-click-to-close=\"true\" data-auto-close=\"true\" data-scroll=\"false\" data-scroll-offset=\"0\"><h2 id=\"at-244014\" class=\"c-accordion__title js-accordion-controller\" role=\"button\">Avalia\u00e7\u00e3o<\/h2><div id=\"ac-244014\" class=\"c-accordion__content\">\n<p>A efetiva\u00e7\u00e3o da inscri\u00e7\u00e3o e o pagamento da taxa de comunicador, garantem o direito de envio da comunica\u00e7\u00e3o e apresenta\u00e7\u00e3o no evento.<\/p>\n\n\n\n<p>O aceite para a publica\u00e7\u00e3o nos anais, est\u00e3o condicionados \u00e0 pr\u00e9via aprova\u00e7\u00e3o pelos coordenadores do GT e da Comiss\u00e3o Organizadora.<\/p>\n\n\n\n<p>Cada GT poder\u00e1 selecionar a cada 10 trabalhos, 1 (um) trabalho como destaque e receber\u00e1 certifica\u00e7\u00e3o especial, tamb\u00e9m ter\u00e1 a possibilidade de publica\u00e7\u00e3o em edi\u00e7\u00e3o especial de revista parceira, caso os autores fa\u00e7am o envio do artigo completo corrigido, conforme o cronograma.<\/p>\n\n\n\n<p>Os trabalhos ser\u00e3o avaliados por um pelos coordenadores dos GT, com apoio da Comiss\u00e3o Organizadora, sob os seguintes crit\u00e9rios:<\/p>\n\n\n\n<p>(I) Concord\u00e2ncia com as diretrizes fixadas;<\/p>\n\n\n\n<p>(II) Originalidade e relev\u00e2ncia;<\/p>\n\n\n\n<p>(III) Adequa\u00e7\u00e3o metodol\u00f3gica e\/ou t\u00e9cnica; e<\/p>\n\n\n\n<p>(IV) Adequa\u00e7\u00e3o das refer\u00eancias.<\/p>\n\n\n\n<p>A avalia\u00e7\u00e3o ser\u00e1 efetivada por meio da emiss\u00e3o dos seguintes pareceres:<\/p>\n\n\n\n<p>(I) Recomendado para publica\u00e7\u00e3o.<\/p>\n\n\n\n<p>(II) Recomendado para publica\u00e7\u00e3o ap\u00f3s a efetiva\u00e7\u00e3o das modifica\u00e7\u00f5es sugeridas.<\/p>\n\n\n\n<p>(III) N\u00e3o recomendado para publica\u00e7\u00e3o.<\/p>\n\n\n\n<p>(IV) Solicitar ao(s) autor(a)s que incorpore as recomenda\u00e7\u00f5es, devendo o material ser reapresentado ao avaliador. Fica reservado aos coordenadores dos GT e a Comiss\u00e3o Organizadora, a realoca\u00e7\u00e3o compuls\u00f3ria de trabalhos que n\u00e3o dialoguem com a tem\u00e1tica ou por estrat\u00e9gia de demanda em outros GT, n\u00e3o cabendo recurso a decis\u00e3o que ser\u00e1 informada aos autores.<\/p>\n<\/div><\/div>\n\n\n\n<div class=\"wp-block-pb-accordion-item c-accordion__item js-accordion-item no-js\" data-initially-open=\"false\" data-click-to-close=\"true\" data-auto-close=\"true\" data-scroll=\"false\" data-scroll-offset=\"0\"><h2 id=\"at-244015\" class=\"c-accordion__title js-accordion-controller\" role=\"button\">Publica\u00e7\u00f5es<\/h2><div id=\"ac-244015\" class=\"c-accordion__content\">\n<p>Para celebrar uma d\u00e9cada de realiza\u00e7\u00f5es, a 10\u00aa edi\u00e7\u00e3o do Encontro Human\u00edstico Multidisciplinar apresentar\u00e1 publica\u00e7\u00f5es especiais.<\/p>\n\n\n\n<p>Todos os&nbsp;<strong>resumos expandidos e relatos de experi\u00eancias<\/strong>, que forem recomendados para publica\u00e7\u00e3o, ser\u00e3o inclu\u00eddos no sistema&nbsp;<a href=\"https:\/\/tupa.claec.org\/index.php\/ehm\/\" target=\"_blank\" rel=\"noreferrer noopener\"><strong>Tup\u00e3 de ANAIS do CLAEC<\/strong><\/a>&nbsp;contando com ISSN.<\/p>\n\n\n\n<p>Os\u00a0<strong>artigos completos<\/strong>, tamb\u00e9m recomendados, ser\u00e3o publicados em uma edi\u00e7\u00e3o especial da\u00a0<a href=\"https:\/\/periodicos.claec.org\/index.php\/relacult\/\" target=\"_blank\" rel=\"noreferrer noopener\"><strong>RELACult \u2013 Revista Latino-Americana de Estudos em Cultura e Sociedade<\/strong><\/a>\u00a0(e-ISSN: 2525-7870, Qualis B1 CAPES).<\/p>\n\n\n\n<p>Os\u00a0<strong>artigos completos<\/strong>, selecionados como destaques pela Coordena\u00e7\u00e3o dos GTs, ser\u00e3o publicados em uma edi\u00e7\u00e3o especial da\u00a0<a href=\"https:\/\/revistas.ceeinter.com.br\/revistadeestudosinterdisciplinar\/index\" target=\"_blank\" rel=\"noreferrer noopener\"><strong>Revista de Estudos Interdisciplinares<\/strong><\/a>\u00a0(e-ISSN: 2674-8703, Qualis A3 CAPES).<\/p>\n\n\n\n<p>Al\u00e9m disso, os resumos expandidos, relatos de experi\u00eancias e artigos completos que se destacarem em cada Grupo de Trabalho (GT), al\u00e9m de serem disponibilizados nos anais. Tamb\u00e9m ser\u00e3o reunidos em um\u00a0<strong>e-book exclusivo<\/strong>, que contar\u00e1 com textos dos palestrantes e coordenadores dos GTs, e possuir\u00e3o DOI individualizado.<\/p>\n<\/div><\/div>\n","protected":false},"excerpt":{"rendered":"<p>SUBMISS\u00d5ES DE 20\/07\/2024 AT\u00c9 15\/10\/2024!As sess\u00f5es de comunica\u00e7\u00e3o ocorrer\u00e3o no formato virtual.<\/p>\n","protected":false},"author":1,"featured_media":0,"parent":0,"menu_order":0,"comment_status":"closed","ping_status":"closed","template":"","meta":{"_monsterinsights_skip_tracking":false,"_monsterinsights_sitenote_active":false,"_monsterinsights_sitenote_note":"","_monsterinsights_sitenote_category":0,"footnotes":""},"class_list":["post-2440","page","type-page","status-publish","hentry"],"_links":{"self":[{"href":"https:\/\/claec.org\/ehm\/wp-json\/wp\/v2\/pages\/2440","targetHints":{"allow":["GET"]}}],"collection":[{"href":"https:\/\/claec.org\/ehm\/wp-json\/wp\/v2\/pages"}],"about":[{"href":"https:\/\/claec.org\/ehm\/wp-json\/wp\/v2\/types\/page"}],"author":[{"embeddable":true,"href":"https:\/\/claec.org\/ehm\/wp-json\/wp\/v2\/users\/1"}],"replies":[{"embeddable":true,"href":"https:\/\/claec.org\/ehm\/wp-json\/wp\/v2\/comments?post=2440"}],"version-history":[{"count":8,"href":"https:\/\/claec.org\/ehm\/wp-json\/wp\/v2\/pages\/2440\/revisions"}],"predecessor-version":[{"id":3310,"href":"https:\/\/claec.org\/ehm\/wp-json\/wp\/v2\/pages\/2440\/revisions\/3310"}],"wp:attachment":[{"href":"https:\/\/claec.org\/ehm\/wp-json\/wp\/v2\/media?parent=2440"}],"curies":[{"name":"wp","href":"https:\/\/api.w.org\/{rel}","templated":true}]}}