{"id":2018,"date":"2020-10-02T19:57:22","date_gmt":"2020-10-02T22:57:22","guid":{"rendered":"http:\/\/claec.org\/ehm\/?page_id=2018"},"modified":"2020-11-22T22:33:50","modified_gmt":"2020-11-23T01:33:50","slug":"programacao-6","status":"publish","type":"page","link":"https:\/\/claec.org\/ehm\/programacao-6\/","title":{"rendered":"PROGRAMA\u00c7\u00c3O"},"content":{"rendered":"\t\t<div data-elementor-type=\"wp-post\" data-elementor-id=\"2018\" class=\"elementor elementor-2018\" data-elementor-post-type=\"page\">\n\t\t\t\t\t\t<section class=\"elementor-section elementor-top-section elementor-element elementor-element-e37e194 elementor-section-boxed elementor-section-height-default elementor-section-height-default\" data-id=\"e37e194\" data-element_type=\"section\" data-e-type=\"section\">\n\t\t\t\t\t\t<div class=\"elementor-container elementor-column-gap-default\">\n\t\t\t\t\t<div class=\"elementor-column elementor-col-100 elementor-top-column elementor-element elementor-element-8153ebe\" data-id=\"8153ebe\" data-element_type=\"column\" data-e-type=\"column\">\n\t\t\t<div class=\"elementor-widget-wrap elementor-element-populated\">\n\t\t\t\t\t\t\t<\/div>\n\t\t<\/div>\n\t\t\t\t\t<\/div>\n\t\t<\/section>\n\t\t\t\t<section class=\"elementor-section elementor-top-section elementor-element elementor-element-34e45ba elementor-section-boxed elementor-section-height-default elementor-section-height-default\" data-id=\"34e45ba\" data-element_type=\"section\" data-e-type=\"section\">\n\t\t\t\t\t\t<div class=\"elementor-container elementor-column-gap-default\">\n\t\t\t\t\t<div class=\"elementor-column elementor-col-100 elementor-top-column elementor-element elementor-element-94ae865\" data-id=\"94ae865\" data-element_type=\"column\" data-e-type=\"column\">\n\t\t\t<div class=\"elementor-widget-wrap elementor-element-populated\">\n\t\t\t\t\t\t<div class=\"elementor-element elementor-element-7f3837b elementor-widget elementor-widget-text-editor\" data-id=\"7f3837b\" data-element_type=\"widget\" data-e-type=\"widget\" data-widget_type=\"text-editor.default\">\n\t\t\t\t<div class=\"elementor-widget-container\">\n\t\t\t\t\t\t\t\t\t<p><strong>Inscritos, acessar via \u00e1rea do participante:\u00a0<a href=\"https:\/\/claec.org\/ehm\/participante\/\">https:\/\/claec.org\/ehm<\/a><\/strong><strong><a href=\"https:\/\/claec.org\/ehm\/participante\/\">\/participante\/<\/a><\/strong><\/p>\n<p><strong>N\u00e3o inscritos, clique no t\u00edtulo da atividade e participe.<\/strong><\/p>\n<table width=\"622\">\n<tbody>\n<tr>\n<td colspan=\"2\" width=\"622\"><strong>23\/11 (Segunda-feira)<\/strong><\/td>\n<\/tr>\n<tr>\n<td width=\"111\"><strong>13:30 \u00e0s 13:55<\/strong><\/td>\n<td width=\"511\"><a href=\"https:\/\/youtu.be\/jGBwUIF45_c\">Fala de Abertura da Comiss\u00e3o Organizadora<\/a><\/td>\n<\/tr>\n<tr>\n<td width=\"111\"><b>09:00 \u00e0s 12:30<\/b><\/td>\n<td width=\"511\">Apresenta\u00e7\u00f5es de Trabalhos<\/td>\n<\/tr>\n<tr>\n<td width=\"111\"><strong>19:00 \u00e0s 20:00<\/strong><\/td>\n<td width=\"511\">\n<p><a href=\"https:\/\/youtu.be\/tv4GY-JzlHA\">Confer\u00eancia de Abertura: Democracia, capitalismo y conocimientos:\u00a0Am\u00e9rica Latina y el Caribe en una\u00a0encrucijada\u00a0hist\u00f3rica<\/a><\/p>\n<p>Ministrante: Ren\u00e9 Ramirez Gallego (Universidad Andina Sim\u00f3n Bolivar, Equador)<\/p>\n<\/td>\n<\/tr>\n<tr>\n<td colspan=\"2\" width=\"622\"><strong>24\/11 (Ter\u00e7a-feira)<\/strong><\/td>\n<\/tr>\n<tr>\n<td width=\"111\">09:00 \u00e0s 12:30<\/td>\n<td width=\"511\">Apresenta\u00e7\u00f5es de Trabalhos<\/td>\n<\/tr>\n<tr>\n<td width=\"111\">\u00a0<\/td>\n<td width=\"511\">\u00a0<\/td>\n<\/tr>\n<tr>\n<td colspan=\"2\" width=\"622\"><strong>25\/11 (Quarta-feira)<\/strong><\/td>\n<\/tr>\n<tr>\n<td width=\"111\"><b>09:00 \u00e0s 12:30<\/b><\/td>\n<td width=\"511\">Apresenta\u00e7\u00f5es de Trabalhos<\/td>\n<\/tr>\n<tr>\n<td width=\"111\"><strong>19:00 \u00e0s 20:00<\/strong><\/td>\n<td width=\"511\">\n<p><a href=\"https:\/\/youtu.be\/CvioQbWjYJQ\">Confer\u00eancia: O Estilha\u00e7o Humano: Entre a Circunst\u00e2ncia e a Rasura Est\u00e9tica<\/a><\/p>\n<p>Ministrantes: Dion\u00edsio Bah\u00fale (Universidade Pedag\u00f3gica de Maputo, Mo\u00e7ambique)<\/p>\n<\/td>\n<\/tr>\n<tr>\n<td colspan=\"2\" width=\"622\"><strong>26\/11 (Quinta-feira)<\/strong><\/td>\n<\/tr>\n<tr>\n<td width=\"111\"><strong>09:00 \u00e0s 12:30<\/strong><\/td>\n<td width=\"511\">Apresenta\u00e7\u00f5es de Trabalhos<\/td>\n<\/tr>\n<tr>\n<td width=\"111\">\u00a0<\/td>\n<td width=\"511\">\u00a0<\/td>\n<\/tr>\n<tr>\n<td colspan=\"2\" width=\"622\"><strong>27\/11 (Sexta-feira)<\/strong><\/td>\n<\/tr>\n<tr>\n<td width=\"111\"><b>09:00 \u00e0s 12:30<\/b><\/td>\n<td width=\"511\">Apresenta\u00e7\u00f5es de Trabalhos<\/td>\n<\/tr>\n<tr>\n<td width=\"111\"><strong>18:40 \u00e0s 19:00<\/strong><\/td>\n<td width=\"511\"><a href=\"https:\/\/youtu.be\/NC4a43-I9JU\">Fala de Encerramento da Comiss\u00e3o Organizadora<\/a><\/td>\n<\/tr>\n<tr>\n<td width=\"111\"><strong>19:00 \u00e0s 20:00<\/strong><\/td>\n<td width=\"511\">\n<p><a href=\"https:\/\/youtu.be\/sa7_CZu4ftE\">Confer\u00eancia de Encerramento:\u00a0A Arqueologia P\u00fablica na Am\u00e9rica Latina e seu contexto mundial<\/a><\/p>\n<p>Ministrante: Pedro Paulo A. Funari (Universidade Estadual de Campinas, Brasil)<\/p>\n<\/td>\n<\/tr>\n<\/tbody>\n<\/table>\n<div id=\"njcdgcofcbnlbpkpdhmlmiblaglnkpnj\">\u00a0<\/div>\n<p> <\/p>\t\t\t\t\t\t\t\t<\/div>\n\t\t\t\t<\/div>\n\t\t\t\t\t<\/div>\n\t\t<\/div>\n\t\t\t\t\t<\/div>\n\t\t<\/section>\n\t\t\t\t<\/div>\n\t\t","protected":false},"excerpt":{"rendered":"<p>Inscritos, acessar via \u00e1rea do participante:\u00a0https:\/\/claec.org\/ehm\/participante\/ N\u00e3o inscritos, clique no t\u00edtulo da atividade e participe. 23\/11 (Segunda-feira) 13:30 \u00e0s 13:55 Fala de Abertura da Comiss\u00e3o Organizadora 09:00 \u00e0s 12:30 Apresenta\u00e7\u00f5es de Trabalhos 19:00 \u00e0s 20:00 Confer\u00eancia de Abertura: Democracia, capitalismo y conocimientos:\u00a0Am\u00e9rica Latina y el Caribe en una\u00a0encrucijada\u00a0hist\u00f3rica Ministrante: Ren\u00e9 Ramirez Gallego (Universidad Andina Sim\u00f3n [&hellip;]<\/p>\n","protected":false},"author":1,"featured_media":0,"parent":0,"menu_order":0,"comment_status":"closed","ping_status":"closed","template":"","meta":{"_monsterinsights_skip_tracking":false,"_monsterinsights_sitenote_active":false,"_monsterinsights_sitenote_note":"","_monsterinsights_sitenote_category":0,"footnotes":""},"class_list":["post-2018","page","type-page","status-publish","hentry"],"_links":{"self":[{"href":"https:\/\/claec.org\/ehm\/wp-json\/wp\/v2\/pages\/2018","targetHints":{"allow":["GET"]}}],"collection":[{"href":"https:\/\/claec.org\/ehm\/wp-json\/wp\/v2\/pages"}],"about":[{"href":"https:\/\/claec.org\/ehm\/wp-json\/wp\/v2\/types\/page"}],"author":[{"embeddable":true,"href":"https:\/\/claec.org\/ehm\/wp-json\/wp\/v2\/users\/1"}],"replies":[{"embeddable":true,"href":"https:\/\/claec.org\/ehm\/wp-json\/wp\/v2\/comments?post=2018"}],"version-history":[{"count":7,"href":"https:\/\/claec.org\/ehm\/wp-json\/wp\/v2\/pages\/2018\/revisions"}],"predecessor-version":[{"id":2090,"href":"https:\/\/claec.org\/ehm\/wp-json\/wp\/v2\/pages\/2018\/revisions\/2090"}],"wp:attachment":[{"href":"https:\/\/claec.org\/ehm\/wp-json\/wp\/v2\/media?parent=2018"}],"curies":[{"name":"wp","href":"https:\/\/api.w.org\/{rel}","templated":true}]}}