{"id":1956,"date":"2020-08-29T01:59:30","date_gmt":"2020-08-29T04:59:30","guid":{"rendered":"http:\/\/claec.org\/ehm\/?page_id=1956"},"modified":"2021-11-19T17:44:07","modified_gmt":"2021-11-19T20:44:07","slug":"comunicadores-3","status":"publish","type":"page","link":"https:\/\/claec.org\/ehm\/comunicadores-3\/","title":{"rendered":"Comunicadores"},"content":{"rendered":"\t\t<div data-elementor-type=\"wp-post\" data-elementor-id=\"1956\" class=\"elementor elementor-1956\" data-elementor-post-type=\"page\">\n\t\t\t\t\t\t<section class=\"elementor-section elementor-top-section elementor-element elementor-element-891c455 elementor-section-boxed elementor-section-height-default elementor-section-height-default\" data-id=\"891c455\" data-element_type=\"section\" data-e-type=\"section\">\n\t\t\t\t\t\t<div class=\"elementor-container elementor-column-gap-default\">\n\t\t\t\t\t<div class=\"elementor-column elementor-col-100 elementor-top-column elementor-element elementor-element-2718c5c\" data-id=\"2718c5c\" data-element_type=\"column\" data-e-type=\"column\">\n\t\t\t<div class=\"elementor-widget-wrap elementor-element-populated\">\n\t\t\t\t\t\t<div class=\"elementor-element elementor-element-8dfb824 elementor-widget elementor-widget-text-editor\" data-id=\"8dfb824\" data-element_type=\"widget\" data-e-type=\"widget\" data-widget_type=\"text-editor.default\">\n\t\t\t\t<div class=\"elementor-widget-container\">\n\t\t\t\t\t\t\t\t\t<p style=\"font-weight: 400;\">As inscri\u00e7\u00f5es do VII EHM e VI CLAEHM ficar\u00e3o abertas de 05\/10 at\u00e9 \u00e0s 23:59 horas do dia 20\/11. Para se inscrever basta acessar o formul\u00e1rio de inscri\u00e7\u00e3o de comunicadores&nbsp; e seguir as orienta\u00e7\u00f5es. Teremos duas categorias de submiss\u00e3o de trabalho sendo elas: submiss\u00e3o do Resumo Expandido ou Relato de Experi\u00eancia (Deve-se utilizar o layout indicado). Ap\u00f3s a inscri\u00e7\u00e3o deve ser realizado o pagamento da taxa de inscri\u00e7\u00e3o (autores e coautores devem realizar o pagamento da inscri\u00e7\u00e3o), envie o comprovante atrav\u00e9s do formul\u00e1rio.<\/p>\n<p><a href=\"https:\/\/docs.google.com\/forms\/d\/1eRCoIyBqAy3cnwoVo5sljdKY-jtZtOKySuf6LxYK5-U\/edit?usp=sharing\"><span style=\"text-decoration: underline;\"><strong>ENVIE O COMPROVANTE DE PAGAMENTO AQUI!&nbsp;<\/strong><\/span><\/a><\/p>\n<p style=\"font-weight: 400;\"><span style=\"text-decoration: underline;\"><a href=\"https:\/\/drive.google.com\/drive\/folders\/1JGJRgaFz3eaPCzLZKAKz6kG2q-pPEMzN?usp=sharing\"><strong>ACESSE OS LAYOUTS PARA AS COMUNICA\u00c7\u00d5ES AQUI!<\/strong><\/a><\/span><\/p>\n<p><a href=\"https:\/\/docs.google.com\/forms\/d\/126_KHEBst3Y1JwY7Fm_8U4OVamglRMgacX49m0b1AXw\/viewform?edit_requested=true\"><strong><span style=\"text-decoration: underline;\">REALIZE SUA INSCRI\u00c7\u00c3O PARA COMUNICADOR AQUI!<\/span><\/strong><\/a><\/p>\n<p style=\"font-weight: 400;\">A submiss\u00e3o do&nbsp;<a href=\"https:\/\/drive.google.com\/drive\/folders\/1ghjYWAtCNu2p2ODbvES-vcAvy6WI3xj5?usp=sharing\"><strong>ARTIGO COMPLETO<\/strong><\/a> abrir\u00e1 no dia 20 de dezembro de 2021 via sistema.<\/p>\n<p><span style=\"font-weight: 400;\">O Artigo completo ser\u00e1 publicado com o devido ISSN, do sistema de eventos do CLAEC, em formato de ANAIS. Os RELATOS DE EXPERI\u00caNCIA e RESUMOS EXPANDIDOS tamb\u00e9m, ser\u00e3o publicados em ANAIS. Ser\u00e1 necess\u00e1rio a submiss\u00e3o via sistema, que abrir\u00e1 a partir do dia 20 de dezembro.<\/span><\/p>\n<p><span style=\"font-weight: 400;\">Em cada sess\u00e3o de apresenta\u00e7\u00e3o em GT ser\u00e1 selecionado um <\/span><b>TRABALHO DESTAQUE&nbsp; <\/b>que poder\u00e1 enviar o Artigo completo para a Revista Relacult.<\/p>\n<p>Cada autor pode participar de at\u00e9 01 (um ) trabalho como autor e 01 (um) trabalho como coautor, cada trabalho pode conter at\u00e9 04 (quatro) autores. As apresenta\u00e7\u00f5es das comunica\u00e7\u00f5es ser\u00e3o por meio do Google Meet entre os dias 13 a 17 de dezembro de 2021.<\/p>\n<p>E-mail do evento: <strong>contato.ehm@claec.org<\/strong><\/p>\t\t\t\t\t\t\t\t<\/div>\n\t\t\t\t<\/div>\n\t\t\t\t\t<\/div>\n\t\t<\/div>\n\t\t\t\t\t<\/div>\n\t\t<\/section>\n\t\t\t\t<\/div>\n\t\t","protected":false},"excerpt":{"rendered":"<p>As inscri\u00e7\u00f5es do VII EHM e VI CLAEHM ficar\u00e3o abertas de 05\/10 at\u00e9 \u00e0s 23:59 horas do dia 20\/11. Para se inscrever basta acessar o formul\u00e1rio de inscri\u00e7\u00e3o de comunicadores&nbsp; e seguir as orienta\u00e7\u00f5es. Teremos duas categorias de submiss\u00e3o de trabalho sendo elas: submiss\u00e3o do Resumo Expandido ou Relato de Experi\u00eancia (Deve-se utilizar o layout [&hellip;]<\/p>\n","protected":false},"author":1,"featured_media":0,"parent":0,"menu_order":0,"comment_status":"closed","ping_status":"closed","template":"","meta":{"_monsterinsights_skip_tracking":false,"_monsterinsights_sitenote_active":false,"_monsterinsights_sitenote_note":"","_monsterinsights_sitenote_category":0,"footnotes":""},"class_list":["post-1956","page","type-page","status-publish","hentry"],"_links":{"self":[{"href":"https:\/\/claec.org\/ehm\/wp-json\/wp\/v2\/pages\/1956","targetHints":{"allow":["GET"]}}],"collection":[{"href":"https:\/\/claec.org\/ehm\/wp-json\/wp\/v2\/pages"}],"about":[{"href":"https:\/\/claec.org\/ehm\/wp-json\/wp\/v2\/types\/page"}],"author":[{"embeddable":true,"href":"https:\/\/claec.org\/ehm\/wp-json\/wp\/v2\/users\/1"}],"replies":[{"embeddable":true,"href":"https:\/\/claec.org\/ehm\/wp-json\/wp\/v2\/comments?post=1956"}],"version-history":[{"count":65,"href":"https:\/\/claec.org\/ehm\/wp-json\/wp\/v2\/pages\/1956\/revisions"}],"predecessor-version":[{"id":2270,"href":"https:\/\/claec.org\/ehm\/wp-json\/wp\/v2\/pages\/1956\/revisions\/2270"}],"wp:attachment":[{"href":"https:\/\/claec.org\/ehm\/wp-json\/wp\/v2\/media?parent=1956"}],"curies":[{"name":"wp","href":"https:\/\/api.w.org\/{rel}","templated":true}]}}