{"id":1867,"date":"2020-08-28T20:45:15","date_gmt":"2020-08-28T23:45:15","guid":{"rendered":"http:\/\/claec.org\/ehm\/?page_id=1867"},"modified":"2024-06-17T19:01:43","modified_gmt":"2024-06-17T22:01:43","slug":"apresentacao-4","status":"publish","type":"page","link":"https:\/\/claec.org\/ehm\/apresentacao-4\/","title":{"rendered":"Apresenta\u00e7\u00e3o BKP layout"},"content":{"rendered":"\t\t<div data-elementor-type=\"wp-post\" data-elementor-id=\"1867\" class=\"elementor elementor-1867\" data-elementor-post-type=\"page\">\n\t\t\t\t\t\t<section class=\"elementor-section elementor-top-section elementor-element elementor-element-2116564 elementor-section-boxed elementor-section-height-default elementor-section-height-default\" data-id=\"2116564\" data-element_type=\"section\" data-e-type=\"section\">\n\t\t\t\t\t\t<div class=\"elementor-container elementor-column-gap-default\">\n\t\t\t\t\t<div class=\"elementor-column elementor-col-100 elementor-top-column elementor-element elementor-element-50f7721\" data-id=\"50f7721\" data-element_type=\"column\" data-e-type=\"column\">\n\t\t\t<div class=\"elementor-widget-wrap elementor-element-populated\">\n\t\t\t\t\t\t<div class=\"elementor-element elementor-element-31b90e8 elementor-widget elementor-widget-text-editor\" data-id=\"31b90e8\" data-element_type=\"widget\" data-e-type=\"widget\" data-widget_type=\"text-editor.default\">\n\t\t\t\t<div class=\"elementor-widget-container\">\n\t\t\t\t\t\t\t\t\t<p style=\"text-align: justify;\"><span style=\"background-color: var(--color-content); font-size: var(--font-size-body);\">O&nbsp;<\/span><b style=\"background-color: var(--color-content); font-size: var(--font-size-body);\">Encontro Human\u00edstico Multidisciplinar<\/b><span style=\"background-color: var(--color-content); font-size: var(--font-size-body);\">&nbsp;e o&nbsp;<\/span><b style=\"background-color: var(--color-content); font-size: var(--font-size-body);\">Congresso Latino-Americano De Estudos Human\u00edsticos Multidisciplinares<\/b><span style=\"background-color: var(--color-content); font-size: var(--font-size-body);\">&nbsp;fazem parte de uma s\u00e9rie de atividades pensadas pelo Instituto Conex\u00e3o Sociocultural (CONEX) e pelo Centro Latino-Americano de Estudos em Cultura (CLAEC) e&nbsp;com apoio da Universidade Federal do Pampa \u2013 UNIPAMPA campus Jaguar\u00e3o.<\/span><\/p>\n<p style=\"text-align: justify;\"><span lang=\"PT-BR\">O prop\u00f3sito do evento \u00e9 de agregar, incluir toda e qualquer forma de contribui\u00e7\u00e3o cientifica e acad\u00eamica no \u00e2mbito das ci\u00eancias humanas, mais precisamente no campo multidisciplinar, pretendendo ampliar a an\u00e1lise de cada elemento individual e buscar o parecer especifico de sua particularidade. Na multidisciplinaridade (ou pluridisciplinaridade) v\u00e1rias disciplinas analisam um objeto, sem que haja liga\u00e7\u00f5es necess\u00e1rias entre essas abordagens disciplinares. O que acontece \u00e9 sua aplica\u00e7\u00e3o em compara\u00e7\u00e3o a diferentes maneiras de abordar um tema, que s\u00e3o orientadas com vista ao conhecimento geral de uma determinada mat\u00e9ria.<\/span><\/p>\n<p style=\"text-align: justify;\"><span lang=\"PT-BR\">Assim, definimos o tema guia desta edi\u00e7\u00e3o:&nbsp;<\/span><\/p>\n<p style=\"text-align: justify;\"><span lang=\"PT-BR\"><i>Educa\u00e7\u00e3o: tecendo redes de resist\u00eancia<\/i><\/span><\/p>\n<p style=\"text-align: justify;\"><span lang=\"PT-BR\">Como pesquisadores, temos de refletir sobre nossos objetos, executar recortes e tra\u00e7ar objetivos, estabelecer caminhos te\u00f3ricos e metodol\u00f3gicos, mas tamb\u00e9m temos de pensar em como inserir nossa pesquisa socialmente, como pens\u00e1-la para al\u00e9m dos muros universit\u00e1rios. Em um momento onde a pesquisa, especialmente as Humanas, vem sofrendo questionamentos de todas as naturezas, tamb\u00e9m \u00e9 uma oportunidade de questionarmos a n\u00f3s mesmo, nosso papel e nosso trabalho. Portanto, esta edi\u00e7\u00e3o \u00e9 um espa\u00e7o de exposi\u00e7\u00e3o, discuss\u00e3o e aprofundamento de nossos estudos, mas tamb\u00e9m um local para pensarmos nos caminhos, nos desafios e nas estrat\u00e9gias de sermos pesquisadores do campo das humanas em um per\u00edodo em que a educa\u00e7\u00e3o est\u00e1 sofrendo diversas&nbsp; rupturas, em um processo de constante desvaloriza\u00e7\u00e3o.<\/span><\/p>\n<p style=\"text-align: justify;\"><span lang=\"PT-BR\">Em 2022 estamos realizando nossa oitava edi\u00e7\u00e3o do EHM e set\u00edma edi\u00e7\u00e3o do CLAEHM, e nossa terceira edi\u00e7\u00e3o virtual, que nos preenche de satisfa\u00e7\u00e3o, pois podemos verificar a continuidade e a manuten\u00e7\u00e3o de um projeto que perdura, mesmo diante das mais variadas dificuldades.<\/span><\/p>\n<p style=\"text-align: justify;\"><span lang=\"PT-BR\">Assim, continuamos fi\u00e9is aos pilares fundamentais que deram origem ao evento, consolidamos esta edi\u00e7\u00e3o: <\/span><\/p>\n<p style=\"text-align: justify;\"><span lang=\"PT-BR\">I) Desenvolver e dar continuidade a produ\u00e7\u00e3o cientifica e cultural, incentivando a inova\u00e7\u00e3o e gera\u00e7\u00e3o de conhecimentos, experi\u00eancias e saberes no \u00e2mbito continental do nosso pa\u00eds.<\/span><\/p>\n<p style=\"text-align: justify;\"><span lang=\"PT-BR\">II) Promover a diversidade cultural e a integra\u00e7\u00e3o do conhecimento na Am\u00e9rica Latina pensando na melhoria de qualidade da produ\u00e7\u00e3o cientifica e tecnol\u00f3gica no \u00e2mbito da discuss\u00e3o acad\u00eamica por meio de perspectivas e olhares diversos sobre a mesma \u00e1rea de conhecimento. <\/span><\/p>\n<p style=\"text-align: justify;\"><span lang=\"PT-BR\">III) Agregar professores, estudantes, pesquisadores e interessados do ensino superior tanto do Brasil como da Am\u00e9rica Latina.<\/span><\/p>\n<p style=\"text-align: justify;\"><span style=\"background-color: var(--color-content); font-size: var(--font-size-body);\">S\u00f3 temos, em nome de toda a equipe EHM e do Instituto Conex\u00e3o Sociocultural e do Centro latino-Americano de Estudos em Cultura, a agradecer por todos que nos auxiliaram a construir essa hist\u00f3ria. Agradecemos profundamente aos professores que compuseram no decorrer dos anos nosso comit\u00ea cient\u00edfico de cada edi\u00e7\u00e3o, sempre fomentando o aprofundamento e a qualidade das pesquisas. Agradecemos a UNIPAMPA que possibilitou a execu\u00e7\u00e3o do projeto, assim como a todos os funcion\u00e1rios da Universidade, que junto da nossa equipe executou o projeto. Por fim, agradecemos a todos os comunicadores e ouvintes que dignificaram o evento ao longo do tempo, e para os quais pensamos estas edi\u00e7\u00f5es e pelos quais continuamos o projeto, mesmo que seja a dist\u00e2ncia como exige o tempo que estamos vivenciando.<\/span><\/p>\n<p><\/p>\t\t\t\t\t\t\t\t<\/div>\n\t\t\t\t<\/div>\n\t\t\t\t\t<\/div>\n\t\t<\/div>\n\t\t\t\t\t<\/div>\n\t\t<\/section>\n\t\t\t\t<\/div>\n\t\t","protected":false},"excerpt":{"rendered":"<p>O&nbsp;Encontro Human\u00edstico Multidisciplinar&nbsp;e o&nbsp;Congresso Latino-Americano De Estudos Human\u00edsticos Multidisciplinares&nbsp;fazem parte de uma s\u00e9rie de atividades pensadas pelo Instituto Conex\u00e3o Sociocultural (CONEX) e pelo Centro Latino-Americano de Estudos em Cultura (CLAEC) e&nbsp;com apoio da Universidade Federal do Pampa \u2013 UNIPAMPA campus Jaguar\u00e3o. O prop\u00f3sito do evento \u00e9 de agregar, incluir toda e qualquer forma de contribui\u00e7\u00e3o [&hellip;]<\/p>\n","protected":false},"author":1,"featured_media":0,"parent":0,"menu_order":0,"comment_status":"closed","ping_status":"closed","template":"","meta":{"_monsterinsights_skip_tracking":false,"_monsterinsights_sitenote_active":false,"_monsterinsights_sitenote_note":"","_monsterinsights_sitenote_category":0,"footnotes":""},"class_list":["post-1867","page","type-page","status-publish","hentry"],"_links":{"self":[{"href":"https:\/\/claec.org\/ehm\/wp-json\/wp\/v2\/pages\/1867","targetHints":{"allow":["GET"]}}],"collection":[{"href":"https:\/\/claec.org\/ehm\/wp-json\/wp\/v2\/pages"}],"about":[{"href":"https:\/\/claec.org\/ehm\/wp-json\/wp\/v2\/types\/page"}],"author":[{"embeddable":true,"href":"https:\/\/claec.org\/ehm\/wp-json\/wp\/v2\/users\/1"}],"replies":[{"embeddable":true,"href":"https:\/\/claec.org\/ehm\/wp-json\/wp\/v2\/comments?post=1867"}],"version-history":[{"count":9,"href":"https:\/\/claec.org\/ehm\/wp-json\/wp\/v2\/pages\/1867\/revisions"}],"predecessor-version":[{"id":3105,"href":"https:\/\/claec.org\/ehm\/wp-json\/wp\/v2\/pages\/1867\/revisions\/3105"}],"wp:attachment":[{"href":"https:\/\/claec.org\/ehm\/wp-json\/wp\/v2\/media?parent=1867"}],"curies":[{"name":"wp","href":"https:\/\/api.w.org\/{rel}","templated":true}]}}