{"id":1789,"date":"2019-12-05T13:32:17","date_gmt":"2019-12-05T15:32:17","guid":{"rendered":"http:\/\/claec.org\/ehm\/?page_id=1789"},"modified":"2019-12-05T14:46:27","modified_gmt":"2019-12-05T16:46:27","slug":"normas-revista-destaques","status":"publish","type":"page","link":"https:\/\/claec.org\/ehm\/normas-revista-destaques\/","title":{"rendered":"Normas Destaques"},"content":{"rendered":"\t\t<div data-elementor-type=\"wp-post\" data-elementor-id=\"1789\" class=\"elementor elementor-1789\" data-elementor-post-type=\"page\">\n\t\t\t\t\t\t<section class=\"elementor-section elementor-top-section elementor-element elementor-element-c1922cb elementor-section-boxed elementor-section-height-default elementor-section-height-default\" data-id=\"c1922cb\" data-element_type=\"section\" data-e-type=\"section\">\n\t\t\t\t\t\t<div class=\"elementor-container elementor-column-gap-default\">\n\t\t\t\t\t<div class=\"elementor-column elementor-col-100 elementor-top-column elementor-element elementor-element-5eec3f8\" data-id=\"5eec3f8\" data-element_type=\"column\" data-e-type=\"column\">\n\t\t\t<div class=\"elementor-widget-wrap elementor-element-populated\">\n\t\t\t\t\t\t<div class=\"elementor-element elementor-element-2af0436 elementor-widget elementor-widget-text-editor\" data-id=\"2af0436\" data-element_type=\"widget\" data-e-type=\"widget\" data-widget_type=\"text-editor.default\">\n\t\t\t\t<div class=\"elementor-widget-container\">\n\t\t\t\t\t\t\t\t\t<h4><strong>AS NORMAS SE APLICAM APENAS AOS AUTORES COM O TRABALHO SELECIONADO COMO DESTAQUE DE SUA SESS\u00c3O EM SIMP\u00d3SIO TEM\u00c1TICO. DEMAIS AUTORES DEVER\u00c3O SEGUIR AS NORMAS DO DOSSI\u00ca COM ISBN, DISPON\u00cdVEL EM: <\/strong><\/h4><h4><strong><a href=\"https:\/\/claec.org\/ehm\/normas-de-submissao-2\/?fbclid=IwAR2gevJTjlHAWWhvC5egrakKcnu9TrSFcup5yVUORHtv3r0Bugt7qhbsaHY\" target=\"_blank\" rel=\"nofollow noopener\" data-lynx-mode=\"hover\" data-lynx-uri=\"https:\/\/l.facebook.com\/l.php?u=https%3A%2F%2Fclaec.org%2Fehm%2Fnormas-de-submissao-2%2F%3Ffbclid%3DIwAR2gevJTjlHAWWhvC5egrakKcnu9TrSFcup5yVUORHtv3r0Bugt7qhbsaHY&amp;h=AT1Mo4TLqmATZqT_spHEey-dp63-KWMF5cjRDlCs-Lw10kulPIlWM5rjBN81pCBYHhgRSLYMmLE-vqF88yLMSyumVpjXGFr9JGKi8vMyw2QBUBQHiCqcpIhuh3PeqStmLPEL\">https:\/\/claec.org\/ehm\/normas-de-submissao-2\/<\/a><\/strong><\/h4><h3>Para os destaques:<\/h3><h3 style=\"font-family: Ubuntu, 'Helvetica Neue', Helvetica, Arial, sans-serif;\">ACESSE O LAYOUT DE ARTIGOS PARA O V EHM abaixo:<\/h3><h2><span style=\"text-decoration: underline;\"><strong><a href=\"https:\/\/claec.org\/ehm\/wp-content\/uploads\/sites\/2\/2019\/12\/Layout-Artigos-1.doc\">Layout Artigos<\/a><\/strong><\/span><\/h2><p>A\u00a0<strong>RELACult<\/strong>\u00a0\u00e9 um ve\u00edculo de divulga\u00e7\u00e3o cient\u00edfica de periodicidade quadrimestral voltado para a publica\u00e7\u00e3o de artigos in\u00e9ditos, resenhas, tradu\u00e7\u00f5es entre outros documentos. Todos os textos apresentados ser\u00e3o submetidos com identifica\u00e7\u00e3o.<\/p><p><em><strong>A revista n\u00e3o cobra nenhuma taxa ou encargo dos autores para a submiss\u00e3o de textos.<\/strong><\/em><\/p><p><strong>Os trabalhos dever\u00e3o ser encaminhados unicamente pelo sistema eletr\u00f4nico de submiss\u00f5es da revista.<\/strong><\/p><p>O original dever\u00e1 ser encaminhado digitado em Word, fonte Times New Roman 12, espa\u00e7o 1,5, formato A4. Os artigos e documentos ter\u00e3o a dimens\u00e3o m\u00ednima de 08 laudas e a m\u00e1xima de 25 laudas, inclu\u00eddas bibliografia e notas. J\u00e1 as resenhas ter\u00e3o a dimens\u00e3o m\u00ednima de 2 laudas e a m\u00e1xima de 6 laudas. Os trabalhos poder\u00e3o ser redigidos em portugu\u00eas, ingl\u00eas ou espanhol.<\/p><p>Express\u00f5es em l\u00edngua estrangeira, t\u00edtulos de obras e passagens do texto que o autor deseje destacar devem ser digitados em it\u00e1lico, evitando-se assim o uso do negrito.\u00a0<\/p><p>Os autores dever\u00e3o utilizar o\u00a0<strong>layout de submiss\u00e3o (Fazer download do documento)<\/strong>\u00a0disponibilizado, no formato Microsoft Office Word\u00a0(.doc). O modelo traz todas as informa\u00e7\u00f5es de formata\u00e7\u00e3o do artigo, como estrutura, disposi\u00e7\u00e3o do texto, refer\u00eancias bibliogr\u00e1ficas, etc.<\/p><div id=\"authorGuidelines\"><p><strong>Por favor, certifique-se de ter inclu\u00eddo (Nome Completo; Maior Titula\u00e7\u00e3o; Afilia\u00e7\u00e3o; cidade, estado e pa\u00eds; e e-mail de contato)\u00a0de todos os autores no sistema de submiss\u00e3o e no artigo.<\/strong><\/p><p><strong>O autor principal que n\u00e3o tiver titula\u00e7\u00e3o m\u00ednima de bacharel, tecn\u00f3logo ou licenciado, deve obrigatoriamente ter um coautor com a referida titula\u00e7\u00e3o.<\/strong><\/p><p><strong>Os textos escritos em l\u00edngua portuguesa devem possuir tamb\u00e9m\u00a0<em>o t\u00edtulo, o resumo e as palavras-chave traduzidos para a l\u00edngua inglesa e espanhola\u00a0<\/em>e os escritos em l\u00edngua inglesa ou espanhola devem ter os itens citados traduzidos para o portugu\u00eas e para a terceira l\u00edngua faltante.<\/strong><\/p><p><strong>O t\u00edtulo, subt\u00edtulo e palavras chaves est\u00e3o totalmente em min\u00fasculo e\/ou Cada Palavra Com a Primeira Letra em Mai\u00fascula (Caixa Alta).\u00a0<\/strong><strong>N\u00e3o ser\u00e3o admitidos textos que contenham de forma integral t\u00edtulos, subt\u00edtulos e palavras chaves em mai\u00fasculo (Caixa alta). N\u00e3o se aplica a siglas.<\/strong><\/p><div class=\"separator\">\u00a0<\/div><\/div><div id=\"submissionPreparationChecklist\"><h3>Condi\u00e7\u00f5es para submiss\u00e3o<\/h3><p>Como parte do processo de submiss\u00e3o, os autores s\u00e3o obrigados a verificar a conformidade da submiss\u00e3o em rela\u00e7\u00e3o a todos os itens listados a seguir. As submiss\u00f5es que n\u00e3o estiverem de acordo com as normas ser\u00e3o devolvidas aos autores.<\/p><ol><li><p><strong>A contribui\u00e7\u00e3o \u00e9 original e in\u00e9dita, e n\u00e3o est\u00e1 sendo avaliada para publica\u00e7\u00e3o por outra revista; caso contr\u00e1rio, deve-se justificar em &#8220;Coment\u00e1rios ao editor&#8221;.<\/strong><\/p><p><strong>O arquivo avaliado e aprovado n\u00e3o ser\u00e1 exclu\u00eddo do cronograma de publica\u00e7\u00e3o por conta de envio a mais de um peri\u00f3dico.<\/strong><\/p><\/li><li><strong>O arquivo utiliza o modelo disponibilizado\u00a0(fazer download)\u00a0e est\u00e1 em formato Microsoft Word .doc ou .docx.<\/strong><\/li><li><strong>URLs para as refer\u00eancias foram informadas quando poss\u00edvel.<\/strong><\/li><li><strong>O texto est\u00e1 em espa\u00e7o 1,5 para Artigos e espa\u00e7amento simples para Resenhas; usa uma fonte de 12-pontos Times New Roman; emprega it\u00e1lico em vez de sublinhado ou negrito (exceto em endere\u00e7os URL); as figuras e tabelas est\u00e3o inseridas no texto, n\u00e3o no final do documento na forma de anexos.<\/strong><\/li><li><p><strong>O texto segue os padr\u00f5es de estilo e requisitos bibliogr\u00e1ficos descritos em\u00a0<a href=\"http:\/\/periodicos.claec.org\/index.php\/cc\/about\/submissions#authorGuidelines\">Diretrizes para Autores<\/a>, na p\u00e1gina Sobre a Revista.<\/strong><\/p><\/li><li><address><span style=\"text-decoration: underline;\"><em><strong>Em caso de submiss\u00e3o para edi\u00e7\u00e3o especial de eventos, \u00e9 permitido o envio do artigo com a devida identifica\u00e7\u00e3o dos autores.<\/strong><\/em><\/span><\/address><\/li><li><span style=\"text-decoration: underline;\"><em>Os autores devem se inscrever na se\u00e7\u00e3o V-ENCONTRO HUMAN\u00cdSTICO MULTIDISCIPLINAR, dispon\u00edvel no sistema no ato da submiss\u00e3o do artigo.<img fetchpriority=\"high\" decoding=\"async\" class=\"alignnone size-medium wp-image-1817\" src=\"https:\/\/claec.org\/ehm\/wp-content\/uploads\/sites\/2\/2019\/12\/image-2-632x484.png\" alt=\"\" width=\"632\" height=\"484\" srcset=\"https:\/\/claec.org\/ehm\/wp-content\/uploads\/sites\/2\/2019\/12\/image-2-632x484.png 632w, https:\/\/claec.org\/ehm\/wp-content\/uploads\/sites\/2\/2019\/12\/image-2-768x588.png 768w, https:\/\/claec.org\/ehm\/wp-content\/uploads\/sites\/2\/2019\/12\/image-2.png 907w\" sizes=\"(max-width: 632px) 100vw, 632px\" \/><\/em><\/span><\/li><li><strong>Os textos escritos em l\u00edngua portuguesa possuem tamb\u00e9m\u00a0<em>o t\u00edtulo, o resumo e as palavras-chave traduzidos para a l\u00edngua inglesa e espanhola\u00a0<\/em>e os escritos em l\u00edngua inglesa ou espanhola possuem os itens citados traduzidos para o portugu\u00eas e para a terceira l\u00edngua faltante.<\/strong><\/li><li><p><strong>Foi inclu\u00eddo: (Nome Completo; Maior Titula\u00e7\u00e3o; Afilia\u00e7\u00e3o; cidade, estado e pa\u00eds; e e-mail de contato)\u00a0de todos os autores no sistema de submiss\u00e3o.<\/strong><\/p><p><strong>Todos os autores\/coautores devem ser cadastrados na etapa 3 &#8220;Inclus\u00e3o de Metadados&#8221; na op\u00e7\u00e3o &#8220;Incluir Autor&#8221;.<\/strong><\/p><\/li><li><strong>O autor principal possu\u00ed titula\u00e7\u00e3o m\u00ednima de bacharel, tecn\u00f3logo ou licenciado, ou indicou obrigatoriamente um coautor com a referida titula\u00e7\u00e3o.<\/strong><\/li><li><p><strong>O t\u00edtulo, subt\u00edtulo e palavras chaves est\u00e3o totalmente em min\u00fasculo ou Cada Palavra Com a Primeira Letra em Mai\u00fascula (Caixa Alta).\u00a0<\/strong><strong>N\u00e3o ser\u00e3o admitidos textos que contenham de forma integral t\u00edtulos, subt\u00edtulos e palavras chaves em mai\u00fasculo (Caixa alta).<\/strong><\/p><p><strong>N\u00e3o se aplica a siglas.<\/strong><\/p><\/li><li><strong>Estou ciente que o n\u00e3o cumprimento integral das condi\u00e7\u00f5es aqui expostas acarretara no arquivamento imediato do texto submetido.<\/strong><\/li><\/ol><div class=\"separator\">\u00a0<\/div><\/div><div id=\"copyrightNotice\"><h3>Declara\u00e7\u00e3o de Direito Autoral<\/h3><p>Autores que publicam nesta revista concordam com os seguintes termos:<\/p><p>a) Os autores mant\u00eam os direitos autorais e concedem \u00e0 revista o direito de primeira publica\u00e7\u00e3o, com o trabalho simultaneamente licenciado sob a Creative Commons Attribution License BY-NC (http:\/\/creativecommons.org\/licenses\/by-nc\/4.0) que permite\u00a0o compartilhamento do trabalho com reconhecimento da sua autoria\u00a0e publica\u00e7\u00e3o inicial nesta revista.<\/p><p>b) Esta revista proporciona acesso p\u00fablico a\u00a0todo o seu conte\u00fado, uma vez que isso permite uma maior visibilidade e alcance dos trabalhos publicados.\u00a0Para maiores informa\u00e7\u00f5es sobre esta abordagem, visite\u00a0<strong>Public Knowledge Project<\/strong>, projeto que desenvolveu este sistema para melhorar a qualidade acad\u00eamica e p\u00fablica da pesquisa, distribuindo o OJS assim como outros softwares de apoio ao sistema de publica\u00e7\u00e3o de acesso p\u00fablico a fontes acad\u00eamicas. Os nomes e endere\u00e7os de e-mail neste site ser\u00e3o usados exclusivamente para os prop\u00f3sitos da revista, n\u00e3o estando dispon\u00edveis para outros fins.<\/p><div class=\"separator\">\u00a0<\/div><\/div><div id=\"privacyStatement\"><h3>Pol\u00edtica de Privacidade<\/h3><p>Os nomes e endere\u00e7os informados nesta revista ser\u00e3o usados exclusivamente para os servi\u00e7os prestados por esta publica\u00e7\u00e3o, n\u00e3o sendo disponibilizados para outras finalidades ou a terceiros.<\/p><h2>\u00a0<\/h2><\/div>\t\t\t\t\t\t\t\t<\/div>\n\t\t\t\t<\/div>\n\t\t\t\t\t<\/div>\n\t\t<\/div>\n\t\t\t\t\t<\/div>\n\t\t<\/section>\n\t\t\t\t<\/div>\n\t\t","protected":false},"excerpt":{"rendered":"<p>AS NORMAS SE APLICAM APENAS AOS AUTORES COM O TRABALHO SELECIONADO COMO DESTAQUE DE SUA SESS\u00c3O EM SIMP\u00d3SIO TEM\u00c1TICO. DEMAIS AUTORES DEVER\u00c3O SEGUIR AS NORMAS DO DOSSI\u00ca COM ISBN, DISPON\u00cdVEL EM: https:\/\/claec.org\/ehm\/normas-de-submissao-2\/ Para os destaques: ACESSE O LAYOUT DE ARTIGOS PARA O V EHM abaixo: Layout Artigos A\u00a0RELACult\u00a0\u00e9 um ve\u00edculo de divulga\u00e7\u00e3o cient\u00edfica de periodicidade [&hellip;]<\/p>\n","protected":false},"author":1,"featured_media":0,"parent":0,"menu_order":0,"comment_status":"closed","ping_status":"closed","template":"","meta":{"_monsterinsights_skip_tracking":false,"_monsterinsights_sitenote_active":false,"_monsterinsights_sitenote_note":"","_monsterinsights_sitenote_category":0,"footnotes":""},"class_list":["post-1789","page","type-page","status-publish","hentry"],"_links":{"self":[{"href":"https:\/\/claec.org\/ehm\/wp-json\/wp\/v2\/pages\/1789","targetHints":{"allow":["GET"]}}],"collection":[{"href":"https:\/\/claec.org\/ehm\/wp-json\/wp\/v2\/pages"}],"about":[{"href":"https:\/\/claec.org\/ehm\/wp-json\/wp\/v2\/types\/page"}],"author":[{"embeddable":true,"href":"https:\/\/claec.org\/ehm\/wp-json\/wp\/v2\/users\/1"}],"replies":[{"embeddable":true,"href":"https:\/\/claec.org\/ehm\/wp-json\/wp\/v2\/comments?post=1789"}],"version-history":[{"count":13,"href":"https:\/\/claec.org\/ehm\/wp-json\/wp\/v2\/pages\/1789\/revisions"}],"predecessor-version":[{"id":1821,"href":"https:\/\/claec.org\/ehm\/wp-json\/wp\/v2\/pages\/1789\/revisions\/1821"}],"wp:attachment":[{"href":"https:\/\/claec.org\/ehm\/wp-json\/wp\/v2\/media?parent=1789"}],"curies":[{"name":"wp","href":"https:\/\/api.w.org\/{rel}","templated":true}]}}