{"id":1633,"date":"2019-11-04T17:17:08","date_gmt":"2019-11-04T20:17:08","guid":{"rendered":"http:\/\/claec.org\/ehm\/?page_id=1633"},"modified":"2020-08-29T00:58:47","modified_gmt":"2020-08-29T03:58:47","slug":"caderno-de-resumo","status":"publish","type":"page","link":"https:\/\/claec.org\/ehm\/caderno-de-resumo\/","title":{"rendered":"Caderno de Resumos- V EHM"},"content":{"rendered":"\t\t<div data-elementor-type=\"wp-post\" data-elementor-id=\"1633\" class=\"elementor elementor-1633\" data-elementor-post-type=\"page\">\n\t\t\t\t\t\t<section class=\"elementor-section elementor-top-section elementor-element elementor-element-92c75cd elementor-section-boxed elementor-section-height-default elementor-section-height-default\" data-id=\"92c75cd\" data-element_type=\"section\" data-e-type=\"section\">\n\t\t\t\t\t\t<div class=\"elementor-container elementor-column-gap-default\">\n\t\t\t\t\t<div class=\"elementor-column elementor-col-100 elementor-top-column elementor-element elementor-element-533ef70\" data-id=\"533ef70\" data-element_type=\"column\" data-e-type=\"column\">\n\t\t\t<div class=\"elementor-widget-wrap elementor-element-populated\">\n\t\t\t\t\t\t<div class=\"elementor-element elementor-element-abef34d elementor-widget elementor-widget-text-editor\" data-id=\"abef34d\" data-element_type=\"widget\" data-e-type=\"widget\" data-widget_type=\"text-editor.default\">\n\t\t\t\t<div class=\"elementor-widget-container\">\n\t\t\t\t\t\t\t\t\t<p>Prezados e Prezadas abaixo encontra-se o Caderno de Resumos.<\/p><p>Observa\u00e7\u00f5es: S\u00f3 ser\u00e3o feitas altera\u00e7\u00f5es na publica\u00e7\u00e3o que sejam de responsabilidade ou equ\u00edvoco da<strong> equipe organizadora<\/strong> at\u00e9 o dia 10 de novembro. Informa\u00e7\u00f5es submetidas pelos autores n\u00e3o ser\u00e3o alteradas ou editadas, de modo que foram utilizados os dados tal e qual informados no formul\u00e1rio de inscri\u00e7\u00e3o, de total responsabilidade dos autores dos trabalhos para sua composi\u00e7\u00e3o e revis\u00e3o.<\/p><p><strong>Agradecemos desde j\u00e1 a contribui\u00e7\u00e3o e participa\u00e7\u00e3o de todos e todas.<\/strong><\/p><h2><span style=\"text-decoration: underline;\"><strong><a href=\"https:\/\/claec.org\/ehm\/wp-content\/uploads\/sites\/2\/2019\/11\/V-EHM_CADERNO_RESUMOS.pdf\">V-EHM_CADERNO_RESUMOS<\/a><\/strong><\/span><\/h2>\t\t\t\t\t\t\t\t<\/div>\n\t\t\t\t<\/div>\n\t\t\t\t\t<\/div>\n\t\t<\/div>\n\t\t\t\t\t<\/div>\n\t\t<\/section>\n\t\t\t\t<\/div>\n\t\t","protected":false},"excerpt":{"rendered":"<p>Prezados e Prezadas abaixo encontra-se o Caderno de Resumos. Observa\u00e7\u00f5es: S\u00f3 ser\u00e3o feitas altera\u00e7\u00f5es na publica\u00e7\u00e3o que sejam de responsabilidade ou equ\u00edvoco da equipe organizadora at\u00e9 o dia 10 de novembro. Informa\u00e7\u00f5es submetidas pelos autores n\u00e3o ser\u00e3o alteradas ou editadas, de modo que foram utilizados os dados tal e qual informados no formul\u00e1rio de inscri\u00e7\u00e3o, [&hellip;]<\/p>\n","protected":false},"author":1,"featured_media":0,"parent":0,"menu_order":0,"comment_status":"closed","ping_status":"closed","template":"","meta":{"_monsterinsights_skip_tracking":false,"_monsterinsights_sitenote_active":false,"_monsterinsights_sitenote_note":"","_monsterinsights_sitenote_category":0,"footnotes":""},"class_list":["post-1633","page","type-page","status-publish","hentry"],"_links":{"self":[{"href":"https:\/\/claec.org\/ehm\/wp-json\/wp\/v2\/pages\/1633","targetHints":{"allow":["GET"]}}],"collection":[{"href":"https:\/\/claec.org\/ehm\/wp-json\/wp\/v2\/pages"}],"about":[{"href":"https:\/\/claec.org\/ehm\/wp-json\/wp\/v2\/types\/page"}],"author":[{"embeddable":true,"href":"https:\/\/claec.org\/ehm\/wp-json\/wp\/v2\/users\/1"}],"replies":[{"embeddable":true,"href":"https:\/\/claec.org\/ehm\/wp-json\/wp\/v2\/comments?post=1633"}],"version-history":[{"count":8,"href":"https:\/\/claec.org\/ehm\/wp-json\/wp\/v2\/pages\/1633\/revisions"}],"predecessor-version":[{"id":1925,"href":"https:\/\/claec.org\/ehm\/wp-json\/wp\/v2\/pages\/1633\/revisions\/1925"}],"wp:attachment":[{"href":"https:\/\/claec.org\/ehm\/wp-json\/wp\/v2\/media?parent=1633"}],"curies":[{"name":"wp","href":"https:\/\/api.w.org\/{rel}","templated":true}]}}