{"id":1573,"date":"2019-10-15T22:36:33","date_gmt":"2019-10-16T01:36:33","guid":{"rendered":"http:\/\/claec.org\/ehm\/?page_id=1573"},"modified":"2019-10-15T23:21:27","modified_gmt":"2019-10-16T02:21:27","slug":"conheca-jaguarao","status":"publish","type":"page","link":"https:\/\/claec.org\/ehm\/conheca-jaguarao\/","title":{"rendered":"Conhe\u00e7a Jaguar\u00e3o"},"content":{"rendered":"\t\t<div data-elementor-type=\"wp-post\" data-elementor-id=\"1573\" class=\"elementor elementor-1573\" data-elementor-post-type=\"page\">\n\t\t\t\t\t\t<section class=\"elementor-section elementor-top-section elementor-element elementor-element-4baece0 elementor-section-boxed elementor-section-height-default elementor-section-height-default\" data-id=\"4baece0\" data-element_type=\"section\" data-e-type=\"section\">\n\t\t\t\t\t\t<div class=\"elementor-container elementor-column-gap-default\">\n\t\t\t\t\t<div class=\"elementor-column elementor-col-100 elementor-top-column elementor-element elementor-element-482a8c2\" data-id=\"482a8c2\" data-element_type=\"column\" data-e-type=\"column\">\n\t\t\t<div class=\"elementor-widget-wrap elementor-element-populated\">\n\t\t\t\t\t\t\t<\/div>\n\t\t<\/div>\n\t\t\t\t\t<\/div>\n\t\t<\/section>\n\t\t\t\t<section class=\"elementor-section elementor-top-section elementor-element elementor-element-244ca8f elementor-section-boxed elementor-section-height-default elementor-section-height-default\" data-id=\"244ca8f\" data-element_type=\"section\" data-e-type=\"section\">\n\t\t\t\t\t\t<div class=\"elementor-container elementor-column-gap-default\">\n\t\t\t\t\t<div class=\"elementor-column elementor-col-100 elementor-top-column elementor-element elementor-element-90fc27b\" data-id=\"90fc27b\" data-element_type=\"column\" data-e-type=\"column\">\n\t\t\t<div class=\"elementor-widget-wrap elementor-element-populated\">\n\t\t\t\t\t\t<div class=\"elementor-element elementor-element-33e3cf0 elementor-widget elementor-widget-video\" data-id=\"33e3cf0\" data-element_type=\"widget\" data-e-type=\"widget\" data-settings=\"{&quot;youtube_url&quot;:&quot;https:\\\/\\\/www.youtube.com\\\/watch?v=0jAMi1XPlLs&amp;list=PL_HXh-_YBSJe8CEY6o2jSZsZ0C7l5HPMB&amp;index=7&quot;,&quot;video_type&quot;:&quot;youtube&quot;,&quot;controls&quot;:&quot;yes&quot;}\" data-widget_type=\"video.default\">\n\t\t\t\t<div class=\"elementor-widget-container\">\n\t\t\t\t\t\t\t<div class=\"elementor-wrapper elementor-open-inline\">\n\t\t\t<div class=\"elementor-video\"><\/div>\t\t<\/div>\n\t\t\t\t\t\t<\/div>\n\t\t\t\t<\/div>\n\t\t\t\t\t<\/div>\n\t\t<\/div>\n\t\t\t\t\t<\/div>\n\t\t<\/section>\n\t\t\t\t<section class=\"elementor-section elementor-top-section elementor-element elementor-element-19e5232 elementor-section-boxed elementor-section-height-default elementor-section-height-default\" data-id=\"19e5232\" data-element_type=\"section\" data-e-type=\"section\">\n\t\t\t\t\t\t<div class=\"elementor-container elementor-column-gap-default\">\n\t\t\t\t\t<div class=\"elementor-column elementor-col-100 elementor-top-column elementor-element elementor-element-f4351c4\" data-id=\"f4351c4\" data-element_type=\"column\" data-e-type=\"column\">\n\t\t\t<div class=\"elementor-widget-wrap elementor-element-populated\">\n\t\t\t\t\t\t<div class=\"elementor-element elementor-element-b5e1d0b elementor-widget elementor-widget-text-editor\" data-id=\"b5e1d0b\" data-element_type=\"widget\" data-e-type=\"widget\" data-widget_type=\"text-editor.default\">\n\t\t\t\t<div class=\"elementor-widget-container\">\n\t\t\t\t\t\t\t\t\t<div class=\"row\"><h2>Jaguar\u00e3o (RS)<\/h2><\/div><div class=\"row\"><p class=\"AlignJustify\">O conjunto hist\u00f3rico e paisag\u00edstico de Jaguar\u00e3o (RS)<a href=\"http:\/\/portal.iphan.gov.br\/uploads\/ckfinder\/arquivos\/Jaguarao_rs_processo_de_tombamento(1).ppt\">,<\/a>\u00a0tombado pelo Iphan,\u00a0em 2011, conserva um patrim\u00f4nio sem similar em n\u00famero e estado de conserva\u00e7\u00e3o, no Rio Grande do Sul, com edifica\u00e7\u00f5es coloniais, ecl\u00e9ticas,\u00a0<em>art d\u00e9co<\/em>\u00a0e modernistas. Este conjunto compreende uma \u00e1rea urbana extremamente bem preservada\u00a0e \u00edntegra, enquanto\u00a0suas edifica\u00e7\u00f5es apresentam importante varia\u00e7\u00e3o da tipologia, formas de implanta\u00e7\u00e3o e acabamentos.\u00a0<\/p><p class=\"AlignJustify\">O tra\u00e7ado vi\u00e1rio da cidade &#8211; demasiadamente retil\u00edneo se comparado ao das cidades coloniais brasileiras \u2013 decorre, possivelmente, da forte influ\u00eancia espanhola em seu desenvolvimento. Entre os bens tombados est\u00e1 a\u00a0<a href=\"http:\/\/portal.iphan.gov.br\/pagina\/detalhes\/1126\/\">Ponte Internacional Bar\u00e3o de Mau\u00e1<\/a>, uma constru\u00e7\u00e3o do in\u00edcio do s\u00e9culo XX, que \u00e9 o primeiro bem binacional tombado pelo Instituto.<\/p><p class=\"AlignJustify\">A forma\u00e7\u00e3o do centro hist\u00f3rico est\u00e1 intrinsecamente ligada aos processos de expans\u00e3o das ocupa\u00e7\u00f5es portuguesa e espanhola no territ\u00f3rio sul-americano e \u00e0s respectivas estrat\u00e9gias para garantir a posse de seus territ\u00f3rios. Durante o per\u00edodo conhecido como Uni\u00e3o Ib\u00e9rica (1580-1640), estiveram suspensas essas disputas territoriais. Nessa \u00e9poca, foram descobertas as primeiras minas de prata na regi\u00e3o andina e os primeiros caminhos de acesso a elas, a partir da navega\u00e7\u00e3o pelos afluentes do rio da Prata.\u00a0O in\u00edcio da povoa\u00e7\u00e3o da regi\u00e3o de Jaguar\u00e3o teve origem, justamente, desse contexto.<\/p><div class=\"row\"><h2>Hist\u00f3ria &#8211; Jaguar\u00e3o (RS)<\/h2><\/div><div class=\"row\"><p class=\"AlignJustify\">\u00c0s margens do rio Jaguar\u00e3o, no local conhecido como Cerro da P\u00f3lvora (atualmente na \u00e1rea urbana da cidade) foi estabelecida uma guarni\u00e7\u00e3o militar espanhola. Em seu entorno se desenvolveu a povoa\u00e7\u00e3o vinculada `as movimenta\u00e7\u00f5es militares, como ocorreu em outros locais do Rio Grande do Sul. Em seu entorno se desenvolveu a povoa\u00e7\u00e3o do Esp\u00edrito Santo do Cerrito de Jaguar\u00e3o. O local conhecido como Guarda da Lagoa e do Cerrito era um posto fortificado criado pelos espanh\u00f3is, situado a seis quil\u00f4metros da atual Jaguar\u00e3o.<\/p><p class=\"AlignJustify\">Em 1802, devido as quest\u00f5es militares entre Portugal e Espanha, estabeleceram-se, na regi\u00e3o, as for\u00e7as do coronel Marques de Sousa, comandante das tropas portuguesas. Com o t\u00e9rmino do conflito, a coluna Marques de Sousa retirou-se e, no local, permaneceu apenas uma pequena guarda de 200 homens. A partir do acampamento dessa guarda, se desenvolveu o povoado situado entre o arroio Lag\u00f5es, o Quartel Mestre e o rio Jaguar\u00e3o. Em 1812, a povoa\u00e7\u00e3o foi elevada \u00e0 freguesia, com o nome de Divino Esp\u00edrito Santo do Cerrito, e \u00e0 Vila de Jaguar\u00e3o, em 1832, e \u00e0 cidade, em 1855.<\/p><p class=\"AlignJustify\">Ao longo de sua hist\u00f3ria, foi palco de disputas territoriais e batalhas entre Portugal e Espanha. No entanto, a popula\u00e7\u00e3o sempre transitou entre os dois lados, atravessando o rio Jaguar\u00e3o em suas idas e vindas cotidianas. A povoa\u00e7\u00e3o se formou e desenvolveu voltada para o Uruguai, apesar de separada pelo rio. O com\u00e9rcio de fronteira \u2013 em grande parte informal e estabelecido nos la\u00e7os de parentesco entre os habitantes e nas propriedades rurais que os pecuaristas mantinham nos dois lados da fronteira \u2013 garantia a manuten\u00e7\u00e3o dos la\u00e7os culturais que as \u00a0decis\u00f5es \u00a0tomadas pelas long\u00ednquas cortes de Portugal e Espanha tentavam separar politicamente.\u00a0<\/p><p class=\"AlignJustify\">A cidade participou de acontecimentos militares da hist\u00f3ria do Brasil, como a Revolu\u00e7\u00e3o Farroupilha (1835) e a Invas\u00e3o Uruguaia (1865), quando 1.500 caudilhos blancos invadiram e saquearam a cidade, chefiados por Bas\u00edlio Munhoz. Embora em n\u00famero reduzido, as for\u00e7as jaguarenses compostas por cerca de 500 pra\u00e7as, com o aux\u00edlio de canh\u00f5es, resistiram fazendo com que os uruguaios se retirassem. Nessa ocasi\u00e3o, o coronel Manoel Pereira Vargas comandou a defesa da cidade e Jaguar\u00e3o conquistou o t\u00edtulo de \u201cCidade Heroica\u201d.<\/p><p class=\"AlignJustify\">Disputas territoriais e economia pecuarista est\u00e3o gravadas na sua hist\u00f3ria. Ap\u00f3s a Independ\u00eancia do Brasil, quando as fronteiras estavam relativamente bem definidas, ocorreram os conflitos entre a elite pecuarista regional e o Governo Imperial do Brasil, permanecendo a atmosfera militar, da qual s\u00e3o emblem\u00e1ticas as ru\u00ednas da Enfermaria Militar e um quartel constru\u00eddo no in\u00edcio do s\u00e9culo XX. A tens\u00e3o entre pecuaristas e o governo deflagrou as revolu\u00e7\u00f5es Farroupilha (1835 &#8211; 1845) e Federalista (1893 &#8211; 1895).<\/p><p class=\"AlignJustify\">A pecu\u00e1ria &#8211; principal produto da Regi\u00e3o Sul &#8211; com o processamento da carne de gado para a produ\u00e7\u00e3o de charque, permitiu o estabelecimento de uma classe social economicamente fortalecida no sul do Brasil, mas cujos interesses muitas vezes eram preteridos pelo Governo Central, em favorecimento de interesses econ\u00f4micos mais bem representados como a cafeicultura, de grande import\u00e2ncia. (Fonte:\u00a0http:\/\/portal.iphan.gov.br\/pagina\/detalhes\/1536\/).<\/p><p><img fetchpriority=\"high\" decoding=\"async\" class=\"size-medium wp-image-1576 aligncenter\" src=\"https:\/\/claec.org\/ehm\/wp-content\/uploads\/sites\/2\/2019\/10\/24jaguarao-632x506.jpg\" alt=\"\" width=\"632\" height=\"506\" srcset=\"https:\/\/claec.org\/ehm\/wp-content\/uploads\/sites\/2\/2019\/10\/24jaguarao-632x506.jpg 632w, https:\/\/claec.org\/ehm\/wp-content\/uploads\/sites\/2\/2019\/10\/24jaguarao-768x614.jpg 768w, https:\/\/claec.org\/ehm\/wp-content\/uploads\/sites\/2\/2019\/10\/24jaguarao.jpg 960w\" sizes=\"(max-width: 632px) 100vw, 632px\" \/> <img decoding=\"async\" class=\"alignnone size-medium wp-image-1577\" src=\"https:\/\/claec.org\/ehm\/wp-content\/uploads\/sites\/2\/2019\/10\/625598_553649254675443_2076186338_n-632x346.jpg\" alt=\"\" width=\"632\" height=\"346\" srcset=\"https:\/\/claec.org\/ehm\/wp-content\/uploads\/sites\/2\/2019\/10\/625598_553649254675443_2076186338_n-632x346.jpg 632w, https:\/\/claec.org\/ehm\/wp-content\/uploads\/sites\/2\/2019\/10\/625598_553649254675443_2076186338_n-768x420.jpg 768w, https:\/\/claec.org\/ehm\/wp-content\/uploads\/sites\/2\/2019\/10\/625598_553649254675443_2076186338_n.jpg 960w\" sizes=\"(max-width: 632px) 100vw, 632px\" \/> <img decoding=\"async\" class=\"alignnone size-medium wp-image-1578\" src=\"https:\/\/claec.org\/ehm\/wp-content\/uploads\/sites\/2\/2019\/10\/32291248707_6dca9d8c5d_b-632x474.jpg\" alt=\"\" width=\"632\" height=\"474\" srcset=\"https:\/\/claec.org\/ehm\/wp-content\/uploads\/sites\/2\/2019\/10\/32291248707_6dca9d8c5d_b-632x474.jpg 632w, https:\/\/claec.org\/ehm\/wp-content\/uploads\/sites\/2\/2019\/10\/32291248707_6dca9d8c5d_b-768x576.jpg 768w, https:\/\/claec.org\/ehm\/wp-content\/uploads\/sites\/2\/2019\/10\/32291248707_6dca9d8c5d_b-1020x765.jpg 1020w, https:\/\/claec.org\/ehm\/wp-content\/uploads\/sites\/2\/2019\/10\/32291248707_6dca9d8c5d_b.jpg 1024w\" sizes=\"(max-width: 632px) 100vw, 632px\" \/> <img loading=\"lazy\" decoding=\"async\" class=\"alignnone size-medium wp-image-1579\" src=\"https:\/\/claec.org\/ehm\/wp-content\/uploads\/sites\/2\/2019\/10\/fosseis-recentes-632x321.jpg\" alt=\"\" width=\"632\" height=\"321\" srcset=\"https:\/\/claec.org\/ehm\/wp-content\/uploads\/sites\/2\/2019\/10\/fosseis-recentes-632x321.jpg 632w, https:\/\/claec.org\/ehm\/wp-content\/uploads\/sites\/2\/2019\/10\/fosseis-recentes-768x390.jpg 768w, https:\/\/claec.org\/ehm\/wp-content\/uploads\/sites\/2\/2019\/10\/fosseis-recentes.jpg 1020w\" sizes=\"(max-width: 632px) 100vw, 632px\" \/> <img loading=\"lazy\" decoding=\"async\" class=\"alignnone size-medium wp-image-1581\" src=\"https:\/\/claec.org\/ehm\/wp-content\/uploads\/sites\/2\/2019\/10\/IMG_1175-632x474.jpg\" alt=\"\" width=\"632\" height=\"474\" srcset=\"https:\/\/claec.org\/ehm\/wp-content\/uploads\/sites\/2\/2019\/10\/IMG_1175-632x474.jpg 632w, https:\/\/claec.org\/ehm\/wp-content\/uploads\/sites\/2\/2019\/10\/IMG_1175.jpg 640w\" sizes=\"(max-width: 632px) 100vw, 632px\" \/> <img loading=\"lazy\" decoding=\"async\" class=\"alignnone size-medium wp-image-1583\" src=\"https:\/\/claec.org\/ehm\/wp-content\/uploads\/sites\/2\/2019\/10\/Jaguar\u00e3o-Ponte-Internacional-Bar\u00e3o-de-Mau\u00e1-632x356-632x356.jpg\" alt=\"\" width=\"632\" height=\"356\" \/> <img loading=\"lazy\" decoding=\"async\" class=\"alignnone size-medium wp-image-1585\" src=\"https:\/\/claec.org\/ehm\/wp-content\/uploads\/sites\/2\/2019\/10\/unnamed-632x628.jpg\" alt=\"\" width=\"632\" height=\"628\" srcset=\"https:\/\/claec.org\/ehm\/wp-content\/uploads\/sites\/2\/2019\/10\/unnamed-632x628.jpg 632w, https:\/\/claec.org\/ehm\/wp-content\/uploads\/sites\/2\/2019\/10\/unnamed-768x763.jpg 768w, https:\/\/claec.org\/ehm\/wp-content\/uploads\/sites\/2\/2019\/10\/unnamed.jpg 960w\" sizes=\"(max-width: 632px) 100vw, 632px\" \/><\/p><\/div><\/div>\t\t\t\t\t\t\t\t<\/div>\n\t\t\t\t<\/div>\n\t\t\t\t\t<\/div>\n\t\t<\/div>\n\t\t\t\t\t<\/div>\n\t\t<\/section>\n\t\t\t\t<\/div>\n\t\t","protected":false},"excerpt":{"rendered":"<p>https:\/\/www.youtube.com\/watch?v=0jAMi1XPlLs&#038;list=PL_HXh-_YBSJe8CEY6o2jSZsZ0C7l5HPMB&#038;index=7 Jaguar\u00e3o (RS) O conjunto hist\u00f3rico e paisag\u00edstico de Jaguar\u00e3o (RS),\u00a0tombado pelo Iphan,\u00a0em 2011, conserva um patrim\u00f4nio sem similar em n\u00famero e estado de conserva\u00e7\u00e3o, no Rio Grande do Sul, com edifica\u00e7\u00f5es coloniais, ecl\u00e9ticas,\u00a0art d\u00e9co\u00a0e modernistas. Este conjunto compreende uma \u00e1rea urbana extremamente bem preservada\u00a0e \u00edntegra, enquanto\u00a0suas edifica\u00e7\u00f5es apresentam importante varia\u00e7\u00e3o da tipologia, formas de [&hellip;]<\/p>\n","protected":false},"author":1,"featured_media":0,"parent":0,"menu_order":0,"comment_status":"closed","ping_status":"closed","template":"","meta":{"_monsterinsights_skip_tracking":false,"_monsterinsights_sitenote_active":false,"_monsterinsights_sitenote_note":"","_monsterinsights_sitenote_category":0,"footnotes":""},"class_list":["post-1573","page","type-page","status-publish","hentry"],"_links":{"self":[{"href":"https:\/\/claec.org\/ehm\/wp-json\/wp\/v2\/pages\/1573","targetHints":{"allow":["GET"]}}],"collection":[{"href":"https:\/\/claec.org\/ehm\/wp-json\/wp\/v2\/pages"}],"about":[{"href":"https:\/\/claec.org\/ehm\/wp-json\/wp\/v2\/types\/page"}],"author":[{"embeddable":true,"href":"https:\/\/claec.org\/ehm\/wp-json\/wp\/v2\/users\/1"}],"replies":[{"embeddable":true,"href":"https:\/\/claec.org\/ehm\/wp-json\/wp\/v2\/comments?post=1573"}],"version-history":[{"count":9,"href":"https:\/\/claec.org\/ehm\/wp-json\/wp\/v2\/pages\/1573\/revisions"}],"predecessor-version":[{"id":1595,"href":"https:\/\/claec.org\/ehm\/wp-json\/wp\/v2\/pages\/1573\/revisions\/1595"}],"wp:attachment":[{"href":"https:\/\/claec.org\/ehm\/wp-json\/wp\/v2\/media?parent=1573"}],"curies":[{"name":"wp","href":"https:\/\/api.w.org\/{rel}","templated":true}]}}