{"id":1497,"date":"2019-07-08T01:01:15","date_gmt":"2019-07-08T04:01:15","guid":{"rendered":"http:\/\/claec.org\/ehm\/?page_id=1497"},"modified":"2019-10-31T15:14:09","modified_gmt":"2019-10-31T17:14:09","slug":"taxas","status":"publish","type":"page","link":"https:\/\/claec.org\/ehm\/taxas\/","title":{"rendered":"TAXAS"},"content":{"rendered":"\t\t<div data-elementor-type=\"wp-post\" data-elementor-id=\"1497\" class=\"elementor elementor-1497\" data-elementor-post-type=\"page\">\n\t\t\t\t\t\t<section class=\"elementor-section elementor-top-section elementor-element elementor-element-7d9fb764 elementor-section-boxed elementor-section-height-default elementor-section-height-default\" data-id=\"7d9fb764\" data-element_type=\"section\" data-e-type=\"section\">\n\t\t\t\t\t\t<div class=\"elementor-container elementor-column-gap-default\">\n\t\t\t\t\t<div class=\"elementor-column elementor-col-100 elementor-top-column elementor-element elementor-element-77baa97d\" data-id=\"77baa97d\" data-element_type=\"column\" data-e-type=\"column\">\n\t\t\t<div class=\"elementor-widget-wrap elementor-element-populated\">\n\t\t\t\t\t\t<div class=\"elementor-element elementor-element-16fe8a65 elementor-widget elementor-widget-text-editor\" data-id=\"16fe8a65\" data-element_type=\"widget\" data-e-type=\"widget\" data-widget_type=\"text-editor.default\">\n\t\t\t\t<div class=\"elementor-widget-container\">\n\t\t\t\t\t\t\t\t\t<p>O pagamento deve ser realizado por meio de deposito banc\u00e1rio e\/ou transfer\u00eancia, ap\u00f3s a inscri\u00e7\u00e3o, at\u00e9 o dia 21 de outubro (<strong>ENCERRADO<\/strong>).<\/p><p><strong>CNPJ:\u00a019.072.851\/0001-78<\/strong><\/p><p><strong><u>Titular:Instituto Conex\u00e3o Sociocultural<\/u><\/strong><\/p><p><strong>IMPORTANTE:<\/strong> GUARDE O COMPROVANTE DE PAGAMENTO PARA ENVIAR POR MEIO DO <strong>FORMUL\u00c1RIO\u00a0 <\/strong>que se encontra na ABA de comunicadores.<\/p><p>Valores das Taxas:<\/p><table><tbody><tr><td width=\"301\">Professores, Pesquisadores e Profissionais<\/td><td width=\"301\">R$ 150,00<\/td><\/tr><tr><td width=\"301\">Professores de rede p\u00fablica- Educa\u00e7\u00e3o b\u00e1sica\u00a0<\/td><td width=\"301\">R$80,00<\/td><\/tr><tr><td width=\"301\">Alunos de P\u00f3s-gradua\u00e7\u00e3o<\/td><td width=\"301\">R$ 100,00<\/td><\/tr><tr><td width=\"301\">Alunos de Gradua\u00e7\u00e3o<\/td><td width=\"301\">R$ 50,00<\/td><\/tr><tr><td width=\"301\">Ouvintes<\/td><td width=\"301\"><strong>GRATUITO<\/strong><\/td><\/tr><\/tbody><\/table>\t\t\t\t\t\t\t\t<\/div>\n\t\t\t\t<\/div>\n\t\t\t\t\t<\/div>\n\t\t<\/div>\n\t\t\t\t\t<\/div>\n\t\t<\/section>\n\t\t\t\t<\/div>\n\t\t","protected":false},"excerpt":{"rendered":"<p>O pagamento deve ser realizado por meio de deposito banc\u00e1rio e\/ou transfer\u00eancia, ap\u00f3s a inscri\u00e7\u00e3o, at\u00e9 o dia 21 de outubro (ENCERRADO). CNPJ:\u00a019.072.851\/0001-78 Titular:Instituto Conex\u00e3o Sociocultural IMPORTANTE: GUARDE O COMPROVANTE DE PAGAMENTO PARA ENVIAR POR MEIO DO FORMUL\u00c1RIO\u00a0 que se encontra na ABA de comunicadores. Valores das Taxas: Professores, Pesquisadores e Profissionais R$ 150,00 Professores [&hellip;]<\/p>\n","protected":false},"author":1,"featured_media":0,"parent":0,"menu_order":0,"comment_status":"closed","ping_status":"closed","template":"","meta":{"_monsterinsights_skip_tracking":false,"_monsterinsights_sitenote_active":false,"_monsterinsights_sitenote_note":"","_monsterinsights_sitenote_category":0,"footnotes":""},"class_list":["post-1497","page","type-page","status-publish","hentry"],"_links":{"self":[{"href":"https:\/\/claec.org\/ehm\/wp-json\/wp\/v2\/pages\/1497","targetHints":{"allow":["GET"]}}],"collection":[{"href":"https:\/\/claec.org\/ehm\/wp-json\/wp\/v2\/pages"}],"about":[{"href":"https:\/\/claec.org\/ehm\/wp-json\/wp\/v2\/types\/page"}],"author":[{"embeddable":true,"href":"https:\/\/claec.org\/ehm\/wp-json\/wp\/v2\/users\/1"}],"replies":[{"embeddable":true,"href":"https:\/\/claec.org\/ehm\/wp-json\/wp\/v2\/comments?post=1497"}],"version-history":[{"count":8,"href":"https:\/\/claec.org\/ehm\/wp-json\/wp\/v2\/pages\/1497\/revisions"}],"predecessor-version":[{"id":1608,"href":"https:\/\/claec.org\/ehm\/wp-json\/wp\/v2\/pages\/1497\/revisions\/1608"}],"wp:attachment":[{"href":"https:\/\/claec.org\/ehm\/wp-json\/wp\/v2\/media?parent=1497"}],"curies":[{"name":"wp","href":"https:\/\/api.w.org\/{rel}","templated":true}]}}