{"id":1405,"date":"2019-07-07T01:08:00","date_gmt":"2019-07-07T04:08:00","guid":{"rendered":"http:\/\/claec.org\/ehm\/?page_id=1405"},"modified":"2019-07-07T02:17:25","modified_gmt":"2019-07-07T05:17:25","slug":"st-17-cinema-e-audiovisual-ontologias-epistemologias-e-interfaces","status":"publish","type":"page","link":"https:\/\/claec.org\/ehm\/st-17-cinema-e-audiovisual-ontologias-epistemologias-e-interfaces\/","title":{"rendered":"ST 17- Cinema e Audiovisual: ontologias, epistemologias e interfaces"},"content":{"rendered":"\t\t<div data-elementor-type=\"wp-post\" data-elementor-id=\"1405\" class=\"elementor elementor-1405\" data-elementor-post-type=\"page\">\n\t\t\t\t\t\t<section class=\"elementor-section elementor-top-section elementor-element elementor-element-6aa05b5 elementor-section-boxed elementor-section-height-default elementor-section-height-default\" data-id=\"6aa05b5\" data-element_type=\"section\" data-e-type=\"section\">\n\t\t\t\t\t\t<div class=\"elementor-container elementor-column-gap-default\">\n\t\t\t\t\t<div class=\"elementor-column elementor-col-100 elementor-top-column elementor-element elementor-element-69fe4a3b\" data-id=\"69fe4a3b\" data-element_type=\"column\" data-e-type=\"column\">\n\t\t\t<div class=\"elementor-widget-wrap elementor-element-populated\">\n\t\t\t\t\t\t<div class=\"elementor-element elementor-element-45b68455 elementor-widget elementor-widget-text-editor\" data-id=\"45b68455\" data-element_type=\"widget\" data-e-type=\"widget\" data-widget_type=\"text-editor.default\">\n\t\t\t\t<div class=\"elementor-widget-container\">\n\t\t\t\t\t\t\t\t\t<p style=\"text-align: right;\">Dra. Carla Daniela Rabelo Rodrigues (UNIPAMPA)<\/p>\n<p style=\"text-align: right;\">Dranda. C\u00edntia Langie Araujo (UFPEL)<\/p>\n<p style=\"text-align: right;\">Dr. Guilherme Carvalho da Rosa (UFPEL)<\/p>\n<p style=\"text-align: right;\">Dr. Roberto Ribeiro Miranda Cotta (UFPEL)<\/p>\n<p style=\"text-align: center;\"><strong>RESUMO<\/strong><\/p>\n<p>Desde seu surgimento, o campo do Cinema e Audiovisual relaciona-se com diversas \u00e1reas do conhecimento human\u00edstico. Nas \u00faltimas d\u00e9cadas, tem sido not\u00e1vel a amplia\u00e7\u00e3o de estudos interdisciplinares dispostos a pensar as obras cinematogr\u00e1ficas, os seriados televisivos ou as narrativas transmidi\u00e1ticas, a partir de uma perspectiva sociol\u00f3gica, antropol\u00f3gica, hist\u00f3rica ou filos\u00f3fica. Com reflex\u00f5es te\u00f3ricas que passam pela subjetiva\u00e7\u00e3o do olhar, assim como discursos e experi\u00eancias atravessados por m\u00faltiplas percep\u00e7\u00f5es culturais, sociais e econ\u00f4micas, os dispositivos cinematogr\u00e1ficos e audiovisuais articulam variadas formas, materialidades, pr\u00e1ticas espectatoriais e composi\u00e7\u00f5es de imagin\u00e1rios capazes de trazer uma amplitude intelectual para o campo das Ci\u00eancias Humanas e das Artes. Por isso, faz-se relevante o entendimento de como as imagens e sons operam est\u00e9tica e politicamente no mundo contempor\u00e2neo. A proposta deste eixo tem\u00e1tico \u00e9 congregar conhecimentos que proporcionem partilha cient\u00edfica sobre o pr\u00f3prio campo do cinema e audiovisual, bem como suas interfaces. &nbsp;Nesse sentido, espera-se receber trabalhos acad\u00eamicos de pesquisadores que tenham em comum objetos e temas de pesquisa relacionados ao universo audiovisual, e interse\u00e7\u00f5es com outros campos do conhecimento. Ser\u00e3o bem-vindos trabalhos em di\u00e1logo com as seguintes linhas investigativas: Teorias do Cinema e Audiovisual; Narrativas Audiovisuais; Teoria dos Cineastas; Produ\u00e7\u00e3o Audiovisual; Hist\u00f3ria do Cinema e Audiovisual; Document\u00e1rio; Cinema Experimental; Audiovisual e Am\u00e9rica Latina; Pol\u00edticas para o Audiovisual; Economia e Ind\u00fastria do Audiovisual; P\u00f3s-cinemas; Cinema Expandido; Narrativas Seriadas; Som; Roteiro; Dire\u00e7\u00e3o de Fotografia; Montagem; Dire\u00e7\u00e3o de Arte; Dire\u00e7\u00e3o de Atores; Dramaturgia Audiovisual; Anima\u00e7\u00e3o; Cinema Cient\u00edfico; Cinema e as outras Artes; Cinema e Educa\u00e7\u00e3o; Cinema e Mulheres; Cinema LGBTQI+; Cinema Negro; Cinema e Periferia; Di\u00e1logos entre: Cinema e Literatura, Cinema e Psicologia, Cinema e Filosofia, Cinema e Sociologia, Cinema e Antropologia, Cinema e Hist\u00f3ria. &nbsp;O eixo tem\u00e1tico receber\u00e1 tamb\u00e9m pesquisas relacionadas \u00e0 representatividade das minorias no \u00e2mbito cinematogr\u00e1fico e audiovisual contempor\u00e2neo, no que diz respeito a estudos sobre as cinematografias regionais perif\u00e9ricas, de pa\u00edses latino-americanos, com \u00eanfase nos filmes brasileiros. Para al\u00e9m das pesquisas com foco tem\u00e1tico, de linguagem ou est\u00e9tica, tamb\u00e9m ser\u00e3o aceitas investiga\u00e7\u00f5es que pensem as interse\u00e7\u00f5es do cinema e do audiovisual nas sociedades globais, ou que se dediquem a refletir sobre a experi\u00eancia de ver filmes, e sobre os diversos aspectos pol\u00edticos, econ\u00f4micos e socioculturais relacionados ao campo da imagem em movimento.<\/p>\n<p><strong>&nbsp;<\/strong><strong>Palavras-Chave:<\/strong> Cinema; Audiovisual; Multidisciplinaridade; Pol\u00edtica; Est\u00e9tica<\/p>\n<p><strong>&nbsp;<\/strong><\/p>\n<p style=\"text-align: center;\"><strong>Cine y Audiovisual: ontolog\u00edas, epistemolog\u00edas e interfaces<\/strong><\/p>\n<p style=\"text-align: center;\"><strong>&nbsp;<\/strong><strong>RESUM\u00c9N<\/strong><\/p>\n<p>Desde sus comienzos, el campo del Cine y el Audiovisual se relaciona con diversas \u00e1reas de las ciencias humanas. En las \u00faltimas d\u00e9cadas, ha sido notable la ampliaci\u00f3n de estudios interdisciplinarios dispuestos a pensar las obras cinematogr\u00e1ficas, los seriados televisivos o las narrativas transmidi\u00e1ticas, desde una perspectiva sociol\u00f3gica, antropol\u00f3gica, hist\u00f3rica o filos\u00f3fica. Con reflexiones te\u00f3ricas que pasan por la subjetivaci\u00f3n de la mirada, as\u00ed como discursos y experiencias atravesados por m\u00faltiples percepciones culturales, sociales y econ\u00f3micas, los dispositivos cinematogr\u00e1ficos y audiovisuales articulan diversas formas, materialidades, pr\u00e1cticas espectatoriales y composiciones de imaginarios capaces de traer una amplitud intelectual para los campos de las Ciencias Humanas y de las Artes. Por eso, se hace relevante el entendimiento de c\u00f3mo las im\u00e1genes y los sonidos operan est\u00e9tica y pol\u00edticamente en el mundo contempor\u00e1neo. La propuesta de este eje tem\u00e1tico es congregar conocimientos que reflexionen cient\u00edficamente sobre el propio campo del cine y audiovisual, as\u00ed como sobre sus interfaces. En ese sentido, se espera recibir trabajos acad\u00e9micos de investigadores que tengan en com\u00fan objetos y temas de investigaci\u00f3n relacionados al universo del audiovisual, e intersecciones con otros campos del conocimiento. Ser\u00e1n bienvenidos trabajos en di\u00e1logo con las siguientes l\u00edneas investigativas: Teor\u00edas del Cine y Audiovisual; Narrativas Audiovisuales; Teor\u00eda de los Cineastas; Producci\u00f3n audiovisual; Historia del Cine y Audiovisual; Documental; Cine Experimental; Audiovisual y Am\u00e9rica Latina; Pol\u00edticas para el Sector Audiovisual; Econom\u00eda e Industria del Sector Audiovisual; Narrativas Seriadas; Sonido; Gui\u00f3n; Direcci\u00f3n de Fotograf\u00eda; Montaje; Direcci\u00f3n de Arte; Direcci\u00f3n de Actores; Dramaturgia Audiovisual; Animaci\u00f3n; Cine Cient\u00edfico; Cine y otras Artes; Cine y Educaci\u00f3n; Cine y Mujeres; Cine LGBTQI +; Cine Negro; Cine y Periferia; Di\u00e1logos: Cine y Literatura, Cine y Psicolog\u00eda, Cine y Filosof\u00eda, Cine y Sociolog\u00eda, Cine y Antropolog\u00eda, Cine e Historia. Este eje tem\u00e1tico recibe tambi\u00e9n investigaciones relacionadas con la representatividad de las minor\u00edas en el \u00e1mbito cinematogr\u00e1fico y audiovisual contempor\u00e1neo, en lo que se refiere a estudios sobre las cinematograf\u00edas regionales perif\u00e9ricas, de pa\u00edses latinoamericanos, con \u00e9nfasis en las pel\u00edculas brasile\u00f1as. Adem\u00e1s de las investigaciones con foco tem\u00e1tico, de lenguaje o est\u00e9tica, tambi\u00e9n ser\u00e1n recibidas investigaciones que piensen las intersecciones del cine y del audiovisual en las sociedades globales, o que se dediquen a reflexionar sobre la experiencias de ver pel\u00edculas y sobre los diversos aspectos pol\u00edticos, econ\u00f3micos y socioculturales relacionados al campo de la imagen en movimiento.<\/p>\n<p><strong>Palabras-clave:<\/strong> Cine y Audiovisual: ontolog\u00edas, epistemolog\u00edas e interfaces<\/p>\t\t\t\t\t\t\t\t<\/div>\n\t\t\t\t<\/div>\n\t\t\t\t\t<\/div>\n\t\t<\/div>\n\t\t\t\t\t<\/div>\n\t\t<\/section>\n\t\t\t\t<\/div>\n\t\t","protected":false},"excerpt":{"rendered":"<p>Dra. Carla Daniela Rabelo Rodrigues (UNIPAMPA) Dranda. C\u00edntia Langie Araujo (UFPEL) Dr. Guilherme Carvalho da Rosa (UFPEL) Dr. Roberto Ribeiro Miranda Cotta (UFPEL) RESUMO Desde seu surgimento, o campo do Cinema e Audiovisual relaciona-se com diversas \u00e1reas do conhecimento human\u00edstico. Nas \u00faltimas d\u00e9cadas, tem sido not\u00e1vel a amplia\u00e7\u00e3o de estudos interdisciplinares dispostos a pensar as [&hellip;]<\/p>\n","protected":false},"author":1,"featured_media":0,"parent":0,"menu_order":0,"comment_status":"closed","ping_status":"closed","template":"","meta":{"_monsterinsights_skip_tracking":false,"_monsterinsights_sitenote_active":false,"_monsterinsights_sitenote_note":"","_monsterinsights_sitenote_category":0,"footnotes":""},"class_list":["post-1405","page","type-page","status-publish","hentry"],"_links":{"self":[{"href":"https:\/\/claec.org\/ehm\/wp-json\/wp\/v2\/pages\/1405","targetHints":{"allow":["GET"]}}],"collection":[{"href":"https:\/\/claec.org\/ehm\/wp-json\/wp\/v2\/pages"}],"about":[{"href":"https:\/\/claec.org\/ehm\/wp-json\/wp\/v2\/types\/page"}],"author":[{"embeddable":true,"href":"https:\/\/claec.org\/ehm\/wp-json\/wp\/v2\/users\/1"}],"replies":[{"embeddable":true,"href":"https:\/\/claec.org\/ehm\/wp-json\/wp\/v2\/comments?post=1405"}],"version-history":[{"count":3,"href":"https:\/\/claec.org\/ehm\/wp-json\/wp\/v2\/pages\/1405\/revisions"}],"predecessor-version":[{"id":1464,"href":"https:\/\/claec.org\/ehm\/wp-json\/wp\/v2\/pages\/1405\/revisions\/1464"}],"wp:attachment":[{"href":"https:\/\/claec.org\/ehm\/wp-json\/wp\/v2\/media?parent=1405"}],"curies":[{"name":"wp","href":"https:\/\/api.w.org\/{rel}","templated":true}]}}