{"id":1386,"date":"2019-07-07T00:50:10","date_gmt":"2019-07-07T03:50:10","guid":{"rendered":"http:\/\/claec.org\/ehm\/?page_id=1386"},"modified":"2019-07-07T02:06:05","modified_gmt":"2019-07-07T05:06:05","slug":"st-09-cultura-fronteira-e-relacoes-internacionais","status":"publish","type":"page","link":"https:\/\/claec.org\/ehm\/st-09-cultura-fronteira-e-relacoes-internacionais\/","title":{"rendered":"ST 09- Cultura, Fronteira e Rela\u00e7\u00f5es Internacionais"},"content":{"rendered":"\t\t<div data-elementor-type=\"wp-post\" data-elementor-id=\"1386\" class=\"elementor elementor-1386\" data-elementor-post-type=\"page\">\n\t\t\t\t\t\t<section class=\"elementor-section elementor-top-section elementor-element elementor-element-190a0395 elementor-section-boxed elementor-section-height-default elementor-section-height-default\" data-id=\"190a0395\" data-element_type=\"section\" data-e-type=\"section\">\n\t\t\t\t\t\t<div class=\"elementor-container elementor-column-gap-default\">\n\t\t\t\t\t<div class=\"elementor-column elementor-col-100 elementor-top-column elementor-element elementor-element-5efe65ee\" data-id=\"5efe65ee\" data-element_type=\"column\" data-e-type=\"column\">\n\t\t\t<div class=\"elementor-widget-wrap elementor-element-populated\">\n\t\t\t\t\t\t<div class=\"elementor-element elementor-element-1260b881 elementor-widget elementor-widget-text-editor\" data-id=\"1260b881\" data-element_type=\"widget\" data-e-type=\"widget\" data-widget_type=\"text-editor.default\">\n\t\t\t\t<div class=\"elementor-widget-container\">\n\t\t\t\t\t\t\t\t\t<p style=\"text-align: right;\">Dra. Maria de F\u00e1tima Bento Ribeiro (UFPEL)<\/p>\n<p style=\"text-align: right;\">Dra. Angela Mara Bento Ribeiro (UNIPAMPA)<\/p>\n<p style=\"text-align: right;\">Dra. Naiara Souza da Silva (UFPEL)<\/p>\n<p style=\"text-align: center;\"><strong>RESUMO<\/strong><\/p>\n<p>Este ST visa \u00e0 reflex\u00e3o da cultura nas rela\u00e7\u00f5es internacionais. Em especial, o interesse se d\u00e1 no espa\u00e7o da Am\u00e9rica Latina, no uso dos espa\u00e7os e nos sentidos que s\u00e3o produzidos. Tais espa\u00e7os citados s\u00e3o constitu\u00eddos de m\u00faltiplas vozes, formando, assim um territ\u00f3rio de interc\u00e2mbio cultural. Nessa perspectiva, temos uma socializa\u00e7\u00e3o de informa\u00e7\u00f5es das mais diversas \u00e1reas do conhecimento, tanto do erudito quando do popular, que se torna vis\u00edvel atrav\u00e9s de estudos que entendem a cultura como instrumento de soft power nas rela\u00e7\u00f5es internacionais.<\/p>\n<p><strong>Palavras-chave: <\/strong>Cultura; Fronteira; Rela\u00e7\u00f5es Internacionais<\/p>\n<p><strong>&nbsp;<\/strong><\/p>\n<p style=\"text-align: center;\"><strong>Cultura, fronteras y relaciones internacionales<\/strong><\/p>\n<p style=\"text-align: center;\"><strong>RESUM\u00c9N<\/strong><\/p>\n<p>Este ST apunta a la reflexi\u00f3n de la cultura en las relaciones internacionales. En particular, el inter\u00e9s est\u00e1 en el espacio de Am\u00e9rica Latina, en el uso de los espacios y en los sentidos que se producen. Estos espacios est\u00e1n formados por m\u00faltiples voces, formando as\u00ed un territorio de intercambio cultural. Desde esta perspectiva, tenemos una socializaci\u00f3n de la informaci\u00f3n de las \u00e1reas de conocimiento m\u00e1s diversas, tanto acad\u00e9micas como populares, que se hace visible a trav\u00e9s de estudios que entienden la cultura como un instrumento de poder blando en las relaciones internacionales.<\/p>\n<p><strong>Palabras-clave: <\/strong>Cultura, fronteras; relaciones internacionales<\/p>\t\t\t\t\t\t\t\t<\/div>\n\t\t\t\t<\/div>\n\t\t\t\t\t<\/div>\n\t\t<\/div>\n\t\t\t\t\t<\/div>\n\t\t<\/section>\n\t\t\t\t<\/div>\n\t\t","protected":false},"excerpt":{"rendered":"<p>Dra. Maria de F\u00e1tima Bento Ribeiro (UFPEL) Dra. Angela Mara Bento Ribeiro (UNIPAMPA) Dra. Naiara Souza da Silva (UFPEL) RESUMO Este ST visa \u00e0 reflex\u00e3o da cultura nas rela\u00e7\u00f5es internacionais. Em especial, o interesse se d\u00e1 no espa\u00e7o da Am\u00e9rica Latina, no uso dos espa\u00e7os e nos sentidos que s\u00e3o produzidos. Tais espa\u00e7os citados s\u00e3o [&hellip;]<\/p>\n","protected":false},"author":1,"featured_media":0,"parent":0,"menu_order":0,"comment_status":"closed","ping_status":"closed","template":"","meta":{"_monsterinsights_skip_tracking":false,"_monsterinsights_sitenote_active":false,"_monsterinsights_sitenote_note":"","_monsterinsights_sitenote_category":0,"footnotes":""},"class_list":["post-1386","page","type-page","status-publish","hentry"],"_links":{"self":[{"href":"https:\/\/claec.org\/ehm\/wp-json\/wp\/v2\/pages\/1386","targetHints":{"allow":["GET"]}}],"collection":[{"href":"https:\/\/claec.org\/ehm\/wp-json\/wp\/v2\/pages"}],"about":[{"href":"https:\/\/claec.org\/ehm\/wp-json\/wp\/v2\/types\/page"}],"author":[{"embeddable":true,"href":"https:\/\/claec.org\/ehm\/wp-json\/wp\/v2\/users\/1"}],"replies":[{"embeddable":true,"href":"https:\/\/claec.org\/ehm\/wp-json\/wp\/v2\/comments?post=1386"}],"version-history":[{"count":3,"href":"https:\/\/claec.org\/ehm\/wp-json\/wp\/v2\/pages\/1386\/revisions"}],"predecessor-version":[{"id":1450,"href":"https:\/\/claec.org\/ehm\/wp-json\/wp\/v2\/pages\/1386\/revisions\/1450"}],"wp:attachment":[{"href":"https:\/\/claec.org\/ehm\/wp-json\/wp\/v2\/media?parent=1386"}],"curies":[{"name":"wp","href":"https:\/\/api.w.org\/{rel}","templated":true}]}}