{"id":1103,"date":"2018-09-01T15:13:57","date_gmt":"2018-09-01T18:13:57","guid":{"rendered":"http:\/\/claec.org\/ehm\/?page_id=1103"},"modified":"2019-10-15T21:17:30","modified_gmt":"2019-10-16T00:17:30","slug":"perguntas-frequentes-faq-iv-ehm","status":"publish","type":"page","link":"https:\/\/claec.org\/ehm\/perguntas-frequentes-faq-iv-ehm\/","title":{"rendered":"PERGUNTAS FREQUENTES (FAQ)- V EHM"},"content":{"rendered":"\t\t<div data-elementor-type=\"wp-post\" data-elementor-id=\"1103\" class=\"elementor elementor-1103\" data-elementor-post-type=\"page\">\n\t\t\t\t\t\t<section class=\"elementor-section elementor-top-section elementor-element elementor-element-15f77038 elementor-section-boxed elementor-section-height-default elementor-section-height-default\" data-id=\"15f77038\" data-element_type=\"section\" data-e-type=\"section\">\n\t\t\t\t\t\t<div class=\"elementor-container elementor-column-gap-default\">\n\t\t\t\t\t<div class=\"elementor-column elementor-col-100 elementor-top-column elementor-element elementor-element-56094f23\" data-id=\"56094f23\" data-element_type=\"column\" data-e-type=\"column\">\n\t\t\t<div class=\"elementor-widget-wrap elementor-element-populated\">\n\t\t\t\t\t\t<div class=\"elementor-element elementor-element-471f3e67 elementor-widget elementor-widget-text-editor\" data-id=\"471f3e67\" data-element_type=\"widget\" data-e-type=\"widget\" data-widget_type=\"text-editor.default\">\n\t\t\t\t<div class=\"elementor-widget-container\">\n\t\t\t\t\t\t\t\t\t<p><span style=\"color: #000000;\"><u>&#8211;<\/u><strong><u> QUAL LOCAL OCORRER\u00c1 O EVENTO?<\/u><\/strong><\/span><\/p>\n<p><span style=\"color: #000000;\">R: O evento ocorrer\u00e1 no estado do Rio Grande do Sul, na cidade de Jaguar\u00e3o, nas depend\u00eancias da Universidade Federal do Pampa (UNIPAMPA).<\/span><\/p>\n<p><strong><em>A Universidade Federal do Pampa campus Jaguar\u00e3o se localiza na<\/em><\/strong><\/p>\n<p><strong><em><span class=\"w8qArf\">\u00a0<\/span><span class=\"LrzXr\">Rua Conselheiro Diana, 650 &#8211; Kennedy, Jaguar\u00e3o &#8211; RS, 96300-000.<\/span><\/em><\/strong><\/p>\n<p><span style=\"color: #000000;\"><strong><u>&#8211; QUE HOR\u00c1RIO DEVO CHEGAR PARA APRESENTAR MEU TRABALHO NAS SESS\u00d5ES DE COMUNICA\u00c7\u00c3O?<\/u><\/strong><\/span><\/p>\n<p><span style=\"color: #000000;\">R: Pedimos que todos os comunicadores cheguem \u00e0 sua sess\u00e3o as 08:00 e 13:30, para descarregar seus arquivos PPT ou PDF (de prefer\u00eancia) no computador e prestigiar os trabalhos dos colegas de sess\u00e3o, permitindo uma troca mais efetiva durante as apresenta\u00e7\u00f5es.<\/span><\/p>\n<p>\u00a0<\/p>\n<p><span style=\"color: #000000;\"><strong><u>&#8211; COMO SER\u00c1 A PUBLICA\u00c7\u00c3O FINAL DOS TEXTOS COMPLETOS?<\/u><\/strong><\/span><\/p>\n<p><span style=\"color: #000000;\">R: O evento publicar\u00e1 seus anais em livro digital (E-book) com ISBN, contando como cap\u00edtulo de livro. Todos os autores que enviarem seus artigos finais seguindo as normas de publica\u00e7\u00e3o (que ser\u00e3o disponibilizada, uma semana ap\u00f3s o encerramento do evento), ter\u00e3o os mesmos publicados no livro.<\/span><\/p>\n<p><span style=\"color: #000000;\">Sendo que, esse ano cada Simp\u00f3sio tem\u00e1tico ter\u00e1 uma comunica\u00e7\u00e3o selecionada pelo coordenador como DESTAQUE, e a publica\u00e7\u00e3o do comunicador destaque ser\u00e1 publicada\u00a0 na edi\u00e7\u00e3o especial da Revista Relacult\u00a0 que estar\u00e1 dispon\u00edvel\u00a0 uma semana ap\u00f3s o encerramento do evento (<a style=\"color: #000000;\" href=\"http:\/\/periodicos.claec.org\/index.php\/relacult\">http:\/\/periodicos.claec.org\/index.php\/relacult<\/a>).<\/span><\/p>\n<p><span style=\"color: #000000;\">Todos os resumos ser\u00e3o publicados com ISBN, em formato de E-BOOK.<\/span><\/p>\n<p><span style=\"color: #000000;\"><strong><u>&#8211; QUAIS AS NORMAS DE FORMATA\u00c7\u00c3O DOS RESUMOS DE COMUNICADORES?<\/u><\/strong><\/span><\/p>\n<p><span style=\"color: #000000;\">R:\u00a0No m\u00ednimo 1500 caracteres, m\u00e1ximo sendo de 2500 caracteres, contando o espa\u00e7amento. Fa\u00e7a uma detalhada verifica\u00e7\u00e3o ortogr\u00e1fica em seu editor antes de submeter.\u00a0 Seguindo as diretrizes dispon\u00edveis no formul\u00e1rio de inscri\u00e7\u00e3o dispon\u00edvel em:\u00a0<span class=\"w8qArf\">\u00a0https:\/\/claec.org\/ehm\/comunicadores-2\/<\/span><\/span><\/p>\n<p>\u00a0<\/p>\n<p><span style=\"color: #000000;\"><strong><u>&#8211; QUANDO E COMO DEVO EFETUAR O PAGAMENTO DAS TAXAS DO EVENTO?<\/u><\/strong><\/span><\/p>\n<p><span style=\"color: #000000;\">R: O pagamento dever\u00e1 ser feito via dep\u00f3sito banc\u00e1rio ou transfer\u00eancia.<\/span><\/p>\n<p><span style=\"color: #000000;\">O mesmo dever\u00e1 ser feito dentro dos limites estabelecidos pela organiza\u00e7\u00e3o do evento, ou seja, at\u00e9 um <strong>DIA AP\u00d3S O ENCERRAMENTO\u00a0<\/strong>de inscri\u00e7\u00e3o de comunicadores.<\/span><\/p>\n<p>\u00a0<\/p>\n<p><span style=\"color: #000000;\"><strong><u>&#8211; O PAGAMENTO DA TAXA \u00c9 FEITA ANTES DO ENVIO DOS ACEITES?<\/u><\/strong><\/span><\/p>\n<p><span style=\"color: #000000;\">R: Sim. Esta \u00e9 a \u00fanica forma do evento de garantir que os trabalhos que foram aceitos ser\u00e3o de fato apresentado no evento. \u00c9 tamb\u00e9m a fonte que permite a realiza\u00e7\u00e3o das atividades pr\u00e9-evento, como a contrata\u00e7\u00e3o de servi\u00e7os e a encomenda do material do credenciamento.<\/span><\/p>\n<p>\u00a0<\/p>\n<p><span style=\"color: #000000;\"><strong><u>&#8211; OS COAUTORES TAMB\u00c9M DEVEM EFETUAR O PAGAMENTO DAS TAXAS?<\/u><\/strong><\/span><\/p>\n<p><span style=\"color: #000000;\">R: Sim, considerando que os coautores tamb\u00e9m receber\u00e3o certificados e direito \u00e0 publica\u00e7\u00e3o nos anais com ISBN, desde que o trabalho tenha sido apresentado durante o evento.<\/span><\/p>\n<p>\u00a0<\/p>\n<p><span style=\"color: #000000;\"><strong><u>&#8211; O ORIENTADOR ENTRA COMO COAUTOR? ELE TAMB\u00c9M DEVER\u00c1 PAGAR A TAXA DE INSCRI\u00c7\u00c3O?<\/u><\/strong><\/span><\/p>\n<p><span style=\"color: #000000;\">R: Sim. O orientador da pesquisa apresentada, caso deseje ter seu nome na publica\u00e7\u00e3o dever\u00e1 entrar como coautor e efetuar o pagamento segundo a sua categoria profissional.<\/span><\/p>\n<p><span style=\"color: #000000;\"><strong><u>&#8211; AMBOS OS AUTORES DEVER\u00c3O APRESENTAR O TRABALHO NAS SESS\u00d5ES DE COMUNICA\u00c7\u00c3O DO EVENTO?<\/u><\/strong><\/span><\/p>\n<p><span style=\"color: #000000;\">R: N\u00e3o. O trabalho pode ser apresentado por apenas um dos autores inscritos no evento.<\/span><\/p>\n<p>\u00a0<\/p>\n<p><span style=\"color: #000000;\"><strong><u>&#8211; QUANTO TEMPO TENHO PARA APRESENTAR MEU TRABALHO NAS SESS\u00d5ES DE COMUNICA\u00c7\u00c3O?<\/u><\/strong><\/span><\/p>\n<p><span style=\"color: #000000;\">R: O tempo base para apresenta\u00e7\u00e3o \u00e9 de 10 MINUTOS, podendo se estender at\u00e9 15 MINUTOS, dependendo da quantidade de apresentadores na sess\u00e3o e da permiss\u00e3o do coordenador, permitindo assim uma discuss\u00e3o mais profunda sobre os trabalhos apresentados.<\/span><\/p>\n<p>\u00a0<\/p>\n<p><span style=\"color: #000000;\"><strong><u>&#8211; QUAL A CARGA HOR\u00c1RIA NECESS\u00c1RIA PARA RECEBIMENTO DO CERTIFICADO DE OUVINTE E QUANTAS HORAS ELE VALE?<\/u><\/strong><\/span><\/p>\n<p><span style=\"color: #000000;\">R: Para recebimento do certificado de ouvinte \u00e9 necess\u00e1rio o comparecimento em 60% das atividades do evento, cujo certificado ser\u00e1 de 40 horas. Os minicursos N\u00c3O integram os 60% de presen\u00e7a e resultam em um certificado em separado de 20 horas de atividades.<\/span><\/p>\n<p>\u00a0<\/p>\n<p><span style=\"color: #000000;\"><strong><u>&#8211; N\u00c3O SOU DA CIDADE. ONDE POSSO ME HOSPEDAR? H\u00c1 ALGUM CONV\u00caNIO COM A UNIVERSIDADE DE HOSPEDAGEM?<\/u><\/strong><\/span><\/p>\n<p><span style=\"color: #000000;\">R: O evento n\u00e3o conta com conv\u00eanios. Todavia indicamos uma vasta gama de op\u00e7\u00f5es de hospedagem que \u00e9 de total responsabilidade dos participantes.<\/span><\/p>\n<p>\u00a0<\/p>\n<p><span style=\"color: #000000;\"><strong><u>&#8211; ISEN\u00c7\u00d5ES DAS TAXAS DE INSCRI\u00c7\u00c3O<\/u><\/strong><\/span><\/p>\n<p><span style=\"color: #000000;\">R: O evento n\u00e3o possui conv\u00eanios e\/ou categorias para isen\u00e7\u00e3o das taxas de comunica\u00e7\u00f5es e ouvintes.<\/span><\/p>\n<p>\u00a0<\/p>\n<p><span style=\"color: #000000;\"><strong><u>&#8211; ME INSCREVI COMO COMUNICADOR OU OUVINTE. DEVO PAGAR A TAXA PARA ASSISTIR AOS MINICURSOS?<\/u><\/strong><\/span><\/p>\n<p><span style=\"color: #000000;\">R: N\u00e3o,\u00a0 os minicursos\u00a0 e oficinas s\u00e3o GRATUITOS, no dia do minicurso\/oficina deve-se realizar a assinatura da lista de presen\u00e7a dispon\u00edvel na sala, o\u00a0 certificado corresponde a 20 horas de atividade.<\/span><\/p>\n<p>\u00a0<\/p>\n<p><span style=\"color: #000000;\"><strong><u>&#8211; GOSTARIA DE IR ASSISTIR AO EVENTO. PRECISO PAGAR A TAXA DE OUVINTE?<\/u><\/strong><\/span><\/p>\n<p><span style=\"color: #000000;\">R: O evento \u00e9 totalmente gratuito para ouvintes, sendo aberto a toda comunidade. Para aqueles que desejam receber o certificado, devem se inscrever no ato do credenciamento e assinarem as listas dispon\u00edveis durante as atividades.\u00a0<\/span><\/p>\n<p>\u00a0<\/p>\n<p><span style=\"color: #000000;\"><strong><u>&#8211; QUAIS OS VALORES DAS TAXAS DE INSCRI\u00c7\u00c3O?<\/u><\/strong><\/span><\/p>\n<p><span style=\"color: #000000;\">R: Tais informa\u00e7\u00f5es podem ser obtidas no link:\u00a0<\/span>https:\/\/claec.org\/ehm\/taxas\/<\/p>\n<p><span style=\"color: #000000;\"><strong><u>&#8211; COMO DEVO PROCEDER AP\u00d3S O PAGAMENTO DA TAXA DE INSCRI\u00c7\u00c3O DE COMUNICADOR:<\/u><\/strong><\/span><\/p>\n<p><span style=\"color: #000000;\">R: Ap\u00f3s efetuar o dep\u00f3sito E\/OU transfer\u00eancia\u00a0 com o valor correspondente \u00e0 sua categoria de inscri\u00e7\u00e3o ENVIAR O COMPROVANTE ESCANEADO OU FOTOGRAFADO para o formul\u00e1rio indicado em:\u00a0https:\/\/claec.org\/ehm\/comunicadores-2\/<\/span><\/p>\n<p>\u00a0<\/p>\n<p><span style=\"color: #000000;\"><strong><u>&#8211; PARA QUAL E-MAIL DEVO ENVIAR O TEXTO COMPLETO?<\/u><\/strong><\/span><\/p>\n<p><span style=\"color: #000000;\">R: O texto completo dever\u00e1 ser enviado ap\u00f3s a finaliza\u00e7\u00e3o do evento EM BREVE mais informa\u00e7\u00f5es<\/span><\/p>\n<p><span style=\"color: #000000;\"><strong><u>&#8211; COMO FA\u00c7O MINHA INSCRI\u00c7\u00c3O DE COMUNICADOR?<\/u><\/strong><\/span><\/p>\n<p><span style=\"color: #000000;\">R: As inscri\u00e7\u00f5es de comunicadores dever\u00e3o ser feitas por meio do formul\u00e1rio online, dispon\u00edvel no link:\u00a0https:\/\/claec.org\/ehm\/comunicadores-2\/<\/span><\/p>\n<p><span style=\"color: #000000;\"><strong><u>&#8211; COMO FA\u00c7O MINHA INSCRI\u00c7\u00c3O DE OUVINTE?<\/u><\/strong><\/span><\/p>\n<p><span style=\"color: #000000;\">R: As inscri\u00e7\u00f5es de ouvintes ser\u00e3o\u00a0 realizadas\u00a0<\/span><span style=\"color: #000000;\">\u00a0no\u00a0 ato do credenciamento do evento.<\/span><\/p>\n<p>\u00a0<\/p>\n<p><span style=\"color: #000000;\"><strong><u>&#8211; ESCREVI UM TRABALHO EM COAUTORIA. NESSE CASO, AMBAS PRECISAM SE INSCREVER E ENVIAR O MESMO RESUMO OU BASTA QUE UM O FA\u00c7A?<\/u><\/strong><\/span><\/p>\n<p><span style=\"color: #000000;\">R: Apenas o autor principal precisa enviar o resumo. Por\u00e9m, o coautor tamb\u00e9m dever\u00e1 efetuar o pagamento das taxas de inscri\u00e7\u00e3o e enviar o comprovante ao formul\u00e1rio indicado em:\u00a0https:\/\/claec.org\/ehm\/comunicadores-2\/<\/span><\/p>\n<p>\u00a0<\/p>\n<p><span style=\"color: #000000;\"><strong><u>&#8211; POSSO ME INSCREVER EM MAIS DE UM TRABALHO?<\/u><\/strong><\/span><\/p>\n<p><span style=\"color: #000000;\">R: S\u00f3 \u00e9 permitida a inscri\u00e7\u00e3o em um trabalho como Autor e\/ou coautor. Em casos em que o coautor seja orientador da pesquisa a ser apresentada pode ser mais de um.<\/span><\/p>\n<p><span style=\"color: #000000;\"><strong>&#8211; SUBMETI MEU RESUMO E EFETUEI A TAXA DE PAGAMENTO, O MEU TRABALHO SER\u00c1 ACEITO PARA APRESENTA\u00c7\u00c3O?<\/strong><\/span><\/p>\n<p><span style=\"color: #000000;\">R: Sim , todos os resumos submetidos de acordo com as normas do evento, ser\u00e3o aceitos para a apresenta\u00e7\u00e3o.<\/span><\/p>\n<p><span style=\"color: #000000;\"><strong>&#8211; FUI DESTAQUE DA MINHA SESS\u00c3O MEU ARTIGO SER\u00c1 PUBLICADO EM QUE PLATAFORMA? O MESMO SER\u00c1 AVALIADO?<\/strong><\/span><\/p>\n<p><span style=\"color: #000000;\">R: O artigo de comunicador destaque ser\u00e1 publicado na Revista RELACULT, e ser\u00e1 avaliado pelo coordenador do Simp\u00f3sio Tem\u00e1tico.<\/span><\/p>\n<p><span style=\"color: #000000;\">&#8211; <strong>APRESENTEI MEU TRABALHO NO EVENTO E ENVIEI MEU ARTIGO FINAL, O MESMO SER\u00c1 PUBLICADO?<\/strong><\/span><\/p>\n<p><span style=\"color: #000000;\">-R: Sim, desde que siga as normas de envio do evento, que ser\u00e3o disponibilizadas uma semana ap\u00f3s o termino do evento.\u00a0<\/span><\/p>\n<p><strong>-QUANDO OS CERTIFICADOS SER\u00c3O LIBERADOS? ELES SER\u00c3O ENVIADOS POR E-MAIL?<\/strong><\/p>\n<p>R: Os certificados ser\u00e3o liberados entre 15 a 30 dias ap\u00f3s a realiza\u00e7\u00e3o do evento, ser\u00e3o disponibilizado no site do evento.\u00a0<\/p>\n<p>&#8211;<\/p>\n<p>\u00a0<\/p>\n<p>\u00a0<\/p>\n<p><span style=\"color: #000000;\"><\/span><\/p>\n<p>\u00a0<\/p>\n<p><\/p>\t\t\t\t\t\t\t\t<\/div>\n\t\t\t\t<\/div>\n\t\t\t\t\t<\/div>\n\t\t<\/div>\n\t\t\t\t\t<\/div>\n\t\t<\/section>\n\t\t\t\t<\/div>\n\t\t","protected":false},"excerpt":{"rendered":"<p>&#8211; QUAL LOCAL OCORRER\u00c1 O EVENTO? R: O evento ocorrer\u00e1 no estado do Rio Grande do Sul, na cidade de Jaguar\u00e3o, nas depend\u00eancias da Universidade Federal do Pampa (UNIPAMPA). A Universidade Federal do Pampa campus Jaguar\u00e3o se localiza na \u00a0Rua Conselheiro Diana, 650 &#8211; Kennedy, Jaguar\u00e3o &#8211; RS, 96300-000. &#8211; QUE HOR\u00c1RIO DEVO CHEGAR PARA [&hellip;]<\/p>\n","protected":false},"author":1,"featured_media":0,"parent":0,"menu_order":0,"comment_status":"closed","ping_status":"closed","template":"","meta":{"_monsterinsights_skip_tracking":false,"_monsterinsights_sitenote_active":false,"_monsterinsights_sitenote_note":"","_monsterinsights_sitenote_category":0,"footnotes":""},"class_list":["post-1103","page","type-page","status-publish","hentry"],"_links":{"self":[{"href":"https:\/\/claec.org\/ehm\/wp-json\/wp\/v2\/pages\/1103","targetHints":{"allow":["GET"]}}],"collection":[{"href":"https:\/\/claec.org\/ehm\/wp-json\/wp\/v2\/pages"}],"about":[{"href":"https:\/\/claec.org\/ehm\/wp-json\/wp\/v2\/types\/page"}],"author":[{"embeddable":true,"href":"https:\/\/claec.org\/ehm\/wp-json\/wp\/v2\/users\/1"}],"replies":[{"embeddable":true,"href":"https:\/\/claec.org\/ehm\/wp-json\/wp\/v2\/comments?post=1103"}],"version-history":[{"count":10,"href":"https:\/\/claec.org\/ehm\/wp-json\/wp\/v2\/pages\/1103\/revisions"}],"predecessor-version":[{"id":1570,"href":"https:\/\/claec.org\/ehm\/wp-json\/wp\/v2\/pages\/1103\/revisions\/1570"}],"wp:attachment":[{"href":"https:\/\/claec.org\/ehm\/wp-json\/wp\/v2\/media?parent=1103"}],"curies":[{"name":"wp","href":"https:\/\/api.w.org\/{rel}","templated":true}]}}