{"id":863,"date":"2021-01-13T11:08:17","date_gmt":"2021-01-13T14:08:17","guid":{"rendered":"http:\/\/claec.org\/editora\/?page_id=863"},"modified":"2021-01-13T19:50:26","modified_gmt":"2021-01-13T22:50:26","slug":"intermidias-transmidias-e-estudos-culturais","status":"publish","type":"page","link":"https:\/\/claec.org\/editora\/selo-claec-e-books\/intermidias-transmidias-e-estudos-culturais\/","title":{"rendered":"Interm\u00eddias, transm\u00eddias e Estudos Culturais"},"content":{"rendered":"\n<div class=\"wp-block-image\"><figure class=\"aligncenter is-resized\"><img fetchpriority=\"high\" decoding=\"async\" src=\"https:\/\/claec.org\/editora\/wp-content\/uploads\/sites\/3\/2021\/01\/Interm\u00eddias-Transm\u00eddias-e-Estudos-Culturais-724x1024.png\" alt=\"\" class=\"wp-image-865\" width=\"212\" height=\"300\" \/><\/figure><\/div>\n\n\n\n<p>Organizadores: Maria Elisa Rodrigues Moreira, Ros\u00e2ngela Fachel de Medeiros e Juan Ferreira Fiorini<\/p>\n\n\n\n<p>ISBN:  978-65-89284-05-5<\/p>\n\n\n\n<p>Ano de Publica\u00e7\u00e3o: 2021<\/p>\n\n\n\n<p>Formato: PDF<\/p>\n\n\n\n<p>N\u00famero de P\u00e1ginas: 131<\/p>\n\n\n\n<p><strong><a href=\"https:\/\/claec.org\/editora\/wp-content\/uploads\/sites\/3\/2021\/01\/Interm%C3%ADdias-transm%C3%ADdias-e-estudos-culturais-final.pdf\">Acesse aqui a publica\u00e7\u00e3o.<\/a><\/strong><\/p>\n","protected":false},"excerpt":{"rendered":"<p>Organizadores: Maria Elisa Rodrigues Moreira, Ros\u00e2ngela Fachel de Medeiros e Juan Ferreira Fiorini ISBN: 978-65-89284-05-5 Ano de Publica\u00e7\u00e3o: 2021 Formato: PDF N\u00famero de P\u00e1ginas: 131 Acesse aqui a publica\u00e7\u00e3o.<\/p>\n","protected":false},"author":12,"featured_media":0,"parent":704,"menu_order":0,"comment_status":"closed","ping_status":"closed","template":"","meta":{"_monsterinsights_skip_tracking":false,"_monsterinsights_sitenote_active":false,"_monsterinsights_sitenote_note":"","_monsterinsights_sitenote_category":0,"footnotes":""},"class_list":["post-863","page","type-page","status-publish","hentry"],"_links":{"self":[{"href":"https:\/\/claec.org\/editora\/wp-json\/wp\/v2\/pages\/863","targetHints":{"allow":["GET"]}}],"collection":[{"href":"https:\/\/claec.org\/editora\/wp-json\/wp\/v2\/pages"}],"about":[{"href":"https:\/\/claec.org\/editora\/wp-json\/wp\/v2\/types\/page"}],"author":[{"embeddable":true,"href":"https:\/\/claec.org\/editora\/wp-json\/wp\/v2\/users\/12"}],"replies":[{"embeddable":true,"href":"https:\/\/claec.org\/editora\/wp-json\/wp\/v2\/comments?post=863"}],"version-history":[{"count":2,"href":"https:\/\/claec.org\/editora\/wp-json\/wp\/v2\/pages\/863\/revisions"}],"predecessor-version":[{"id":871,"href":"https:\/\/claec.org\/editora\/wp-json\/wp\/v2\/pages\/863\/revisions\/871"}],"up":[{"embeddable":true,"href":"https:\/\/claec.org\/editora\/wp-json\/wp\/v2\/pages\/704"}],"wp:attachment":[{"href":"https:\/\/claec.org\/editora\/wp-json\/wp\/v2\/media?parent=863"}],"curies":[{"name":"wp","href":"https:\/\/api.w.org\/{rel}","templated":true}]}}