{"id":844,"date":"2021-01-11T12:23:26","date_gmt":"2021-01-11T15:23:26","guid":{"rendered":"http:\/\/claec.org\/editora\/?page_id=844"},"modified":"2022-05-14T16:58:44","modified_gmt":"2022-05-14T19:58:44","slug":"integracao-e-multiculturalismo-na-america-latina-perspectiva-historica-e-desafios-no-contexto-atual-coletanea-de-artigos-do-ii-seminario-latino-americano-de-estudos-em-cultura","status":"publish","type":"page","link":"https:\/\/claec.org\/editora\/catalogo\/integracao-e-multiculturalismo-na-america-latina-perspectiva-historica-e-desafios-no-contexto-atual-coletanea-de-artigos-do-ii-seminario-latino-americano-de-estudos-em-cultura\/","title":{"rendered":"Integra\u00e7\u00e3o e Multiculturalismo na Am\u00e9rica Latina: Perspectiva hist\u00f3rica e desafios no contexto atual Colet\u00e2nea de artigos do II Semin\u00e1rio Latino-Americano de Estudos em Cultura"},"content":{"rendered":"\n<div class=\"wp-block-image\"><figure class=\"aligncenter is-resized\"><img fetchpriority=\"high\" decoding=\"async\" src=\"https:\/\/claec.org\/editora\/wp-content\/uploads\/sites\/3\/2021\/01\/CAPA-724x1024.png\" alt=\"\" class=\"wp-image-845\" width=\"313\" height=\"443\" srcset=\"https:\/\/claec.org\/editora\/wp-content\/uploads\/sites\/3\/2021\/01\/CAPA-724x1024.png 724w, https:\/\/claec.org\/editora\/wp-content\/uploads\/sites\/3\/2021\/01\/CAPA-212x300.png 212w, https:\/\/claec.org\/editora\/wp-content\/uploads\/sites\/3\/2021\/01\/CAPA-768x1086.png 768w\" sizes=\"(max-width: 313px) 100vw, 313px\" \/><\/figure><\/div>\n\n\n\n<p><\/p>\n\n\n\n<p>Organizadores:&nbsp;Bruno C\u00e9sar Alves Marcelino,&nbsp;Laura Jana\u00edna Dias Amato e Senilde Alc\u00e2ntara Guanaes<\/p>\n\n\n\n<p>ISBN:  978-65-86746-08-2 <\/p>\n\n\n\n<p>Ano de Publica\u00e7\u00e3o: 2018<\/p>\n\n\n\n<p>Formato: PDF<\/p>\n\n\n\n<p>N\u00famero de P\u00e1ginas: 1887<\/p>\n\n\n\n<p>Sinopse:<\/p>\n\n\n\n<p>Apresentamos o livro contendo os artigos, resumos expandidos e relatos de experi\u00eancias apresentados no II Semin\u00e1rio Latino-Americano de Estudos em Cultura, realizado entre os dias 26 e 28 de setembro, em Foz do Igua\u00e7u\/PR \u2013 Brasil, sob a tem\u00e1tica \u201cIntegra\u00e7\u00e3o e Multiculturalismo na Am\u00e9rica Latina: Perspectiva hist\u00f3rica e desafios no contexto atual\u201d, o semin\u00e1rio \u00e9 uma iniciativa do CLAEC \u2013 Centro Latino-Americano de Estudos em Cultura, em parceria com a&nbsp; UNILA \u2013 Universidade Federal da Integra\u00e7\u00e3o Latino-Americana por meio do Instituto Latino-Americano de Arte, Cultura e Hist\u00f3ria \u2013 ILAACH: Programa de P\u00f3s-Gradua\u00e7\u00e3o Interdisciplinar em Estudos Latino-Americanos \u2013 PPG-IELA e do Instituto Latino-Americano de Economia, Sociedade e Pol\u00edtica \u2013 ILAESP: Programa de P\u00f3s-Gradua\u00e7\u00e3o em Integra\u00e7\u00e3o Contempor\u00e2nea da Am\u00e9rica Latina \u2013 PPG-ICAL, com financiamento da Coordena\u00e7\u00e3o de Aperfei\u00e7oamento de Pessoal de N\u00edvel Superior \u2013 CAPES e organiza\u00e7\u00e3o e produ\u00e7\u00e3o pela BM Consultoria e Projetos.<\/p>\n\n\n\n<p><strong><a href=\"https:\/\/publicar.claec.org\/index.php\/editora\/catalog\/book\/33\">Acesse aqui a publica\u00e7\u00e3o.<\/a><\/strong><\/p>\n","protected":false},"excerpt":{"rendered":"<p>Organizadores:&nbsp;Bruno C\u00e9sar Alves Marcelino,&nbsp;Laura Jana\u00edna Dias Amato e Senilde Alc\u00e2ntara Guanaes ISBN: 978-65-86746-08-2 Ano de Publica\u00e7\u00e3o: 2018 Formato: PDF N\u00famero de P\u00e1ginas: 1887 Sinopse: Apresentamos o livro contendo os artigos, resumos expandidos e relatos de experi\u00eancias apresentados no II Semin\u00e1rio Latino-Americano de Estudos em Cultura, realizado entre os dias 26 e 28 de setembro, em [&hellip;]<\/p>\n","protected":false},"author":1,"featured_media":845,"parent":270,"menu_order":0,"comment_status":"closed","ping_status":"closed","template":"","meta":{"_monsterinsights_skip_tracking":false,"_monsterinsights_sitenote_active":false,"_monsterinsights_sitenote_note":"","_monsterinsights_sitenote_category":0,"footnotes":""},"class_list":["post-844","page","type-page","status-publish","has-post-thumbnail","hentry"],"_links":{"self":[{"href":"https:\/\/claec.org\/editora\/wp-json\/wp\/v2\/pages\/844","targetHints":{"allow":["GET"]}}],"collection":[{"href":"https:\/\/claec.org\/editora\/wp-json\/wp\/v2\/pages"}],"about":[{"href":"https:\/\/claec.org\/editora\/wp-json\/wp\/v2\/types\/page"}],"author":[{"embeddable":true,"href":"https:\/\/claec.org\/editora\/wp-json\/wp\/v2\/users\/1"}],"replies":[{"embeddable":true,"href":"https:\/\/claec.org\/editora\/wp-json\/wp\/v2\/comments?post=844"}],"version-history":[{"count":3,"href":"https:\/\/claec.org\/editora\/wp-json\/wp\/v2\/pages\/844\/revisions"}],"predecessor-version":[{"id":1209,"href":"https:\/\/claec.org\/editora\/wp-json\/wp\/v2\/pages\/844\/revisions\/1209"}],"up":[{"embeddable":true,"href":"https:\/\/claec.org\/editora\/wp-json\/wp\/v2\/pages\/270"}],"wp:featuredmedia":[{"embeddable":true,"href":"https:\/\/claec.org\/editora\/wp-json\/wp\/v2\/media\/845"}],"wp:attachment":[{"href":"https:\/\/claec.org\/editora\/wp-json\/wp\/v2\/media?parent=844"}],"curies":[{"name":"wp","href":"https:\/\/api.w.org\/{rel}","templated":true}]}}