{"id":808,"date":"2020-12-14T09:49:11","date_gmt":"2020-12-14T12:49:11","guid":{"rendered":"http:\/\/claec.org\/editora\/?page_id=808"},"modified":"2020-12-14T09:49:11","modified_gmt":"2020-12-14T12:49:11","slug":"corpografias-da-cena-urbana-poeticas-do-habitar-marginal","status":"publish","type":"page","link":"https:\/\/claec.org\/editora\/selo-claec-e-books\/corpografias-da-cena-urbana-poeticas-do-habitar-marginal\/","title":{"rendered":"Corpografias da Cena Urbana: po\u00e9ticas do habitar marginal"},"content":{"rendered":"<p><img fetchpriority=\"high\" decoding=\"async\" class=\"alignnone size-medium wp-image-809 aligncenter\" src=\"https:\/\/claec.org\/editora\/wp-content\/uploads\/sites\/3\/2020\/12\/Corpografias-da-Cena-Urbana-Modelo-2-212x300.png\" alt=\"\" width=\"212\" height=\"300\" \/><\/p>\n<p>Organizador: Antonio Carlos Queiroz Filho<\/p>\n<p>ISBN: 978-65-89284-02-4<\/p>\n<p>Ano de Publica\u00e7\u00e3o: 2020<\/p>\n<p>Formato: PDF<\/p>\n<p>N\u00famero de P\u00e1ginas: 110<\/p>\n<p><a href=\"https:\/\/claec.org\/editora\/wp-content\/uploads\/sites\/3\/2020\/12\/CORPOGRAFIAS-DA-CENA-URBANA-Poeticas-do-habitar-marginal.pdf\"><strong>Acesse aqui a publica\u00e7\u00e3o.<\/strong><\/a><\/p>\n","protected":false},"excerpt":{"rendered":"<p>Organizador: Antonio Carlos Queiroz Filho ISBN: 978-65-89284-02-4 Ano de Publica\u00e7\u00e3o: 2020 Formato: PDF N\u00famero de P\u00e1ginas: 110 Acesse aqui a publica\u00e7\u00e3o.<\/p>\n","protected":false},"author":12,"featured_media":0,"parent":704,"menu_order":0,"comment_status":"closed","ping_status":"closed","template":"","meta":{"_monsterinsights_skip_tracking":false,"_monsterinsights_sitenote_active":false,"_monsterinsights_sitenote_note":"","_monsterinsights_sitenote_category":0,"footnotes":""},"class_list":["post-808","page","type-page","status-publish","hentry"],"_links":{"self":[{"href":"https:\/\/claec.org\/editora\/wp-json\/wp\/v2\/pages\/808","targetHints":{"allow":["GET"]}}],"collection":[{"href":"https:\/\/claec.org\/editora\/wp-json\/wp\/v2\/pages"}],"about":[{"href":"https:\/\/claec.org\/editora\/wp-json\/wp\/v2\/types\/page"}],"author":[{"embeddable":true,"href":"https:\/\/claec.org\/editora\/wp-json\/wp\/v2\/users\/12"}],"replies":[{"embeddable":true,"href":"https:\/\/claec.org\/editora\/wp-json\/wp\/v2\/comments?post=808"}],"version-history":[{"count":1,"href":"https:\/\/claec.org\/editora\/wp-json\/wp\/v2\/pages\/808\/revisions"}],"predecessor-version":[{"id":811,"href":"https:\/\/claec.org\/editora\/wp-json\/wp\/v2\/pages\/808\/revisions\/811"}],"up":[{"embeddable":true,"href":"https:\/\/claec.org\/editora\/wp-json\/wp\/v2\/pages\/704"}],"wp:attachment":[{"href":"https:\/\/claec.org\/editora\/wp-json\/wp\/v2\/media?parent=808"}],"curies":[{"name":"wp","href":"https:\/\/api.w.org\/{rel}","templated":true}]}}