{"id":625,"date":"2020-10-09T16:01:19","date_gmt":"2020-10-09T19:01:19","guid":{"rendered":"http:\/\/claec.org\/editora\/?page_id=625"},"modified":"2020-10-09T16:04:43","modified_gmt":"2020-10-09T19:04:43","slug":"a-cultura-do-ser-e-o-ser-da-cultura-contextos-formas-de-producao-e-desenvolvimento-social-na-america-latina-reuniao-de-artigos-do-culturas-2019","status":"publish","type":"page","link":"https:\/\/claec.org\/editora\/catalogo\/a-cultura-do-ser-e-o-ser-da-cultura-contextos-formas-de-producao-e-desenvolvimento-social-na-america-latina-reuniao-de-artigos-do-culturas-2019\/","title":{"rendered":"A cultura do ser e o ser da cultura: contextos, formas de produ\u00e7\u00e3o e desenvolvimento social na Am\u00e9rica Latina &#8211; Reuni\u00e3o de artigos do Culturas 2019"},"content":{"rendered":"<p><img fetchpriority=\"high\" decoding=\"async\" class=\"aligncenter wp-image-629 size-medium\" src=\"https:\/\/claec.org\/editora\/wp-content\/uploads\/sites\/3\/2020\/10\/e-book-final-1-212x300.jpg\" alt=\"\" width=\"212\" height=\"300\" srcset=\"https:\/\/claec.org\/editora\/wp-content\/uploads\/sites\/3\/2020\/10\/e-book-final-1-212x300.jpg 212w, https:\/\/claec.org\/editora\/wp-content\/uploads\/sites\/3\/2020\/10\/e-book-final-1-768x1086.jpg 768w, https:\/\/claec.org\/editora\/wp-content\/uploads\/sites\/3\/2020\/10\/e-book-final-1-724x1024.jpg 724w, https:\/\/claec.org\/editora\/wp-content\/uploads\/sites\/3\/2020\/10\/e-book-final-1.jpg 1654w\" sizes=\"(max-width: 212px) 100vw, 212px\" \/><\/p>\n<p>&nbsp;<\/p>\n<p>Organizadores: Bruno C\u00e9sar Alves Marcelino,&nbsp;Cristiane Dambr\u00f3s e Rafael Henrique Cruz de Sousa<\/p>\n<p>ISBN: 978-65-86746-03-7<\/p>\n<p>Ano de Publica\u00e7\u00e3o: 2019<\/p>\n<p>Formato: PDF<\/p>\n<p>N\u00famero de P\u00e1ginas: 420<\/p>\n<p>Sinopse:<\/p>\n<p>&nbsp;<\/p>\n<p><strong><a href=\"https:\/\/claec.org\/editora\/wp-content\/uploads\/sites\/3\/2020\/10\/e-book-final.pdf\">Acesse aqui a publica\u00e7\u00e3o.<\/a><\/strong><\/p>\n<div id=\"njcdgcofcbnlbpkpdhmlmiblaglnkpnj\"><\/div>\n","protected":false},"excerpt":{"rendered":"<p>&nbsp; Organizadores: Bruno C\u00e9sar Alves Marcelino,&nbsp;Cristiane Dambr\u00f3s e Rafael Henrique Cruz de Sousa ISBN: 978-65-86746-03-7 Ano de Publica\u00e7\u00e3o: 2019 Formato: PDF N\u00famero de P\u00e1ginas: 420 Sinopse: &nbsp; Acesse aqui a publica\u00e7\u00e3o.<\/p>\n","protected":false},"author":1,"featured_media":629,"parent":270,"menu_order":0,"comment_status":"closed","ping_status":"closed","template":"","meta":{"_monsterinsights_skip_tracking":false,"_monsterinsights_sitenote_active":false,"_monsterinsights_sitenote_note":"","_monsterinsights_sitenote_category":0,"footnotes":""},"class_list":["post-625","page","type-page","status-publish","has-post-thumbnail","hentry"],"_links":{"self":[{"href":"https:\/\/claec.org\/editora\/wp-json\/wp\/v2\/pages\/625","targetHints":{"allow":["GET"]}}],"collection":[{"href":"https:\/\/claec.org\/editora\/wp-json\/wp\/v2\/pages"}],"about":[{"href":"https:\/\/claec.org\/editora\/wp-json\/wp\/v2\/types\/page"}],"author":[{"embeddable":true,"href":"https:\/\/claec.org\/editora\/wp-json\/wp\/v2\/users\/1"}],"replies":[{"embeddable":true,"href":"https:\/\/claec.org\/editora\/wp-json\/wp\/v2\/comments?post=625"}],"version-history":[{"count":2,"href":"https:\/\/claec.org\/editora\/wp-json\/wp\/v2\/pages\/625\/revisions"}],"predecessor-version":[{"id":633,"href":"https:\/\/claec.org\/editora\/wp-json\/wp\/v2\/pages\/625\/revisions\/633"}],"up":[{"embeddable":true,"href":"https:\/\/claec.org\/editora\/wp-json\/wp\/v2\/pages\/270"}],"wp:featuredmedia":[{"embeddable":true,"href":"https:\/\/claec.org\/editora\/wp-json\/wp\/v2\/media\/629"}],"wp:attachment":[{"href":"https:\/\/claec.org\/editora\/wp-json\/wp\/v2\/media?parent=625"}],"curies":[{"name":"wp","href":"https:\/\/api.w.org\/{rel}","templated":true}]}}