{"id":565,"date":"2020-08-18T19:43:40","date_gmt":"2020-08-18T22:43:40","guid":{"rendered":"http:\/\/claec.org\/editora\/?page_id=565"},"modified":"2020-08-18T19:46:43","modified_gmt":"2020-08-18T22:46:43","slug":"sons-imagens-pensamentos-infancias-em-tempos-de-pandemia","status":"publish","type":"page","link":"https:\/\/claec.org\/editora\/catalogo\/sons-imagens-pensamentos-infancias-em-tempos-de-pandemia\/","title":{"rendered":"Sons, imagens, pensamentos: inf\u00e2ncias em tempos de pandemia"},"content":{"rendered":"<p><img fetchpriority=\"high\" decoding=\"async\" class=\"size-medium wp-image-566 aligncenter\" src=\"https:\/\/claec.org\/editora\/wp-content\/uploads\/sites\/3\/2020\/08\/capa-colorida-300x300.jpg\" alt=\"\" width=\"300\" height=\"300\" srcset=\"https:\/\/claec.org\/editora\/wp-content\/uploads\/sites\/3\/2020\/08\/capa-colorida-300x300.jpg 300w, https:\/\/claec.org\/editora\/wp-content\/uploads\/sites\/3\/2020\/08\/capa-colorida-150x150.jpg 150w, https:\/\/claec.org\/editora\/wp-content\/uploads\/sites\/3\/2020\/08\/capa-colorida-768x768.jpg 768w, https:\/\/claec.org\/editora\/wp-content\/uploads\/sites\/3\/2020\/08\/capa-colorida-1024x1024.jpg 1024w, https:\/\/claec.org\/editora\/wp-content\/uploads\/sites\/3\/2020\/08\/capa-colorida-730x730.jpg 730w, https:\/\/claec.org\/editora\/wp-content\/uploads\/sites\/3\/2020\/08\/capa-colorida-365x365.jpg 365w, https:\/\/claec.org\/editora\/wp-content\/uploads\/sites\/3\/2020\/08\/capa-colorida-540x540.jpg 540w, https:\/\/claec.org\/editora\/wp-content\/uploads\/sites\/3\/2020\/08\/capa-colorida-270x270.jpg 270w\" sizes=\"(max-width: 300px) 100vw, 300px\" \/><\/p>\n<p>Autores: Sueli Salva e Lucas da Silva Martinez<\/p>\n<p>ISBN: 978-65-86746-02-0<\/p>\n<p>Ano de Publica\u00e7\u00e3o: 2020<\/p>\n<p>Formato: PDF<\/p>\n<p>N\u00famero de P\u00e1ginas: 72<\/p>\n<p>Sinopse:\u00a0Como algumas crian\u00e7as est\u00e3o atravessando esse per\u00edodo de isolamento f\u00edsico? Como \u00e9 estar em casa sem estar em f\u00e9rias? Estas foram perguntas norteadoras para o desenvolvimento deste trabalho de escuta \u00e0s crian\u00e7as, desenvolvido pelo N\u00facleo de Estudos e Pesquisas em Educa\u00e7\u00e3o e Inf\u00e2ncia (NEPEI\/UFSM). As vozes das crian\u00e7as est\u00e3o reunidas neste livro, permeado tamb\u00e9m por imagens delas na escola antes do per\u00edodo de isolamento, desenhos e pinturas de crian\u00e7as e momentos vividos com suas fam\u00edlias durante este per\u00edodo. O livro coloca as crian\u00e7as n\u00e3o s\u00f3 no centro da cena, eleva-as \u00e0 sujeito com direito a dizer sobre si, sobre o que vivem. A voz inquietante da crian\u00e7a, quase de passarinho na primavera, poder\u00e1 dizer palavras sobre um tempo em que os adultos ainda n\u00e3o as t\u00eam. S\u00e3o palavras de nascimento, talvez de um novo tempo \u00e0 espera de crescer. \u00c9 esse tempo que buscamos entender, enquanto o atravessamos, atrav\u00e9s das vozes das crian\u00e7as.<\/p>\n<p><strong><a href=\"https:\/\/claec.org\/editora\/wp-content\/uploads\/sites\/3\/2020\/07\/Sons_imagens_pensamentos_infancias_em_tempos_de_pandemia-1.pdf\">Acesse aqui a publica\u00e7\u00e3o.<\/a><\/strong><\/p>\n","protected":false},"excerpt":{"rendered":"<p>Autores: Sueli Salva e Lucas da Silva Martinez ISBN: 978-65-86746-02-0 Ano de Publica\u00e7\u00e3o: 2020 Formato: PDF N\u00famero de P\u00e1ginas: 72 Sinopse:\u00a0Como algumas crian\u00e7as est\u00e3o atravessando esse per\u00edodo de isolamento f\u00edsico? Como \u00e9 estar em casa sem estar em f\u00e9rias? Estas foram perguntas norteadoras para o desenvolvimento deste trabalho de escuta \u00e0s crian\u00e7as, desenvolvido pelo N\u00facleo [&hellip;]<\/p>\n","protected":false},"author":12,"featured_media":0,"parent":270,"menu_order":0,"comment_status":"closed","ping_status":"closed","template":"","meta":{"_monsterinsights_skip_tracking":false,"_monsterinsights_sitenote_active":false,"_monsterinsights_sitenote_note":"","_monsterinsights_sitenote_category":0,"footnotes":""},"class_list":["post-565","page","type-page","status-publish","hentry"],"_links":{"self":[{"href":"https:\/\/claec.org\/editora\/wp-json\/wp\/v2\/pages\/565","targetHints":{"allow":["GET"]}}],"collection":[{"href":"https:\/\/claec.org\/editora\/wp-json\/wp\/v2\/pages"}],"about":[{"href":"https:\/\/claec.org\/editora\/wp-json\/wp\/v2\/types\/page"}],"author":[{"embeddable":true,"href":"https:\/\/claec.org\/editora\/wp-json\/wp\/v2\/users\/12"}],"replies":[{"embeddable":true,"href":"https:\/\/claec.org\/editora\/wp-json\/wp\/v2\/comments?post=565"}],"version-history":[{"count":3,"href":"https:\/\/claec.org\/editora\/wp-json\/wp\/v2\/pages\/565\/revisions"}],"predecessor-version":[{"id":583,"href":"https:\/\/claec.org\/editora\/wp-json\/wp\/v2\/pages\/565\/revisions\/583"}],"up":[{"embeddable":true,"href":"https:\/\/claec.org\/editora\/wp-json\/wp\/v2\/pages\/270"}],"wp:attachment":[{"href":"https:\/\/claec.org\/editora\/wp-json\/wp\/v2\/media?parent=565"}],"curies":[{"name":"wp","href":"https:\/\/api.w.org\/{rel}","templated":true}]}}