{"id":529,"date":"2020-06-02T19:49:33","date_gmt":"2020-06-02T22:49:33","guid":{"rendered":"http:\/\/claec.org\/editora\/?page_id=529"},"modified":"2020-06-02T19:49:33","modified_gmt":"2020-06-02T22:49:33","slug":"entre-olhares-e-tramas-uma-poetica-para-os-espacos-de-jaguarao","status":"publish","type":"page","link":"https:\/\/claec.org\/editora\/catalogo\/entre-olhares-e-tramas-uma-poetica-para-os-espacos-de-jaguarao\/","title":{"rendered":"Entre olhares e tramas: uma po\u00e9tica para os espa\u00e7os de Jaguar\u00e3o"},"content":{"rendered":"<p><img fetchpriority=\"high\" decoding=\"async\" class=\" wp-image-542 aligncenter\" src=\"https:\/\/claec.org\/editora\/wp-content\/uploads\/sites\/3\/2020\/06\/CAPA-Livro-entre-olhares-e-tramas-CLAEC.jpg\" alt=\"\" width=\"310\" height=\"310\" \/><\/p>\n<p>Organizadores:\u00a0Ana L\u00facia Montano Boessio; Jonas dos Santos; Leonardo Terra Messias; Magnum Patron S\u00f3ria.<\/p>\n<p>ISBN: 978-65-86746-00-6<\/p>\n<p>Ano de Publica\u00e7\u00e3o: 2020<\/p>\n<p>Formato: PDF<\/p>\n<p>N\u00famero de P\u00e1ginas: 70<\/p>\n<p>Sinopse:<\/p>\n<p><strong><a href=\"https:\/\/claec.org\/editora\/wp-content\/uploads\/sites\/3\/2020\/06\/Pronto-Livro-entre-olhares-e-tramas-CLAEC.pdf\">Acesse aqui a publica\u00e7\u00e3o.<\/a><\/strong><\/p>\n<div id=\"njcdgcofcbnlbpkpdhmlmiblaglnkpnj\"><\/div>\n","protected":false},"excerpt":{"rendered":"<p>Organizadores:\u00a0Ana L\u00facia Montano Boessio; Jonas dos Santos; Leonardo Terra Messias; Magnum Patron S\u00f3ria. ISBN: 978-65-86746-00-6 Ano de Publica\u00e7\u00e3o: 2020 Formato: PDF N\u00famero de P\u00e1ginas: 70 Sinopse: Acesse aqui a publica\u00e7\u00e3o.<\/p>\n","protected":false},"author":1,"featured_media":0,"parent":270,"menu_order":0,"comment_status":"closed","ping_status":"closed","template":"","meta":{"_monsterinsights_skip_tracking":false,"_monsterinsights_sitenote_active":false,"_monsterinsights_sitenote_note":"","_monsterinsights_sitenote_category":0,"footnotes":""},"class_list":["post-529","page","type-page","status-publish","hentry"],"_links":{"self":[{"href":"https:\/\/claec.org\/editora\/wp-json\/wp\/v2\/pages\/529","targetHints":{"allow":["GET"]}}],"collection":[{"href":"https:\/\/claec.org\/editora\/wp-json\/wp\/v2\/pages"}],"about":[{"href":"https:\/\/claec.org\/editora\/wp-json\/wp\/v2\/types\/page"}],"author":[{"embeddable":true,"href":"https:\/\/claec.org\/editora\/wp-json\/wp\/v2\/users\/1"}],"replies":[{"embeddable":true,"href":"https:\/\/claec.org\/editora\/wp-json\/wp\/v2\/comments?post=529"}],"version-history":[{"count":2,"href":"https:\/\/claec.org\/editora\/wp-json\/wp\/v2\/pages\/529\/revisions"}],"predecessor-version":[{"id":545,"href":"https:\/\/claec.org\/editora\/wp-json\/wp\/v2\/pages\/529\/revisions\/545"}],"up":[{"embeddable":true,"href":"https:\/\/claec.org\/editora\/wp-json\/wp\/v2\/pages\/270"}],"wp:attachment":[{"href":"https:\/\/claec.org\/editora\/wp-json\/wp\/v2\/media?parent=529"}],"curies":[{"name":"wp","href":"https:\/\/api.w.org\/{rel}","templated":true}]}}