{"id":480,"date":"2020-05-11T22:07:22","date_gmt":"2020-05-12T01:07:22","guid":{"rendered":"http:\/\/claec.org\/editora\/?page_id=480"},"modified":"2020-05-13T20:58:32","modified_gmt":"2020-05-13T23:58:32","slug":"dossie-cultura-em-foco","status":"publish","type":"page","link":"https:\/\/claec.org\/editora\/catalogo\/dossie-cultura-em-foco\/","title":{"rendered":"Dossi\u00ea cultura em foco: Identidade Cultural na di\u00e1spora Afro-latino-americana e caribenha"},"content":{"rendered":"<p><img fetchpriority=\"high\" decoding=\"async\" class=\"aligncenter wp-image-475 size-medium\" src=\"https:\/\/claec.org\/editora\/wp-content\/uploads\/sites\/3\/2020\/05\/capa-dossie-212x300.png\" alt=\"\" width=\"212\" height=\"300\" srcset=\"https:\/\/claec.org\/editora\/wp-content\/uploads\/sites\/3\/2020\/05\/capa-dossie-212x300.png 212w, https:\/\/claec.org\/editora\/wp-content\/uploads\/sites\/3\/2020\/05\/capa-dossie-768x1086.png 768w, https:\/\/claec.org\/editora\/wp-content\/uploads\/sites\/3\/2020\/05\/capa-dossie-724x1024.png 724w\" sizes=\"(max-width: 212px) 100vw, 212px\" \/><\/p>\n<p>Organizador: Bruno C\u00e9sar Alves Marcelino<\/p>\n<p>ISBN: 978-65-86746-01-3<\/p>\n<p>Ano de Publica\u00e7\u00e3o: 2019<\/p>\n<p>Formato: PDF<\/p>\n<p>N\u00famero de P\u00e1ginas: 105<\/p>\n<p>Sinopse:\u00a0O e-book tem como proposta divulgar produ\u00e7\u00f5es cient\u00edficas que dialoguem com o processo de constru\u00e7\u00e3o da identidade cultural afro-latino-americana e caribenha, desde e por meio dos processos de di\u00e1spora ocorridos ao longo dos s\u00e9culos na regi\u00e3o. Considerando di\u00e1spora africana como um fen\u00f4meno hist\u00f3rico, social e cultural, de imigra\u00e7\u00e3o for\u00e7ada de indiv\u00edduos do continente africano para a Am\u00e9rica, em especial a Am\u00e9rica Latina e o Caribe.<\/p>\n<p><strong><a href=\"https:\/\/claec.org\/editora\/wp-content\/uploads\/sites\/3\/2020\/05\/Livro-Completo-1.pdf\">Acesse aqui a publica\u00e7\u00e3o.<\/a><\/strong><\/p>\n<div id=\"njcdgcofcbnlbpkpdhmlmiblaglnkpnj\"><\/div>\n","protected":false},"excerpt":{"rendered":"<p>Organizador: Bruno C\u00e9sar Alves Marcelino ISBN: 978-65-86746-01-3 Ano de Publica\u00e7\u00e3o: 2019 Formato: PDF N\u00famero de P\u00e1ginas: 105 Sinopse:\u00a0O e-book tem como proposta divulgar produ\u00e7\u00f5es cient\u00edficas que dialoguem com o processo de constru\u00e7\u00e3o da identidade cultural afro-latino-americana e caribenha, desde e por meio dos processos de di\u00e1spora ocorridos ao longo dos s\u00e9culos na regi\u00e3o. Considerando di\u00e1spora [&hellip;]<\/p>\n","protected":false},"author":1,"featured_media":0,"parent":270,"menu_order":0,"comment_status":"closed","ping_status":"closed","template":"","meta":{"_monsterinsights_skip_tracking":false,"_monsterinsights_sitenote_active":false,"_monsterinsights_sitenote_note":"","_monsterinsights_sitenote_category":0,"footnotes":""},"class_list":["post-480","page","type-page","status-publish","hentry"],"_links":{"self":[{"href":"https:\/\/claec.org\/editora\/wp-json\/wp\/v2\/pages\/480","targetHints":{"allow":["GET"]}}],"collection":[{"href":"https:\/\/claec.org\/editora\/wp-json\/wp\/v2\/pages"}],"about":[{"href":"https:\/\/claec.org\/editora\/wp-json\/wp\/v2\/types\/page"}],"author":[{"embeddable":true,"href":"https:\/\/claec.org\/editora\/wp-json\/wp\/v2\/users\/1"}],"replies":[{"embeddable":true,"href":"https:\/\/claec.org\/editora\/wp-json\/wp\/v2\/comments?post=480"}],"version-history":[{"count":3,"href":"https:\/\/claec.org\/editora\/wp-json\/wp\/v2\/pages\/480\/revisions"}],"predecessor-version":[{"id":518,"href":"https:\/\/claec.org\/editora\/wp-json\/wp\/v2\/pages\/480\/revisions\/518"}],"up":[{"embeddable":true,"href":"https:\/\/claec.org\/editora\/wp-json\/wp\/v2\/pages\/270"}],"wp:attachment":[{"href":"https:\/\/claec.org\/editora\/wp-json\/wp\/v2\/media?parent=480"}],"curies":[{"name":"wp","href":"https:\/\/api.w.org\/{rel}","templated":true}]}}