{"id":314,"date":"2019-06-03T14:57:58","date_gmt":"2019-06-03T17:57:58","guid":{"rendered":"http:\/\/claec.org\/editora\/?page_id=314"},"modified":"2019-06-03T14:58:20","modified_gmt":"2019-06-03T17:58:20","slug":"314-2","status":"publish","type":"page","link":"https:\/\/claec.org\/editora\/catalogo\/314-2\/","title":{"rendered":"Anais Eletr\u00f4nicos: IV Encontro Hist\u00f3ria, Imagem e Cultura Visual &#8211; ANPUH-RS"},"content":{"rendered":"<p><img fetchpriority=\"high\" decoding=\"async\" class=\"alignnone size-medium wp-image-317\" src=\"https:\/\/claec.org\/editora\/wp-content\/uploads\/sites\/3\/2019\/06\/CAPA-caderno-anais-ANPUH-2017-1-212x300.jpg\" alt=\"\" width=\"212\" height=\"300\" srcset=\"https:\/\/claec.org\/editora\/wp-content\/uploads\/sites\/3\/2019\/06\/CAPA-caderno-anais-ANPUH-2017-1-212x300.jpg 212w, https:\/\/claec.org\/editora\/wp-content\/uploads\/sites\/3\/2019\/06\/CAPA-caderno-anais-ANPUH-2017-1-768x1086.jpg 768w, https:\/\/claec.org\/editora\/wp-content\/uploads\/sites\/3\/2019\/06\/CAPA-caderno-anais-ANPUH-2017-1-724x1024.jpg 724w, https:\/\/claec.org\/editora\/wp-content\/uploads\/sites\/3\/2019\/06\/CAPA-caderno-anais-ANPUH-2017-1.jpg 1654w\" sizes=\"(max-width: 212px) 100vw, 212px\" \/><\/p>\n<p>&nbsp;<\/p>\n<p>Organizadoras: Amanda Basilio Santos,&nbsp;Elisabete da Costa Leal e&nbsp;Laura Giordani<\/p>\n<p>ISBN: 978-85-93548-06-2<\/p>\n<p>Ano de Publica\u00e7\u00e3o: 2017<\/p>\n<p>Formato: PDF<\/p>\n<p>N\u00famero de P\u00e1ginas: 506<\/p>\n<p>Sinopse:<\/p>\n<p>\u00c9 com muita satisfa\u00e7\u00e3o que apresento os Anais do IV Encontro, Hist\u00f3ria Imagem e Cultura Visual, evento bienal do GT de mesmo nome, vinculado \u00e0 Associa\u00e7\u00e3o Nacional de Hist\u00f3ria, sess\u00e3o Rio Grande do Sul \u2013 ANPUH-RS. O Encontro reuniu entre 27 e 29 de setembro de 2017 na Universidade Federal de Pelotas os pesquisadores interessados nos estudos da imagem e na divulga\u00e7\u00e3o de seus resultados de pesquisas. O GT Hist\u00f3ria Imagem e Cultura Visual existe desde 2010, quando um grupo de historiadores reunidos no Encontro Estadual de Hist\u00f3ria da ANPUH-RS, ocorrido na Universidade Federal de Santa Maria-UFSM, formalizou a cria\u00e7\u00e3o do GT.<\/p>\n<p>&nbsp;<\/p>\n<p><strong><a href=\"https:\/\/claec.org\/editora\/wp-content\/uploads\/sites\/3\/2019\/06\/ANAIS_FINAL_ANPUH.pdf\">Acesse aqui a publica\u00e7\u00e3o.<\/a><\/strong><\/p>\n","protected":false},"excerpt":{"rendered":"<p>&nbsp; Organizadoras: Amanda Basilio Santos,&nbsp;Elisabete da Costa Leal e&nbsp;Laura Giordani ISBN: 978-85-93548-06-2 Ano de Publica\u00e7\u00e3o: 2017 Formato: PDF N\u00famero de P\u00e1ginas: 506 Sinopse: \u00c9 com muita satisfa\u00e7\u00e3o que apresento os Anais do IV Encontro, Hist\u00f3ria Imagem e Cultura Visual, evento bienal do GT de mesmo nome, vinculado \u00e0 Associa\u00e7\u00e3o Nacional de Hist\u00f3ria, sess\u00e3o Rio Grande [&hellip;]<\/p>\n","protected":false},"author":1,"featured_media":0,"parent":270,"menu_order":0,"comment_status":"closed","ping_status":"closed","template":"","meta":{"_monsterinsights_skip_tracking":false,"_monsterinsights_sitenote_active":false,"_monsterinsights_sitenote_note":"","_monsterinsights_sitenote_category":0,"footnotes":""},"class_list":["post-314","page","type-page","status-publish","hentry"],"_links":{"self":[{"href":"https:\/\/claec.org\/editora\/wp-json\/wp\/v2\/pages\/314","targetHints":{"allow":["GET"]}}],"collection":[{"href":"https:\/\/claec.org\/editora\/wp-json\/wp\/v2\/pages"}],"about":[{"href":"https:\/\/claec.org\/editora\/wp-json\/wp\/v2\/types\/page"}],"author":[{"embeddable":true,"href":"https:\/\/claec.org\/editora\/wp-json\/wp\/v2\/users\/1"}],"replies":[{"embeddable":true,"href":"https:\/\/claec.org\/editora\/wp-json\/wp\/v2\/comments?post=314"}],"version-history":[{"count":2,"href":"https:\/\/claec.org\/editora\/wp-json\/wp\/v2\/pages\/314\/revisions"}],"predecessor-version":[{"id":319,"href":"https:\/\/claec.org\/editora\/wp-json\/wp\/v2\/pages\/314\/revisions\/319"}],"up":[{"embeddable":true,"href":"https:\/\/claec.org\/editora\/wp-json\/wp\/v2\/pages\/270"}],"wp:attachment":[{"href":"https:\/\/claec.org\/editora\/wp-json\/wp\/v2\/media?parent=314"}],"curies":[{"name":"wp","href":"https:\/\/api.w.org\/{rel}","templated":true}]}}