{"id":305,"date":"2019-06-03T14:33:29","date_gmt":"2019-06-03T17:33:29","guid":{"rendered":"http:\/\/claec.org\/editora\/?page_id=305"},"modified":"2022-05-14T16:57:40","modified_gmt":"2022-05-14T19:57:40","slug":"caderno-de-resumos-do-ii-seminario-latino-americano-de-estudos-em-cultura","status":"publish","type":"page","link":"https:\/\/claec.org\/editora\/catalogo\/caderno-de-resumos-do-ii-seminario-latino-americano-de-estudos-em-cultura\/","title":{"rendered":"Caderno de resumos do II Semin\u00e1rio Latino-Americano de Estudos em Cultura"},"content":{"rendered":"<p><img fetchpriority=\"high\" decoding=\"async\" class=\"size-medium wp-image-307 aligncenter\" src=\"https:\/\/claec.org\/editora\/wp-content\/uploads\/sites\/3\/2019\/06\/Capa-Caderno-de-Resumos-SEMLACult-2018-232x300.jpg\" alt=\"\" width=\"232\" height=\"300\" srcset=\"https:\/\/claec.org\/editora\/wp-content\/uploads\/sites\/3\/2019\/06\/Capa-Caderno-de-Resumos-SEMLACult-2018-232x300.jpg 232w, https:\/\/claec.org\/editora\/wp-content\/uploads\/sites\/3\/2019\/06\/Capa-Caderno-de-Resumos-SEMLACult-2018-768x994.jpg 768w, https:\/\/claec.org\/editora\/wp-content\/uploads\/sites\/3\/2019\/06\/Capa-Caderno-de-Resumos-SEMLACult-2018-791x1024.jpg 791w, https:\/\/claec.org\/editora\/wp-content\/uploads\/sites\/3\/2019\/06\/Capa-Caderno-de-Resumos-SEMLACult-2018.jpg 1700w\" sizes=\"(max-width: 232px) 100vw, 232px\" \/><\/p>\n<p>Organizadores:\u00a0Bruno C\u00e9sar Alves Marcelino,\u00a0Laura Jana\u00edna Dias Amato e Senilde Alc\u00e2ntara Guanaes<\/p>\n<p>ISBN: 978-85-93548-17-8<\/p>\n<p>Ano de Publica\u00e7\u00e3o: 2018<\/p>\n<p>Formato: PDF<\/p>\n<p>N\u00famero de P\u00e1ginas: 299<\/p>\n<p>Sinopse:<\/p>\n<p>Apresentamos o Caderno de Resumos do II Semin\u00e1rio Latino-Americano de Estudos em Cultura, realizado entre os dias 26 e 28 de setembro, em Foz do Igua\u00e7u\/PR \u2013 Brasil, sob a tem\u00e1tica \u201cIntegra\u00e7\u00e3o e Multiculturalismo na Am\u00e9rica Latina: Perspectiva hist\u00f3rica e desafios no contexto atual\u201d, o semin\u00e1rio \u00e9 uma iniciativa do CLAEC \u2013 Centro Latino-Americano de Estudos em Cultura, em parceria com a\u00a0 UNILA \u2013 Universidade Federal da Integra\u00e7\u00e3o Latino-Americana por meio do Instituto Latino-Americano de Arte, Cultura e Hist\u00f3ria \u2013 ILAACH: Programa de P\u00f3s-Gradua\u00e7\u00e3o Interdisciplinar em Estudos Latino-Americanos \u2013 PPG-IELA e do Instituto Latino-Americano de Economia, Sociedade e Pol\u00edtica \u2013 ILAESP: Programa de P\u00f3s-Gradua\u00e7\u00e3o em Integra\u00e7\u00e3o Contempor\u00e2nea da Am\u00e9rica Latina \u2013 PPG-ICAL, com financiamento da Coordena\u00e7\u00e3o de Aperfei\u00e7oamento de Pessoal de N\u00edvel Superior \u2013 CAPES e organiza\u00e7\u00e3o e produ\u00e7\u00e3o pela BM Consultoria e Projetos.<\/p>\n<p><strong><a href=\"https:\/\/publicar.claec.org\/index.php\/editora\/catalog\/book\/34\">Acesse aqui a publica\u00e7\u00e3o.<\/a><\/strong><\/p>\n","protected":false},"excerpt":{"rendered":"<p>Organizadores:\u00a0Bruno C\u00e9sar Alves Marcelino,\u00a0Laura Jana\u00edna Dias Amato e Senilde Alc\u00e2ntara Guanaes ISBN: 978-85-93548-17-8 Ano de Publica\u00e7\u00e3o: 2018 Formato: PDF N\u00famero de P\u00e1ginas: 299 Sinopse: Apresentamos o Caderno de Resumos do II Semin\u00e1rio Latino-Americano de Estudos em Cultura, realizado entre os dias 26 e 28 de setembro, em Foz do Igua\u00e7u\/PR \u2013 Brasil, sob a tem\u00e1tica [&hellip;]<\/p>\n","protected":false},"author":1,"featured_media":0,"parent":270,"menu_order":0,"comment_status":"closed","ping_status":"closed","template":"","meta":{"_monsterinsights_skip_tracking":false,"_monsterinsights_sitenote_active":false,"_monsterinsights_sitenote_note":"","_monsterinsights_sitenote_category":0,"footnotes":""},"class_list":["post-305","page","type-page","status-publish","hentry"],"_links":{"self":[{"href":"https:\/\/claec.org\/editora\/wp-json\/wp\/v2\/pages\/305","targetHints":{"allow":["GET"]}}],"collection":[{"href":"https:\/\/claec.org\/editora\/wp-json\/wp\/v2\/pages"}],"about":[{"href":"https:\/\/claec.org\/editora\/wp-json\/wp\/v2\/types\/page"}],"author":[{"embeddable":true,"href":"https:\/\/claec.org\/editora\/wp-json\/wp\/v2\/users\/1"}],"replies":[{"embeddable":true,"href":"https:\/\/claec.org\/editora\/wp-json\/wp\/v2\/comments?post=305"}],"version-history":[{"count":3,"href":"https:\/\/claec.org\/editora\/wp-json\/wp\/v2\/pages\/305\/revisions"}],"predecessor-version":[{"id":1207,"href":"https:\/\/claec.org\/editora\/wp-json\/wp\/v2\/pages\/305\/revisions\/1207"}],"up":[{"embeddable":true,"href":"https:\/\/claec.org\/editora\/wp-json\/wp\/v2\/pages\/270"}],"wp:attachment":[{"href":"https:\/\/claec.org\/editora\/wp-json\/wp\/v2\/media?parent=305"}],"curies":[{"name":"wp","href":"https:\/\/api.w.org\/{rel}","templated":true}]}}