{"id":294,"date":"2019-06-03T14:08:20","date_gmt":"2019-06-03T17:08:20","guid":{"rendered":"http:\/\/claec.org\/editora\/?page_id=294"},"modified":"2019-06-03T14:08:20","modified_gmt":"2019-06-03T17:08:20","slug":"dossie-estudos-culturais-cultura-multifacetada","status":"publish","type":"page","link":"https:\/\/claec.org\/editora\/catalogo\/dossie-estudos-culturais-cultura-multifacetada\/","title":{"rendered":"Dossi\u00ea estudos culturais: cultura multifacetada"},"content":{"rendered":"<p><img fetchpriority=\"high\" decoding=\"async\" class=\"alignnone size-medium wp-image-288\" src=\"https:\/\/claec.org\/editora\/wp-content\/uploads\/sites\/3\/2019\/06\/Capa-Dossi\u00ea-Estudos-Culturais-1-232x300.jpg\" alt=\"\" width=\"232\" height=\"300\" srcset=\"https:\/\/claec.org\/editora\/wp-content\/uploads\/sites\/3\/2019\/06\/Capa-Dossi\u00ea-Estudos-Culturais-1-232x300.jpg 232w, https:\/\/claec.org\/editora\/wp-content\/uploads\/sites\/3\/2019\/06\/Capa-Dossi\u00ea-Estudos-Culturais-1-768x994.jpg 768w, https:\/\/claec.org\/editora\/wp-content\/uploads\/sites\/3\/2019\/06\/Capa-Dossi\u00ea-Estudos-Culturais-1-791x1024.jpg 791w, https:\/\/claec.org\/editora\/wp-content\/uploads\/sites\/3\/2019\/06\/Capa-Dossi\u00ea-Estudos-Culturais-1.jpg 1700w\" sizes=\"(max-width: 232px) 100vw, 232px\" \/><\/p>\n<p>&nbsp;<\/p>\n<p>Organizadoras: Amanda Bas\u00edlio Santos e Juliana Porto Machado<\/p>\n<p>ISBN: 978-85-93548-15-4<\/p>\n<p>Ano de Publica\u00e7\u00e3o: 2018<\/p>\n<p>Formato: PDF<\/p>\n<p>N\u00famero de P\u00e1ginas: 182<\/p>\n<p>Sinopse: Esta sele\u00e7\u00e3o, de trabalhos de variadas naturezas, muito agrega a nossa vis\u00e3o de fen\u00f4menos culturais na contemporaneidade: s\u00e3o temas pertinentes e condizentes com as discuss\u00f5es atuais em torno da cultura, de pol\u00edticas identit\u00e1rias e de fen\u00f4menos urbanos e patrimoniais. Desta forma, esta publica\u00e7\u00e3o \u00e9 um produto que dialoga diretamente com as demandas sociais que encontram voz nas pesquisas desenvolvidas no ambiente acad\u00eamico, mas que n\u00e3o s\u00e3o delimitadas pelos muros<br \/>\nuniversit\u00e1rios.<\/p>\n<p>&nbsp;<\/p>\n<p><strong><a href=\"https:\/\/claec.org\/editora\/wp-content\/uploads\/sites\/3\/2019\/06\/Dossi\u00ea_Estudos_Culturais.pdf\">Acesse aqui a publica\u00e7\u00e3o.<\/a><\/strong><\/p>\n","protected":false},"excerpt":{"rendered":"<p>&nbsp; Organizadoras: Amanda Bas\u00edlio Santos e Juliana Porto Machado ISBN: 978-85-93548-15-4 Ano de Publica\u00e7\u00e3o: 2018 Formato: PDF N\u00famero de P\u00e1ginas: 182 Sinopse: Esta sele\u00e7\u00e3o, de trabalhos de variadas naturezas, muito agrega a nossa vis\u00e3o de fen\u00f4menos culturais na contemporaneidade: s\u00e3o temas pertinentes e condizentes com as discuss\u00f5es atuais em torno da cultura, de pol\u00edticas identit\u00e1rias [&hellip;]<\/p>\n","protected":false},"author":1,"featured_media":0,"parent":270,"menu_order":0,"comment_status":"closed","ping_status":"closed","template":"","meta":{"_monsterinsights_skip_tracking":false,"_monsterinsights_sitenote_active":false,"_monsterinsights_sitenote_note":"","_monsterinsights_sitenote_category":0,"footnotes":""},"class_list":["post-294","page","type-page","status-publish","hentry"],"_links":{"self":[{"href":"https:\/\/claec.org\/editora\/wp-json\/wp\/v2\/pages\/294","targetHints":{"allow":["GET"]}}],"collection":[{"href":"https:\/\/claec.org\/editora\/wp-json\/wp\/v2\/pages"}],"about":[{"href":"https:\/\/claec.org\/editora\/wp-json\/wp\/v2\/types\/page"}],"author":[{"embeddable":true,"href":"https:\/\/claec.org\/editora\/wp-json\/wp\/v2\/users\/1"}],"replies":[{"embeddable":true,"href":"https:\/\/claec.org\/editora\/wp-json\/wp\/v2\/comments?post=294"}],"version-history":[{"count":1,"href":"https:\/\/claec.org\/editora\/wp-json\/wp\/v2\/pages\/294\/revisions"}],"predecessor-version":[{"id":295,"href":"https:\/\/claec.org\/editora\/wp-json\/wp\/v2\/pages\/294\/revisions\/295"}],"up":[{"embeddable":true,"href":"https:\/\/claec.org\/editora\/wp-json\/wp\/v2\/pages\/270"}],"wp:attachment":[{"href":"https:\/\/claec.org\/editora\/wp-json\/wp\/v2\/media?parent=294"}],"curies":[{"name":"wp","href":"https:\/\/api.w.org\/{rel}","templated":true}]}}