{"id":292,"date":"2019-06-03T14:08:39","date_gmt":"2019-06-03T17:08:39","guid":{"rendered":"http:\/\/claec.org\/editora\/?page_id=292"},"modified":"2019-06-03T14:10:56","modified_gmt":"2019-06-03T17:10:56","slug":"fenomenos-culturais-no-amalgama-social-reuniao-de-artigos-do-i-cipcs","status":"publish","type":"page","link":"https:\/\/claec.org\/editora\/fenomenos-culturais-no-amalgama-social-reuniao-de-artigos-do-i-cipcs\/","title":{"rendered":"Fen\u00f4menos culturais no am\u00e1lgama social: reuni\u00e3o de artigos do I CIPCS"},"content":{"rendered":"\n<p><\/p>\n\n\n<p><img fetchpriority=\"high\" decoding=\"async\" class=\"alignnone size-medium wp-image-289\" src=\"https:\/\/claec.org\/editora\/wp-content\/uploads\/sites\/3\/2019\/06\/Capa-Fen\u00f4menos-culturais-1-232x300.jpg\" alt=\"\" width=\"232\" height=\"300\" srcset=\"https:\/\/claec.org\/editora\/wp-content\/uploads\/sites\/3\/2019\/06\/Capa-Fen\u00f4menos-culturais-1-232x300.jpg 232w, https:\/\/claec.org\/editora\/wp-content\/uploads\/sites\/3\/2019\/06\/Capa-Fen\u00f4menos-culturais-1-768x994.jpg 768w, https:\/\/claec.org\/editora\/wp-content\/uploads\/sites\/3\/2019\/06\/Capa-Fen\u00f4menos-culturais-1-791x1024.jpg 791w, https:\/\/claec.org\/editora\/wp-content\/uploads\/sites\/3\/2019\/06\/Capa-Fen\u00f4menos-culturais-1.jpg 1700w\" sizes=\"(max-width: 232px) 100vw, 232px\" \/><\/p>\n<p>\u00a0<\/p>\n<p>Organizadoras: Amanda Bas\u00edlio Santos e Juliana Porto Machado<\/p>\n<p>ISBN: 978-85-93548-16-1<\/p>\n<p>Ano de Publica\u00e7\u00e3o: 2018<\/p>\n<p>Formato: PDF<\/p>\n<p>N\u00famero de P\u00e1ginas: 1804<\/p>\n<p>Sinopse: Os trabalhos que integram esta edi\u00e7\u00e3o, conforme pode ser verificado ao aventurar-se pelo sum\u00e1rio, s\u00e3o de variadas naturezas, o que muito agrega a nossa vis\u00e3o de fen\u00f4menos culturais na contemporaneidade: s\u00e3o temas pertinentes e condizentes com as discuss\u00f5es atuais em torno da cultura, de pol\u00edticas identit\u00e1rias e de fen\u00f4menos urbanos e patrimoniais. Desta forma, esta publica\u00e7\u00e3o \u00e9 um produto que dialoga diretamente com as demandas sociais que encontram voz nas pesquisas desenvolvidas no ambiente acad\u00eamico, mas que n\u00e3o s\u00e3o delimitadas pelos muros universit\u00e1rios.<\/p>\n<p>\u00a0<\/p>\n<p><strong><a href=\"https:\/\/claec.org\/editora\/wp-content\/uploads\/sites\/3\/2019\/06\/Fen\u00f4menos_culturais_no_am\u00e1lgama_social.pdf\">Acesse aqui a publica\u00e7\u00e3o.<\/a><\/strong><\/p>","protected":false},"excerpt":{"rendered":"<p>\u00a0 Organizadoras: Amanda Bas\u00edlio Santos e Juliana Porto Machado ISBN: 978-85-93548-16-1 Ano de Publica\u00e7\u00e3o: 2018 Formato: PDF N\u00famero de P\u00e1ginas: 1804 Sinopse: Os trabalhos que integram esta edi\u00e7\u00e3o, conforme pode ser verificado ao aventurar-se pelo sum\u00e1rio, s\u00e3o de variadas naturezas, o que muito agrega a nossa vis\u00e3o de fen\u00f4menos culturais na contemporaneidade: s\u00e3o temas pertinentes [&hellip;]<\/p>\n","protected":false},"author":1,"featured_media":0,"parent":0,"menu_order":0,"comment_status":"closed","ping_status":"closed","template":"","meta":{"_monsterinsights_skip_tracking":false,"_monsterinsights_sitenote_active":false,"_monsterinsights_sitenote_note":"","_monsterinsights_sitenote_category":0,"footnotes":""},"class_list":["post-292","page","type-page","status-publish","hentry"],"_links":{"self":[{"href":"https:\/\/claec.org\/editora\/wp-json\/wp\/v2\/pages\/292","targetHints":{"allow":["GET"]}}],"collection":[{"href":"https:\/\/claec.org\/editora\/wp-json\/wp\/v2\/pages"}],"about":[{"href":"https:\/\/claec.org\/editora\/wp-json\/wp\/v2\/types\/page"}],"author":[{"embeddable":true,"href":"https:\/\/claec.org\/editora\/wp-json\/wp\/v2\/users\/1"}],"replies":[{"embeddable":true,"href":"https:\/\/claec.org\/editora\/wp-json\/wp\/v2\/comments?post=292"}],"version-history":[{"count":2,"href":"https:\/\/claec.org\/editora\/wp-json\/wp\/v2\/pages\/292\/revisions"}],"predecessor-version":[{"id":298,"href":"https:\/\/claec.org\/editora\/wp-json\/wp\/v2\/pages\/292\/revisions\/298"}],"wp:attachment":[{"href":"https:\/\/claec.org\/editora\/wp-json\/wp\/v2\/media?parent=292"}],"curies":[{"name":"wp","href":"https:\/\/api.w.org\/{rel}","templated":true}]}}