{"id":277,"date":"2019-06-03T13:31:29","date_gmt":"2019-06-03T16:31:29","guid":{"rendered":"http:\/\/claec.org\/editora\/?page_id=277"},"modified":"2020-05-11T22:40:16","modified_gmt":"2020-05-12T01:40:16","slug":"dossie-cultura-em-foco-cultura-e-decolonialidade-na-america-latina","status":"publish","type":"page","link":"https:\/\/claec.org\/editora\/catalogo\/dossie-cultura-em-foco-cultura-e-decolonialidade-na-america-latina\/","title":{"rendered":"Dossi\u00ea cultura em foco: cultura e decolonialidade na Am\u00e9rica Latina"},"content":{"rendered":"<p><img fetchpriority=\"high\" decoding=\"async\" class=\"size-medium wp-image-224 aligncenter\" src=\"https:\/\/claec.org\/editora\/wp-content\/uploads\/sites\/3\/2019\/01\/Capa-232x300.jpg\" alt=\"\" width=\"232\" height=\"300\" srcset=\"https:\/\/claec.org\/editora\/wp-content\/uploads\/sites\/3\/2019\/01\/Capa-232x300.jpg 232w, https:\/\/claec.org\/editora\/wp-content\/uploads\/sites\/3\/2019\/01\/Capa-768x994.jpg 768w, https:\/\/claec.org\/editora\/wp-content\/uploads\/sites\/3\/2019\/01\/Capa-791x1024.jpg 791w, https:\/\/claec.org\/editora\/wp-content\/uploads\/sites\/3\/2019\/01\/Capa.jpg 1224w\" sizes=\"(max-width: 232px) 100vw, 232px\" \/><\/p>\n<p>Organizador: Bruno C\u00e9sar Alves Marcelino<\/p>\n<p>ISBN: 978-85-93548-19-2<\/p>\n<p>Ano de Publica\u00e7\u00e3o: 2018<\/p>\n<p>Formato: PDF<\/p>\n<p>N\u00famero de P\u00e1ginas: 340<\/p>\n<p>Sinopse: A proposta da segunda edi\u00e7\u00e3o do e-book\u00a0<em>Dossi\u00ea Cultura em Foco<\/em>\u00a0\u00e9 compreender a cultura como mecanismo de produ\u00e7\u00e3o e reprodu\u00e7\u00e3o social, a partir dos seus mais diferentes aspectos e dimens\u00f5es, discutindo a cultura sob o vi\u00e9s das identidades culturais e da sua contraface, que s\u00e3o os processos contra hegem\u00f4nicos que t\u00eam se ampliado em toda a Am\u00e9rica Latina. Por meio de an\u00e1lises antropol\u00f3gicas e sociol\u00f3gicas que versam, em conjunto com a economia, a pol\u00edtica e as artes, sobre os aspectos culturais das sociedades latino-americanas em um contexto de novas propostas epist\u00eamicas, que revisitam a cultura a partir das teorias, metodologias e processos decoloniais.<\/p>\n<p><strong><a href=\"https:\/\/claec.org\/editora\/wp-content\/uploads\/sites\/3\/2019\/06\/Dossi\u00ea-Cultura-em-Foco-2018.pdf\">Acesse aqui a publica\u00e7\u00e3o.<\/a><\/strong><\/p>\n","protected":false},"excerpt":{"rendered":"<p>Organizador: Bruno C\u00e9sar Alves Marcelino ISBN: 978-85-93548-19-2 Ano de Publica\u00e7\u00e3o: 2018 Formato: PDF N\u00famero de P\u00e1ginas: 340 Sinopse: A proposta da segunda edi\u00e7\u00e3o do e-book\u00a0Dossi\u00ea Cultura em Foco\u00a0\u00e9 compreender a cultura como mecanismo de produ\u00e7\u00e3o e reprodu\u00e7\u00e3o social, a partir dos seus mais diferentes aspectos e dimens\u00f5es, discutindo a cultura sob o vi\u00e9s das identidades [&hellip;]<\/p>\n","protected":false},"author":1,"featured_media":0,"parent":270,"menu_order":0,"comment_status":"closed","ping_status":"closed","template":"","meta":{"_monsterinsights_skip_tracking":false,"_monsterinsights_sitenote_active":false,"_monsterinsights_sitenote_note":"","_monsterinsights_sitenote_category":0,"footnotes":""},"class_list":["post-277","page","type-page","status-publish","hentry"],"_links":{"self":[{"href":"https:\/\/claec.org\/editora\/wp-json\/wp\/v2\/pages\/277","targetHints":{"allow":["GET"]}}],"collection":[{"href":"https:\/\/claec.org\/editora\/wp-json\/wp\/v2\/pages"}],"about":[{"href":"https:\/\/claec.org\/editora\/wp-json\/wp\/v2\/types\/page"}],"author":[{"embeddable":true,"href":"https:\/\/claec.org\/editora\/wp-json\/wp\/v2\/users\/1"}],"replies":[{"embeddable":true,"href":"https:\/\/claec.org\/editora\/wp-json\/wp\/v2\/comments?post=277"}],"version-history":[{"count":3,"href":"https:\/\/claec.org\/editora\/wp-json\/wp\/v2\/pages\/277\/revisions"}],"predecessor-version":[{"id":503,"href":"https:\/\/claec.org\/editora\/wp-json\/wp\/v2\/pages\/277\/revisions\/503"}],"up":[{"embeddable":true,"href":"https:\/\/claec.org\/editora\/wp-json\/wp\/v2\/pages\/270"}],"wp:attachment":[{"href":"https:\/\/claec.org\/editora\/wp-json\/wp\/v2\/media?parent=277"}],"curies":[{"name":"wp","href":"https:\/\/api.w.org\/{rel}","templated":true}]}}