{"id":273,"date":"2019-06-03T13:24:14","date_gmt":"2019-06-03T16:24:14","guid":{"rendered":"http:\/\/claec.org\/editora\/?page_id=273"},"modified":"2019-06-03T13:24:14","modified_gmt":"2019-06-03T16:24:14","slug":"hecho-en-la-frontera-cuaderno-intercultural-para-la-sensibilizacion-al-studio-de-la-lengua-espanola","status":"publish","type":"page","link":"https:\/\/claec.org\/editora\/catalogo\/hecho-en-la-frontera-cuaderno-intercultural-para-la-sensibilizacion-al-studio-de-la-lengua-espanola\/","title":{"rendered":"Hecho en la Frontera: cuaderno intercultural para la sensibilizaci\u00f3n al studio de la lengua espa\u00f1ola"},"content":{"rendered":"<p><img fetchpriority=\"high\" decoding=\"async\" class=\"alignnone size-medium wp-image-253\" src=\"https:\/\/claec.org\/editora\/wp-content\/uploads\/sites\/3\/2019\/04\/Capa-188x300.png\" alt=\"\" width=\"188\" height=\"300\" srcset=\"https:\/\/claec.org\/editora\/wp-content\/uploads\/sites\/3\/2019\/04\/Capa-188x300.png 188w, https:\/\/claec.org\/editora\/wp-content\/uploads\/sites\/3\/2019\/04\/Capa-768x1226.png 768w, https:\/\/claec.org\/editora\/wp-content\/uploads\/sites\/3\/2019\/04\/Capa-642x1024.png 642w, https:\/\/claec.org\/editora\/wp-content\/uploads\/sites\/3\/2019\/04\/Capa.png 1410w\" sizes=\"(max-width: 188px) 100vw, 188px\" \/><\/p>\n<p>&nbsp;<\/p>\n<p>Organizadora:\u00a0Luciana Contreira Domingo<\/p>\n<p>ISBN:\u00a0978-85-93548-20-8<\/p>\n<p>Ano de Publica\u00e7\u00e3o: 2019<\/p>\n<p>Formato: PDF<\/p>\n<p>N\u00famero de P\u00e1ginas: 62<\/p>\n<p>Sinopse:\u00a0Hecho en la frontera: cuaderno intercultural para la sensibilizaci\u00f3n al estudio de la lengua espa\u00f1ola est\u00e1 compuesto por 5 unidades: 1) Relaciones Interpersonales, 2) Las dos Orillas, 3) De Boca en Boca; 4) Vida Nocturna y 5) Nosotros Somos de la Frontera. Las unidades con sus objetivos distintos proponen el desarrollo integrado de las habilidades ling\u00fc\u00edsticas, como lectura, escritura, comprensi\u00f3n auditiva y expresi\u00f3n oral.<\/p>\n<p>&nbsp;<\/p>\n<p><strong><a href=\"https:\/\/claec.org\/editora\/wp-content\/uploads\/sites\/3\/2019\/06\/Hecho-en-la-Frontera.pdf\">Acesse aqui a publica\u00e7\u00e3o.<\/a><\/strong><\/p>\n<p>&nbsp;<\/p>\n","protected":false},"excerpt":{"rendered":"<p>&nbsp; Organizadora:\u00a0Luciana Contreira Domingo ISBN:\u00a0978-85-93548-20-8 Ano de Publica\u00e7\u00e3o: 2019 Formato: PDF N\u00famero de P\u00e1ginas: 62 Sinopse:\u00a0Hecho en la frontera: cuaderno intercultural para la sensibilizaci\u00f3n al estudio de la lengua espa\u00f1ola est\u00e1 compuesto por 5 unidades: 1) Relaciones Interpersonales, 2) Las dos Orillas, 3) De Boca en Boca; 4) Vida Nocturna y 5) Nosotros Somos de [&hellip;]<\/p>\n","protected":false},"author":1,"featured_media":0,"parent":270,"menu_order":0,"comment_status":"closed","ping_status":"closed","template":"","meta":{"_monsterinsights_skip_tracking":false,"_monsterinsights_sitenote_active":false,"_monsterinsights_sitenote_note":"","_monsterinsights_sitenote_category":0,"footnotes":""},"class_list":["post-273","page","type-page","status-publish","hentry"],"_links":{"self":[{"href":"https:\/\/claec.org\/editora\/wp-json\/wp\/v2\/pages\/273","targetHints":{"allow":["GET"]}}],"collection":[{"href":"https:\/\/claec.org\/editora\/wp-json\/wp\/v2\/pages"}],"about":[{"href":"https:\/\/claec.org\/editora\/wp-json\/wp\/v2\/types\/page"}],"author":[{"embeddable":true,"href":"https:\/\/claec.org\/editora\/wp-json\/wp\/v2\/users\/1"}],"replies":[{"embeddable":true,"href":"https:\/\/claec.org\/editora\/wp-json\/wp\/v2\/comments?post=273"}],"version-history":[{"count":2,"href":"https:\/\/claec.org\/editora\/wp-json\/wp\/v2\/pages\/273\/revisions"}],"predecessor-version":[{"id":351,"href":"https:\/\/claec.org\/editora\/wp-json\/wp\/v2\/pages\/273\/revisions\/351"}],"up":[{"embeddable":true,"href":"https:\/\/claec.org\/editora\/wp-json\/wp\/v2\/pages\/270"}],"wp:attachment":[{"href":"https:\/\/claec.org\/editora\/wp-json\/wp\/v2\/media?parent=273"}],"curies":[{"name":"wp","href":"https:\/\/api.w.org\/{rel}","templated":true}]}}