{"id":270,"date":"2019-06-03T12:43:54","date_gmt":"2019-06-03T15:43:54","guid":{"rendered":"http:\/\/claec.org\/editora\/?page_id=270"},"modified":"2021-02-12T10:04:06","modified_gmt":"2021-02-12T13:04:06","slug":"catalogo","status":"publish","type":"page","link":"https:\/\/claec.org\/editora\/catalogo\/","title":{"rendered":"Editora CLAEC"},"content":{"rendered":"<h4>Livros:<\/h4>\n<h5>2021<\/h5>\n<p><a href=\"https:\/\/claec.org\/editora\/?page_id=927\"><strong>Cinema, Pol\u00edtica e Ex\u00edlio: o caso Miguel Litt\u00edn<\/strong><\/a><\/p>\n<p>Autor: Alexsandro de Sousa e Silva<\/p>\n<p>\u00a0<\/p>\n<h5>2020<\/h5>\n<p><a href=\"https:\/\/claec.org\/editora\/?page_id=787\"><strong>Portugu\u00eas na fronteira: propostas did\u00e1ticas<\/strong><\/a><\/p>\n<p>Organizadoras: Maria do Socorro de Almeida Farias-Marques e Elenice Pacheco<\/p>\n<p>\u00a0<\/p>\n<p><a href=\"https:\/\/claec.org\/editora\/?page_id=777\"><strong>Lengua espa\u00f1ola para fines espec\u00edficos: c<\/strong><strong>uaderno de actividades para la comprensi\u00f3n audiovisual<\/strong><\/a><\/p>\n<p>Organizadores: Luciana Contreira Domingo e\u00a0Renan Cardozo<\/p>\n<p>\u00a0<\/p>\n<p><a href=\"https:\/\/claec.org\/editora\/?page_id=665\"><strong>Por Elas e por nossas lutas: igualdade e justi\u00e7a nos debates de g\u00eanero e diversidade nas sociedades contempor\u00e2neas<\/strong><\/a><\/p>\n<p>Organizadoras: Regiane Cristina Tonatto e\u00a0Renata Peixoto de Oliveira<\/p>\n<p>\u00a0<\/p>\n<p><strong><a href=\"https:\/\/claec.org\/editora\/?page_id=644\">Alguns eus e muitos n\u00f3s<\/a><\/strong><\/p>\n<p>Autoras: Karen Luci\u00e9len Pereira Rodrigues,\u00a0Mariana Borges Lemes, Sueli Salva e Thalyane Soglia<\/p>\n<p>\u00a0<\/p>\n<p><strong><a href=\"http:\/\/claec.org\/editora\/?page_id=565\">Sons, imagens, pensamentos: inf\u00e2ncias em tempos de pandemia<\/a><\/strong><\/p>\n<p>Autores: Sueli Salva; Lucas da Silva Martinez<\/p>\n<p>\u00a0<\/p>\n<p><a href=\"https:\/\/claec.org\/editora\/?page_id=529\"><strong>Entre olhares e tramas: uma po\u00e9tica para os espa\u00e7os de Jaguar\u00e3o<\/strong><\/a><\/p>\n<p>Organizadores:\u00a0Ana L\u00facia Montano Boessio; Jonas dos Santos; Leonardo Terra Messias; Magnum Patron S\u00f3ria.<\/p>\n<p>\u00a0<\/p>\n<h5>2019<\/h5>\n<p><a href=\"https:\/\/claec.org\/editora\/?page_id=480\"><strong>Dossi\u00ea Cultura em Foco: Identidade Cultural na di\u00e1spora Afro-latino-americana e caribenha<\/strong><\/a><\/p>\n<p>Organizador:\u00a0Bruno C\u00e9sar Alves Marcelino<\/p>\n<p>\u00a0<\/p>\n<p><a href=\"https:\/\/claec.org\/editora\/?page_id=375\"><strong>Po\u00e9ticas do LALLI: Literatura, Cultura e Hist\u00f3ria em di\u00e1logo<\/strong><\/a><\/p>\n<p>Organizadora:\u00a0Ana L\u00facia Montano Boessio<\/p>\n<p>\u00a0<\/p>\n<p><a href=\"https:\/\/claec.org\/editora\/?page_id=348\"><strong>EaD Unipampa: Mem\u00f3rias e desafios<\/strong><\/a><\/p>\n<p>Organizadoras:\u00a0Maria do Socorro de Almeida Farias-Marques, Heide Feldmann e Ros\u00e2ngela Beatriz Buhse<\/p>\n<p>\u00a0<\/p>\n<p><a href=\"https:\/\/claec.org\/editora\/?page_id=273\"><strong>Hecho en la Frontera: cuaderno intercultural para la sensibilizaci\u00f3n al studio de la lengua espa\u00f1ola<\/strong><\/a><\/p>\n<p>Organizadora:\u00a0Luciana Contreira Domingo<\/p>\n<p>\u00a0<\/p>\n<h5>2018<\/h5>\n<p><strong><a href=\"https:\/\/claec.org\/editora\/?page_id=277\">Dossi\u00ea cultura em foco: cultura e decolonialidade na Am\u00e9rica Latina<\/a><\/strong><\/p>\n<p>Organizador: Bruno C\u00e9sar Alves Marcelino<\/p>\n<p>\u00a0<\/p>\n<p><strong><a href=\"https:\/\/claec.org\/editora\/?page_id=284\">Fala Serio: viol\u00eancia de g\u00eanero n\u00e3o<\/a><\/strong><\/p>\n<p>Organizadores:\u00a0Jaqueline Carvalho Quadrado e Ewerton da Silva Ferreira<\/p>\n<p>\u00a0<\/p>\n<p><a href=\"https:\/\/claec.org\/editora\/?page_id=292\"><strong>Fen\u00f4menos culturais no am\u00e1lgama social: reuni\u00e3o de artigos do I CIPCS<\/strong><\/a><\/p>\n<p>Organizadoras: Amanda Bas\u00edlio Santos e Juliana Porto Machado<\/p>\n<p>\u00a0<\/p>\n<p><a href=\"http:\/\/claec.org\/editora\/?page_id=294\"><strong>Dossi\u00ea estudos culturais: cultura multifacetada<\/strong><\/a><\/p>\n<p>Organizadores: Amanda Bas\u00edlio Santos e Juliana Porto Machado<\/p>\n<p>\u00a0<\/p>\n<h5>2017<\/h5>\n<p><a href=\"https:\/\/claec.org\/editora\/?page_id=299\"><strong>Interdisciplinaridade nas ci\u00eancias humanas: caminhos da pesquisa contempor\u00e2nea<\/strong><\/a><\/p>\n<p>Organizadores:\u00a0Amanda Basilio Santos,\u00a0Juliana Porto Machado e Ronaldo Bernardino Colvero<\/p>\n<p>\u00a0<\/p>\n<p><strong><a href=\"https:\/\/claec.org\/editora\/?page_id=301\">Dossi\u00ea cultura em foco: integra\u00e7\u00e3o cultural latino-americana<\/a><\/strong><\/p>\n<p>Organizador: Bruno C\u00e9sar Alves Marcelino<\/p>\n<p>\u00a0<\/p>\n<h4>Anais de eventos:<\/h4>\n<h5>2019<\/h5>\n<p><a href=\"http:\/\/claec.org\/editora\/?page_id=625\"><strong>A cultura do ser e o ser da cultura: contextos, formas de produ\u00e7\u00e3o e desenvolvimento social na Am\u00e9rica Latina &#8211; Reuni\u00e3o de artigos do Culturas 2019<\/strong><\/a><\/p>\n<p>Organizadores:\u00a0Bruno C\u00e9sar Alves Marcelino,\u00a0Cristiane Dambr\u00f3s e Rafael Henrique Cruz de Sousa<\/p>\n<p>\u00a0<\/p>\n<h5>2018<\/h5>\n<p><a href=\"https:\/\/claec.org\/editora\/?page_id=844\"><strong>Integra\u00e7\u00e3o e Multiculturalismo na Am\u00e9rica Latina: Perspectiva hist\u00f3rica e desafios no contexto atual Colet\u00e2nea de artigos do II Semin\u00e1rio Latino-Americano de Estudos em Cultura<\/strong><\/a><\/p>\n<p>Organizadores:\u00a0Bruno C\u00e9sar Alves Marcelino,\u00a0Laura Jana\u00edna Dias Amato e Senilde Alc\u00e2ntara Guanaes<\/p>\n<p>\u00a0<\/p>\n<p><a href=\"https:\/\/claec.org\/editora\/?page_id=305\"><strong>Caderno de resumos do II Semin\u00e1rio Latino-Americano de Estudos em Cultura<\/strong><\/a><\/p>\n<p>Organizadores:\u00a0Bruno C\u00e9sar Alves Marcelino,\u00a0Laura Jana\u00edna Dias Amato e Senilde Alc\u00e2ntara Guanaes<\/p>\n<p>\u00a0<\/p>\n<p><a href=\"http:\/\/eventos.claec.org\/index.php\/semlacult\/2\/schedConf\/presentations\"><strong>Anais do II Semin\u00e1rio Latino-Americano de Estudos em Cultura<\/strong><\/a><\/p>\n<p>Editor: Bruno C\u00e9sar Alves Marcelino<\/p>\n<p>\u00a0<\/p>\n<h5>2017<\/h5>\n<p><strong><a href=\"http:\/\/eventos.claec.org\/index.php\/ehm\/3ehm\/schedConf\/presentations\">Anais do III Encontro Human\u00edstico Multidisciplinar<\/a><\/strong><\/p>\n<p>Rocheli Regina Predebon Silveira et al<\/p>\n<p>\u00a0<\/p>\n<p><a href=\"http:\/\/eventos.claec.org\/index.php\/semlacult\/1\/schedConf\/presentations\"><strong>Anais do I Semin\u00e1rio Latino-Americano de Estudos em Cultura &#8211; SEMLACult<\/strong><\/a><\/p>\n<p>Organizadores: Bruno C\u00e9sar Alves Marcelino e Senilde Alcantara Guanaes<\/p>\n<p>\u00a0<\/p>\n<p><a href=\"https:\/\/claec.org\/editora\/?page_id=314\"><strong>Anais Eletr\u00f4nicos: IV Encontro Hist\u00f3ria, Imagem e Cultura Visual &#8211; ANPUH-RS<\/strong><\/a><\/p>\n<p>Organizadoras: Amanda Basilio Santos,\u00a0Elisabete da Costa Leal e Laura Giordani<\/p>\n<p>\u00a0<\/p>\n<p><a href=\"https:\/\/claec.org\/editora\/?page_id=309\"><strong>Anais do IV Col\u00f3quio Internacional: A Casa Senhorial: Anatomia dos Interiores<\/strong><\/a><\/p>\n<p>Organizadores: Amanda Basilio Santos, Anderson Pires Aires e\u00a0Carlos Alberto \u00c1vila Santos<\/p>\n<p>\u00a0<\/p>\n<p><a href=\"https:\/\/claec.org\/editora\/?page_id=312\"><strong>Caderno de resumos: IV Encontro Hist\u00f3ria, Imagem e Cultura Visual \u2013 ANPUH-RS<\/strong><\/a><\/p>\n<p>Organizadoras: Amanda Basilio Santos,\u00a0Elisabete da Costa Leal e\u00a0Laura Giordani<\/p>\n<p>\u00a0<\/p>\n<h5>2016<\/h5>\n<p><a href=\"http:\/\/eventos.claec.org\/index.php\/ehm\/2ehm\/schedConf\/presentations\"><strong>Anais do II Encontro Human\u00edstico Multidisciplinar e I Congresso Latino-Americano de Estudos Human\u00edsticos Multidisciplinares<\/strong><\/a><\/p>\n<p>Organizadores: Bruno C\u00e9sar Alves Marcelino e\u00a0Ronaldo Silva<\/p>\n<p>\u00a0<\/p>\n<p><a href=\"http:\/\/eventos.claec.org\/index.php\/lpf\/LPF\/schedConf\/presentations\"><strong>Anais XVIII &#8211; F\u00f3rum de estudos leituras de Paulo Freire: &#8220;Fronteiras freireanas: Di\u00e1logos e trajet\u00f3rias&#8221;<\/strong><\/a><\/p>\n<p>Organizadores: Ana Cristina da Silva Rodrigues,\u00a0Jucenir Garcia e Lucas da Silva Martinez<\/p>\n\n\n<p><\/p>\n","protected":false},"excerpt":{"rendered":"<p>Livros: 2021 Cinema, Pol\u00edtica e Ex\u00edlio: o caso Miguel Litt\u00edn Autor: Alexsandro de Sousa e Silva \u00a0 2020 Portugu\u00eas na fronteira: propostas did\u00e1ticas Organizadoras: Maria do Socorro de Almeida Farias-Marques e Elenice Pacheco \u00a0 Lengua espa\u00f1ola para fines espec\u00edficos: cuaderno de actividades para la comprensi\u00f3n audiovisual Organizadores: Luciana Contreira Domingo e\u00a0Renan Cardozo \u00a0 Por Elas [&hellip;]<\/p>\n","protected":false},"author":1,"featured_media":0,"parent":0,"menu_order":0,"comment_status":"closed","ping_status":"closed","template":"","meta":{"_monsterinsights_skip_tracking":false,"_monsterinsights_sitenote_active":false,"_monsterinsights_sitenote_note":"","_monsterinsights_sitenote_category":0,"footnotes":""},"class_list":["post-270","page","type-page","status-publish","hentry"],"_links":{"self":[{"href":"https:\/\/claec.org\/editora\/wp-json\/wp\/v2\/pages\/270","targetHints":{"allow":["GET"]}}],"collection":[{"href":"https:\/\/claec.org\/editora\/wp-json\/wp\/v2\/pages"}],"about":[{"href":"https:\/\/claec.org\/editora\/wp-json\/wp\/v2\/types\/page"}],"author":[{"embeddable":true,"href":"https:\/\/claec.org\/editora\/wp-json\/wp\/v2\/users\/1"}],"replies":[{"embeddable":true,"href":"https:\/\/claec.org\/editora\/wp-json\/wp\/v2\/comments?post=270"}],"version-history":[{"count":24,"href":"https:\/\/claec.org\/editora\/wp-json\/wp\/v2\/pages\/270\/revisions"}],"predecessor-version":[{"id":930,"href":"https:\/\/claec.org\/editora\/wp-json\/wp\/v2\/pages\/270\/revisions\/930"}],"wp:attachment":[{"href":"https:\/\/claec.org\/editora\/wp-json\/wp\/v2\/media?parent=270"}],"curies":[{"name":"wp","href":"https:\/\/api.w.org\/{rel}","templated":true}]}}