{"id":1907,"date":"2025-09-22T20:45:36","date_gmt":"2025-09-22T23:45:36","guid":{"rendered":"https:\/\/claec.org\/editora\/?page_id=1907"},"modified":"2025-10-01T02:37:17","modified_gmt":"2025-10-01T05:37:17","slug":"taxas-e-servicos","status":"publish","type":"page","link":"https:\/\/claec.org\/editora\/taxas-e-servicos\/","title":{"rendered":"Taxas e Servi\u00e7os"},"content":{"rendered":"\t\t<div data-elementor-type=\"wp-page\" data-elementor-id=\"1907\" class=\"elementor elementor-1907\" data-elementor-post-type=\"page\">\n\t\t\t\t\t\t<section class=\"elementor-section elementor-top-section elementor-element elementor-element-7fbf4e1 elementor-section-height-min-height elementor-section-boxed elementor-section-height-default elementor-section-items-middle\" data-id=\"7fbf4e1\" data-element_type=\"section\" data-e-type=\"section\" data-settings=\"{&quot;background_background&quot;:&quot;slideshow&quot;,&quot;background_slideshow_gallery&quot;:[{&quot;id&quot;:&quot;1657&quot;,&quot;url&quot;:&quot;https:\\\/\\\/claec.org\\\/editora\\\/wp-content\\\/uploads\\\/sites\\\/3\\\/2025\\\/09\\\/claec222-scaled.jpg&quot;},{&quot;id&quot;:&quot;1619&quot;,&quot;url&quot;:&quot;https:\\\/\\\/claec.org\\\/editora\\\/wp-content\\\/uploads\\\/sites\\\/3\\\/2025\\\/09\\\/pexels-pixabay-256541-scaled.jpg&quot;},{&quot;id&quot;:&quot;1541&quot;,&quot;url&quot;:&quot;https:\\\/\\\/claec.org\\\/editora\\\/wp-content\\\/uploads\\\/sites\\\/3\\\/2025\\\/09\\\/books-2596809_1280.jpg&quot;},{&quot;id&quot;:&quot;1539&quot;,&quot;url&quot;:&quot;https:\\\/\\\/claec.org\\\/editora\\\/wp-content\\\/uploads\\\/sites\\\/3\\\/2025\\\/09\\\/pexels-efrem-efre-2786187-16263864-scaled.jpg&quot;}],&quot;background_slideshow_loop&quot;:&quot;yes&quot;,&quot;background_slideshow_slide_duration&quot;:5000,&quot;background_slideshow_slide_transition&quot;:&quot;fade&quot;,&quot;background_slideshow_transition_duration&quot;:500}\">\n\t\t\t\t\t\t\t<div class=\"elementor-background-overlay\"><\/div>\n\t\t\t\t\t\t\t<div class=\"elementor-container elementor-column-gap-default\">\n\t\t\t\t\t<div class=\"elementor-column elementor-col-100 elementor-top-column elementor-element elementor-element-6cf5d39\" data-id=\"6cf5d39\" data-element_type=\"column\" data-e-type=\"column\">\n\t\t\t<div class=\"elementor-widget-wrap elementor-element-populated\">\n\t\t\t\t\t\t\t<\/div>\n\t\t<\/div>\n\t\t\t\t\t<\/div>\n\t\t<\/section>\n\t\t\t\t<section class=\"elementor-section elementor-top-section elementor-element elementor-element-c6bf4c1 elementor-section-boxed elementor-section-height-default elementor-section-height-default\" data-id=\"c6bf4c1\" data-element_type=\"section\" data-e-type=\"section\" data-settings=\"{&quot;background_background&quot;:&quot;classic&quot;}\">\n\t\t\t\t\t\t<div class=\"elementor-container elementor-column-gap-default\">\n\t\t\t\t\t<div class=\"elementor-column elementor-col-100 elementor-top-column elementor-element elementor-element-71d3b52\" data-id=\"71d3b52\" data-element_type=\"column\" data-e-type=\"column\">\n\t\t\t<div class=\"elementor-widget-wrap elementor-element-populated\">\n\t\t\t\t\t\t<div class=\"elementor-element elementor-element-ae2c8c1 elementor-widget elementor-widget-heading\" data-id=\"ae2c8c1\" data-element_type=\"widget\" data-e-type=\"widget\" data-widget_type=\"heading.default\">\n\t\t\t\t<div class=\"elementor-widget-container\">\n\t\t\t\t\t<h2 class=\"elementor-heading-title elementor-size-default\">Servi\u00e7os editoriais oferecidos\n<\/h2>\t\t\t\t<\/div>\n\t\t\t\t<\/div>\n\t\t\t\t<div class=\"elementor-element elementor-element-5951e7a elementor-widget elementor-widget-text-editor\" data-id=\"5951e7a\" data-element_type=\"widget\" data-e-type=\"widget\" data-widget_type=\"text-editor.default\">\n\t\t\t\t<div class=\"elementor-widget-container\">\n\t\t\t\t\t\t\t\t\t<p><span style=\"font-weight: 400\">A Editora CLAEC oferece um conjunto de servi\u00e7os editoriais que garantem a qualidade acad\u00eamica e a ampla divulga\u00e7\u00e3o das obras publicadas:<\/span><\/p><ul><li style=\"font-weight: 400\"><b>Capa<\/b><span style=\"font-weight: 400\"> (cria\u00e7\u00e3o e adapta\u00e7\u00e3o gr\u00e1fica)<\/span><span style=\"font-weight: 400\"><br \/><br \/><\/span><\/li><li style=\"font-weight: 400\"><b>Formata\u00e7\u00e3o<\/b><span style=\"font-weight: 400\"> (conformidade com normas editoriais)<\/span><span style=\"font-weight: 400\"><br \/><br \/><\/span><\/li><li style=\"font-weight: 400\"><b>Diagrama\u00e7\u00e3o<\/b><span style=\"font-weight: 400\"> (organiza\u00e7\u00e3o visual e t\u00e9cnica do livro)<\/span><span style=\"font-weight: 400\"><br \/><br \/><\/span><\/li><li style=\"font-weight: 400\"><b>Revis\u00e3o lingu\u00edstica<\/b><span style=\"font-weight: 400\"> (gram\u00e1tica, ortografia e estilo)<\/span><span style=\"font-weight: 400\"><br \/><br \/><\/span><\/li><li style=\"font-weight: 400\"><b>Registro e divulga\u00e7\u00e3o<\/b><span style=\"font-weight: 400\"> (ISBN, DOI da obra e de cap\u00edtulos, ficha catalogr\u00e1fica e publica\u00e7\u00e3o no cat\u00e1logo)<\/span><span style=\"font-weight: 400\"><br \/><br \/><\/span><\/li><\/ul>\t\t\t\t\t\t\t\t<\/div>\n\t\t\t\t<\/div>\n\t\t\t\t\t<\/div>\n\t\t<\/div>\n\t\t\t\t\t<\/div>\n\t\t<\/section>\n\t\t\t\t<section class=\"elementor-section elementor-top-section elementor-element elementor-element-f6c6504 elementor-section-boxed elementor-section-height-default elementor-section-height-default\" data-id=\"f6c6504\" data-element_type=\"section\" data-e-type=\"section\" data-settings=\"{&quot;background_background&quot;:&quot;classic&quot;}\">\n\t\t\t\t\t\t<div class=\"elementor-container elementor-column-gap-default\">\n\t\t\t\t\t<div class=\"elementor-column elementor-col-100 elementor-top-column elementor-element elementor-element-a44e98c\" data-id=\"a44e98c\" data-element_type=\"column\" data-e-type=\"column\">\n\t\t\t<div class=\"elementor-widget-wrap elementor-element-populated\">\n\t\t\t\t\t\t<div class=\"elementor-element elementor-element-22580ea elementor-widget elementor-widget-heading\" data-id=\"22580ea\" data-element_type=\"widget\" data-e-type=\"widget\" data-widget_type=\"heading.default\">\n\t\t\t\t<div class=\"elementor-widget-container\">\n\t\t\t\t\t<h2 class=\"elementor-heading-title elementor-size-default\">O que est\u00e1 incluso\n<\/h2>\t\t\t\t<\/div>\n\t\t\t\t<\/div>\n\t\t\t\t<div class=\"elementor-element elementor-element-9a6f1a6 elementor-widget elementor-widget-text-editor\" data-id=\"9a6f1a6\" data-element_type=\"widget\" data-e-type=\"widget\" data-widget_type=\"text-editor.default\">\n\t\t\t\t<div class=\"elementor-widget-container\">\n\t\t\t\t\t\t\t\t\t<ul><li><b>Produ\u00e7\u00e3o do e-book<\/b><span style=\"font-weight: 400\">: arquivo em formato PDF validado pela Editora CLAEC e ficha catalogr\u00e1fica.<\/span><span style=\"font-weight: 400\"><br \/><br \/><\/span><\/li><li><b>Distribui\u00e7\u00e3o e comercializa\u00e7\u00e3o<\/b><span style=\"font-weight: 400\">: fornecimento de ISBN, inclus\u00e3o no <\/span><b>Cat\u00e1logo da Editora CLAEC<\/b><span style=\"font-weight: 400\"> e disponibiliza\u00e7\u00e3o no <\/span><b>Google Books<\/b><span style=\"font-weight: 400\">, ampliando a visibilidade da obra no Brasil e em diversos pa\u00edses.<\/span><span style=\"font-weight: 400\"><br \/><\/span><\/li><\/ul>\t\t\t\t\t\t\t\t<\/div>\n\t\t\t\t<\/div>\n\t\t\t\t\t<\/div>\n\t\t<\/div>\n\t\t\t\t\t<\/div>\n\t\t<\/section>\n\t\t\t\t<section class=\"elementor-section elementor-top-section elementor-element elementor-element-b7d6568 elementor-section-boxed elementor-section-height-default elementor-section-height-default\" data-id=\"b7d6568\" data-element_type=\"section\" data-e-type=\"section\" data-settings=\"{&quot;background_background&quot;:&quot;classic&quot;}\">\n\t\t\t\t\t\t<div class=\"elementor-container elementor-column-gap-default\">\n\t\t\t\t\t<div class=\"elementor-column elementor-col-100 elementor-top-column elementor-element elementor-element-5892900\" data-id=\"5892900\" data-element_type=\"column\" data-e-type=\"column\">\n\t\t\t<div class=\"elementor-widget-wrap elementor-element-populated\">\n\t\t\t\t\t\t<div class=\"elementor-element elementor-element-e163321 elementor-widget elementor-widget-heading\" data-id=\"e163321\" data-element_type=\"widget\" data-e-type=\"widget\" data-widget_type=\"heading.default\">\n\t\t\t\t<div class=\"elementor-widget-container\">\n\t\t\t\t\t<h2 class=\"elementor-heading-title elementor-size-default\">Formas de pagamento\n<\/h2>\t\t\t\t<\/div>\n\t\t\t\t<\/div>\n\t\t\t\t<div class=\"elementor-element elementor-element-2d57752 elementor-widget elementor-widget-text-editor\" data-id=\"2d57752\" data-element_type=\"widget\" data-e-type=\"widget\" data-widget_type=\"text-editor.default\">\n\t\t\t\t<div class=\"elementor-widget-container\">\n\t\t\t\t\t\t\t\t\t<p><span style=\"font-weight: 400\">Para maior comodidade, oferecemos diferentes op\u00e7\u00f5es de pagamento:<\/span><\/p><ul><li><span style=\"font-weight: 400\">Dep\u00f3sito ou transfer\u00eancia banc\u00e1ria<\/span><span style=\"font-weight: 400\"><br \/><br \/><\/span><\/li><li><span style=\"font-weight: 400\">Boleto banc\u00e1rio<\/span><span style=\"font-weight: 400\"><br \/><br \/><\/span><\/li><li><span style=\"font-weight: 400\">Cart\u00e3o de cr\u00e9dito (parcelamento em at\u00e9 12 vezes via PayPal\/Moip, com juros)<\/span><span style=\"font-weight: 400\"><br \/><br \/><\/span><\/li><\/ul><p><span style=\"font-weight: 400\">Nota de empenho (para \u00f3rg\u00e3os e institui\u00e7\u00f5es p\u00fablicas)<\/span><span style=\"font-weight: 400\"><br \/><\/span><\/p>\t\t\t\t\t\t\t\t<\/div>\n\t\t\t\t<\/div>\n\t\t\t\t\t<\/div>\n\t\t<\/div>\n\t\t\t\t\t<\/div>\n\t\t<\/section>\n\t\t\t\t<section class=\"elementor-section elementor-top-section elementor-element elementor-element-09f35b3 elementor-section-boxed elementor-section-height-default elementor-section-height-default\" data-id=\"09f35b3\" data-element_type=\"section\" data-e-type=\"section\" data-settings=\"{&quot;background_background&quot;:&quot;classic&quot;}\">\n\t\t\t\t\t\t<div class=\"elementor-container elementor-column-gap-default\">\n\t\t\t\t\t<div class=\"elementor-column elementor-col-100 elementor-top-column elementor-element elementor-element-fd91f71\" data-id=\"fd91f71\" data-element_type=\"column\" data-e-type=\"column\">\n\t\t\t<div class=\"elementor-widget-wrap elementor-element-populated\">\n\t\t\t\t\t\t<div class=\"elementor-element elementor-element-46908d6 elementor-widget elementor-widget-heading\" data-id=\"46908d6\" data-element_type=\"widget\" data-e-type=\"widget\" data-widget_type=\"heading.default\">\n\t\t\t\t<div class=\"elementor-widget-container\">\n\t\t\t\t\t<h2 class=\"elementor-heading-title elementor-size-default\">Observa\u00e7\u00e3o\n<\/h2>\t\t\t\t<\/div>\n\t\t\t\t<\/div>\n\t\t\t\t<div class=\"elementor-element elementor-element-6ed687a elementor-widget elementor-widget-text-editor\" data-id=\"6ed687a\" data-element_type=\"widget\" data-e-type=\"widget\" data-widget_type=\"text-editor.default\">\n\t\t\t\t<div class=\"elementor-widget-container\">\n\t\t\t\t\t\t\t\t\t<p><span style=\"font-weight: 400\">Os valores variam conforme a modalidade de publica\u00e7\u00e3o e as especificidades de cada projeto editorial. Para or\u00e7amento detalhado, entre em contato pelo e-mail <\/span><b>editora@claec.org<\/b><span style=\"font-weight: 400\">.<\/span><\/p>\t\t\t\t\t\t\t\t<\/div>\n\t\t\t\t<\/div>\n\t\t\t\t<div class=\"elementor-element elementor-element-02e0e80 elementor-align-center elementor-widget elementor-widget-button\" data-id=\"02e0e80\" data-element_type=\"widget\" data-e-type=\"widget\" data-settings=\"{&quot;motion_fx_motion_fx_scrolling&quot;:&quot;yes&quot;,&quot;motion_fx_translateY_effect&quot;:&quot;yes&quot;,&quot;motion_fx_motion_fx_mouse&quot;:&quot;yes&quot;,&quot;motion_fx_mouseTrack_effect&quot;:&quot;yes&quot;,&quot;motion_fx_mouseTrack_speed&quot;:{&quot;unit&quot;:&quot;px&quot;,&quot;size&quot;:&quot;0.3&quot;,&quot;sizes&quot;:[]},&quot;motion_fx_translateY_speed&quot;:{&quot;unit&quot;:&quot;px&quot;,&quot;size&quot;:4,&quot;sizes&quot;:[]},&quot;motion_fx_translateY_affectedRange&quot;:{&quot;unit&quot;:&quot;%&quot;,&quot;size&quot;:&quot;&quot;,&quot;sizes&quot;:{&quot;start&quot;:0,&quot;end&quot;:100}},&quot;motion_fx_devices&quot;:[&quot;desktop&quot;,&quot;tablet&quot;,&quot;mobile&quot;]}\" data-widget_type=\"button.default\">\n\t\t\t\t<div class=\"elementor-widget-container\">\n\t\t\t\t\t\t\t\t\t<div class=\"elementor-button-wrapper\">\n\t\t\t\t\t<a class=\"elementor-button elementor-button-link elementor-size-sm\" href=\"mailto:editora@claec.org\">\n\t\t\t\t\t\t<span class=\"elementor-button-content-wrapper\">\n\t\t\t\t\t\t\t\t\t<span class=\"elementor-button-text\">Solicite um or\u00e7amento<\/span>\n\t\t\t\t\t<\/span>\n\t\t\t\t\t<\/a>\n\t\t\t\t<\/div>\n\t\t\t\t\t\t\t\t<\/div>\n\t\t\t\t<\/div>\n\t\t\t\t\t<\/div>\n\t\t<\/div>\n\t\t\t\t\t<\/div>\n\t\t<\/section>\n\t\t\t\t<\/div>\n\t\t","protected":false},"excerpt":{"rendered":"<p>Servi\u00e7os editoriais oferecidos A Editora CLAEC oferece um conjunto de servi\u00e7os editoriais que garantem a qualidade acad\u00eamica e a ampla divulga\u00e7\u00e3o das obras publicadas: Capa (cria\u00e7\u00e3o e adapta\u00e7\u00e3o gr\u00e1fica) Formata\u00e7\u00e3o (conformidade com normas editoriais) Diagrama\u00e7\u00e3o (organiza\u00e7\u00e3o visual e t\u00e9cnica do livro) Revis\u00e3o lingu\u00edstica (gram\u00e1tica, ortografia e estilo) Registro e divulga\u00e7\u00e3o (ISBN, DOI da obra e [&hellip;]<\/p>\n","protected":false},"author":22,"featured_media":0,"parent":0,"menu_order":0,"comment_status":"closed","ping_status":"closed","template":"elementor_header_footer","meta":{"_monsterinsights_skip_tracking":false,"_monsterinsights_sitenote_active":false,"_monsterinsights_sitenote_note":"","_monsterinsights_sitenote_category":0,"footnotes":""},"class_list":["post-1907","page","type-page","status-publish","hentry"],"_links":{"self":[{"href":"https:\/\/claec.org\/editora\/wp-json\/wp\/v2\/pages\/1907","targetHints":{"allow":["GET"]}}],"collection":[{"href":"https:\/\/claec.org\/editora\/wp-json\/wp\/v2\/pages"}],"about":[{"href":"https:\/\/claec.org\/editora\/wp-json\/wp\/v2\/types\/page"}],"author":[{"embeddable":true,"href":"https:\/\/claec.org\/editora\/wp-json\/wp\/v2\/users\/22"}],"replies":[{"embeddable":true,"href":"https:\/\/claec.org\/editora\/wp-json\/wp\/v2\/comments?post=1907"}],"version-history":[{"count":22,"href":"https:\/\/claec.org\/editora\/wp-json\/wp\/v2\/pages\/1907\/revisions"}],"predecessor-version":[{"id":2114,"href":"https:\/\/claec.org\/editora\/wp-json\/wp\/v2\/pages\/1907\/revisions\/2114"}],"wp:attachment":[{"href":"https:\/\/claec.org\/editora\/wp-json\/wp\/v2\/media?parent=1907"}],"curies":[{"name":"wp","href":"https:\/\/api.w.org\/{rel}","templated":true}]}}