{"id":1824,"date":"2025-09-22T16:13:57","date_gmt":"2025-09-22T19:13:57","guid":{"rendered":"https:\/\/claec.org\/editora\/?page_id=1824"},"modified":"2025-09-22T16:26:23","modified_gmt":"2025-09-22T19:26:23","slug":"catalogo-2","status":"publish","type":"page","link":"https:\/\/claec.org\/editora\/catalogo-2\/","title":{"rendered":"Cat\u00e1logo"},"content":{"rendered":"\t\t<div data-elementor-type=\"wp-page\" data-elementor-id=\"1824\" class=\"elementor elementor-1824\" data-elementor-post-type=\"page\">\n\t\t\t\t\t\t<section class=\"elementor-section elementor-top-section elementor-element elementor-element-7fbf4e1 elementor-section-height-min-height elementor-section-boxed elementor-section-height-default elementor-section-items-middle\" data-id=\"7fbf4e1\" data-element_type=\"section\" data-e-type=\"section\" data-settings=\"{&quot;background_background&quot;:&quot;slideshow&quot;,&quot;background_slideshow_gallery&quot;:[{&quot;id&quot;:&quot;1657&quot;,&quot;url&quot;:&quot;https:\\\/\\\/claec.org\\\/editora\\\/wp-content\\\/uploads\\\/sites\\\/3\\\/2025\\\/09\\\/claec222-scaled.jpg&quot;},{&quot;id&quot;:&quot;1619&quot;,&quot;url&quot;:&quot;https:\\\/\\\/claec.org\\\/editora\\\/wp-content\\\/uploads\\\/sites\\\/3\\\/2025\\\/09\\\/pexels-pixabay-256541-scaled.jpg&quot;},{&quot;id&quot;:&quot;1541&quot;,&quot;url&quot;:&quot;https:\\\/\\\/claec.org\\\/editora\\\/wp-content\\\/uploads\\\/sites\\\/3\\\/2025\\\/09\\\/books-2596809_1280.jpg&quot;},{&quot;id&quot;:&quot;1539&quot;,&quot;url&quot;:&quot;https:\\\/\\\/claec.org\\\/editora\\\/wp-content\\\/uploads\\\/sites\\\/3\\\/2025\\\/09\\\/pexels-efrem-efre-2786187-16263864-scaled.jpg&quot;}],&quot;background_slideshow_loop&quot;:&quot;yes&quot;,&quot;background_slideshow_slide_duration&quot;:5000,&quot;background_slideshow_slide_transition&quot;:&quot;fade&quot;,&quot;background_slideshow_transition_duration&quot;:500}\">\n\t\t\t\t\t\t\t<div class=\"elementor-background-overlay\"><\/div>\n\t\t\t\t\t\t\t<div class=\"elementor-container elementor-column-gap-default\">\n\t\t\t\t\t<div class=\"elementor-column elementor-col-100 elementor-top-column elementor-element elementor-element-6cf5d39\" data-id=\"6cf5d39\" data-element_type=\"column\" data-e-type=\"column\">\n\t\t\t<div class=\"elementor-widget-wrap elementor-element-populated\">\n\t\t\t\t\t\t\t<\/div>\n\t\t<\/div>\n\t\t\t\t\t<\/div>\n\t\t<\/section>\n\t\t\t\t<section class=\"elementor-section elementor-top-section elementor-element elementor-element-c6bf4c1 elementor-section-boxed elementor-section-height-default elementor-section-height-default\" data-id=\"c6bf4c1\" data-element_type=\"section\" data-e-type=\"section\" data-settings=\"{&quot;background_background&quot;:&quot;classic&quot;}\">\n\t\t\t\t\t\t<div class=\"elementor-container elementor-column-gap-default\">\n\t\t\t\t\t<div class=\"elementor-column elementor-col-100 elementor-top-column elementor-element elementor-element-71d3b52\" data-id=\"71d3b52\" data-element_type=\"column\" data-e-type=\"column\">\n\t\t\t<div class=\"elementor-widget-wrap elementor-element-populated\">\n\t\t\t\t\t\t<section class=\"elementor-section elementor-inner-section elementor-element elementor-element-d694d12 elementor-section-content-middle elementor-section-boxed elementor-section-height-default elementor-section-height-default\" data-id=\"d694d12\" data-element_type=\"section\" data-e-type=\"section\">\n\t\t\t\t\t\t<div class=\"elementor-container elementor-column-gap-default\">\n\t\t\t\t\t<div class=\"elementor-column elementor-col-50 elementor-inner-column elementor-element elementor-element-4c4292b\" data-id=\"4c4292b\" data-element_type=\"column\" data-e-type=\"column\">\n\t\t\t<div class=\"elementor-widget-wrap elementor-element-populated\">\n\t\t\t\t\t\t<div class=\"elementor-element elementor-element-53a798e elementor-view-default elementor-widget elementor-widget-icon\" data-id=\"53a798e\" data-element_type=\"widget\" data-e-type=\"widget\" data-widget_type=\"icon.default\">\n\t\t\t\t<div class=\"elementor-widget-container\">\n\t\t\t\t\t\t\t<div class=\"elementor-icon-wrapper\">\n\t\t\t<div class=\"elementor-icon\">\n\t\t\t<i aria-hidden=\"true\" class=\"fas fa-book-open\"><\/i>\t\t\t<\/div>\n\t\t<\/div>\n\t\t\t\t\t\t<\/div>\n\t\t\t\t<\/div>\n\t\t\t\t\t<\/div>\n\t\t<\/div>\n\t\t\t\t<div class=\"elementor-column elementor-col-50 elementor-inner-column elementor-element elementor-element-f2e30c5\" data-id=\"f2e30c5\" data-element_type=\"column\" data-e-type=\"column\">\n\t\t\t<div class=\"elementor-widget-wrap elementor-element-populated\">\n\t\t\t\t\t\t<div class=\"elementor-element elementor-element-ae2c8c1 elementor-widget elementor-widget-heading\" data-id=\"ae2c8c1\" data-element_type=\"widget\" data-e-type=\"widget\" data-widget_type=\"heading.default\">\n\t\t\t\t<div class=\"elementor-widget-container\">\n\t\t\t\t\t<h2 class=\"elementor-heading-title elementor-size-default\">T\u00edtulo do conte\u00fado\n<\/h2>\t\t\t\t<\/div>\n\t\t\t\t<\/div>\n\t\t\t\t<div class=\"elementor-element elementor-element-053bb43 elementor-widget elementor-widget-text-editor\" data-id=\"053bb43\" data-element_type=\"widget\" data-e-type=\"widget\" data-widget_type=\"text-editor.default\">\n\t\t\t\t<div class=\"elementor-widget-container\">\n\t\t\t\t\t\t\t\t\t<p><span style=\"font-weight: 400\">conte\u00fado conte\u00fado conte\u00fado conte\u00fado conte\u00fado conte\u00fado conte\u00fado conte\u00fado conte\u00fado conte\u00fado conte\u00fado conte\u00fado conte\u00fado conte\u00fado conte\u00fado conte\u00fado conte\u00fado conte\u00fado conte\u00fado conte\u00fado conte\u00fado conte\u00fado conte\u00fado conte\u00fado conte\u00fado conte\u00fado conte\u00fado conte\u00fado conte\u00fado conte\u00fado conte\u00fado conte\u00fado conte\u00fado conte\u00fado conte\u00fado conte\u00fado conte\u00fado conte\u00fado conte\u00fado conte\u00fado conte\u00fado conte\u00fado conte\u00fado conte\u00fado conte\u00fado conte\u00fado conte\u00fado conte\u00fado conte\u00fado conte\u00fado conte\u00fado conte\u00fado conte\u00fado conte\u00fado conte\u00fado conte\u00fado conte\u00fado conte\u00fado conte\u00fado conte\u00fado conte\u00fado conte\u00fado conte\u00fado conte\u00fado conte\u00fado conte\u00fado conte\u00fado conte\u00fado conte\u00fado conte\u00fado conte\u00fado conte\u00fado conte\u00fado conte\u00fado conte\u00fado conte\u00fado conte\u00fado conte\u00fado conte\u00fado conte\u00fado conte\u00fado conte\u00fado conte\u00fado conte\u00fado conte\u00fado conte\u00fado conte\u00fado conte\u00fado conte\u00fado\u00a0<\/span><\/p>\t\t\t\t\t\t\t\t<\/div>\n\t\t\t\t<\/div>\n\t\t\t\t\t<\/div>\n\t\t<\/div>\n\t\t\t\t\t<\/div>\n\t\t<\/section>\n\t\t\t\t\t<\/div>\n\t\t<\/div>\n\t\t\t\t\t<\/div>\n\t\t<\/section>\n\t\t\t\t<section class=\"elementor-section elementor-top-section elementor-element elementor-element-c1e1f49 elementor-section-boxed elementor-section-height-default elementor-section-height-default\" data-id=\"c1e1f49\" data-element_type=\"section\" data-e-type=\"section\" data-settings=\"{&quot;background_background&quot;:&quot;classic&quot;}\">\n\t\t\t\t\t\t<div class=\"elementor-container elementor-column-gap-default\">\n\t\t\t\t\t<div class=\"elementor-column elementor-col-100 elementor-top-column elementor-element elementor-element-e213f90\" data-id=\"e213f90\" data-element_type=\"column\" data-e-type=\"column\">\n\t\t\t<div class=\"elementor-widget-wrap elementor-element-populated\">\n\t\t\t\t\t\t<div class=\"elementor-element elementor-element-7a73d97 elementor-view-stacked elementor-position-inline-start elementor-shape-circle elementor-mobile-position-block-start elementor-widget elementor-widget-icon-box\" data-id=\"7a73d97\" data-element_type=\"widget\" data-e-type=\"widget\" data-widget_type=\"icon-box.default\">\n\t\t\t\t<div class=\"elementor-widget-container\">\n\t\t\t\t\t\t\t<div class=\"elementor-icon-box-wrapper\">\n\n\t\t\t\t\t\t<div class=\"elementor-icon-box-icon\">\n\t\t\t\t<span  class=\"elementor-icon\">\n\t\t\t\t<i aria-hidden=\"true\" class=\"far fa-newspaper\"><\/i>\t\t\t\t<\/span>\n\t\t\t<\/div>\n\t\t\t\n\t\t\t\t\t\t<div class=\"elementor-icon-box-content\">\n\n\t\t\t\t\t\t\t\t\t<h3 class=\"elementor-icon-box-title\">\n\t\t\t\t\t\t<span  >\n\t\t\t\t\t\t\t\u00daltimas publica\u00e7\u00f5es\t\t\t\t\t\t<\/span>\n\t\t\t\t\t<\/h3>\n\t\t\t\t\n\t\t\t\t\n\t\t\t<\/div>\n\t\t\t\n\t\t<\/div>\n\t\t\t\t\t\t<\/div>\n\t\t\t\t<\/div>\n\t\t\t\t\t<\/div>\n\t\t<\/div>\n\t\t\t\t\t<\/div>\n\t\t<\/section>\n\t\t\t\t<section class=\"elementor-section elementor-top-section elementor-element elementor-element-f833ddf elementor-section-boxed elementor-section-height-default elementor-section-height-default\" data-id=\"f833ddf\" data-element_type=\"section\" data-e-type=\"section\" data-settings=\"{&quot;background_background&quot;:&quot;classic&quot;}\">\n\t\t\t\t\t\t<div class=\"elementor-container elementor-column-gap-default\">\n\t\t\t\t\t<div class=\"elementor-column elementor-col-100 elementor-top-column elementor-element elementor-element-e04e134\" data-id=\"e04e134\" data-element_type=\"column\" data-e-type=\"column\">\n\t\t\t<div class=\"elementor-widget-wrap elementor-element-populated\">\n\t\t\t\t\t\t<div class=\"elementor-element elementor-element-07b4365 elementor-grid-5 elementor-grid-tablet-2 elementor-grid-mobile-1 elementor-posts--thumbnail-top elementor-card-shadow-yes elementor-posts__hover-gradient elementor-widget elementor-widget-posts\" data-id=\"07b4365\" data-element_type=\"widget\" data-e-type=\"widget\" data-settings=\"{&quot;cards_row_gap&quot;:{&quot;unit&quot;:&quot;px&quot;,&quot;size&quot;:&quot;15&quot;,&quot;sizes&quot;:[]},&quot;cards_columns&quot;:&quot;5&quot;,&quot;cards_columns_tablet&quot;:&quot;2&quot;,&quot;cards_columns_mobile&quot;:&quot;1&quot;,&quot;cards_row_gap_tablet&quot;:{&quot;unit&quot;:&quot;px&quot;,&quot;size&quot;:&quot;&quot;,&quot;sizes&quot;:[]},&quot;cards_row_gap_mobile&quot;:{&quot;unit&quot;:&quot;px&quot;,&quot;size&quot;:&quot;&quot;,&quot;sizes&quot;:[]}}\" data-widget_type=\"posts.cards\">\n\t\t\t\t<div class=\"elementor-widget-container\">\n\t\t\t\t\t\t\t<div class=\"elementor-posts-container elementor-posts elementor-posts--skin-cards elementor-grid\" role=\"list\">\n\t\t\t\t<article class=\"elementor-post elementor-grid-item post-2327 post type-post status-publish format-standard has-post-thumbnail hentry category-noticias tag-acesso-aberto tag-avaliacao-qualitativa tag-ciencia-aberta tag-ciencias-sociais tag-declaracao-de-sao-francisco tag-dora tag-editora-claec tag-humanidades tag-politicas-editoriais tag-publicacoes-academicas\" role=\"listitem\">\n\t\t\t<div class=\"elementor-post__card\">\n\t\t\t\t<a class=\"elementor-post__thumbnail__link\" href=\"https:\/\/claec.org\/editora\/compromisso-da-editora-claec-com-a-avaliacao-responsavel-da-pesquisa\/\" tabindex=\"-1\" ><div class=\"elementor-post__thumbnail\"><img fetchpriority=\"high\" decoding=\"async\" width=\"400\" height=\"400\" src=\"https:\/\/claec.org\/editora\/wp-content\/uploads\/sites\/3\/2026\/02\/claec-signatario-dora.png\" class=\"attachment-full size-full wp-image-2328\" alt=\"Editora CLAEC \u00e9 signat\u00e1rio da DORA \u2013 Declara\u00e7\u00e3o de S\u00e3o Francisco sobre Avalia\u00e7\u00e3o da Pesquisa\" srcset=\"https:\/\/claec.org\/editora\/wp-content\/uploads\/sites\/3\/2026\/02\/claec-signatario-dora.png 400w, https:\/\/claec.org\/editora\/wp-content\/uploads\/sites\/3\/2026\/02\/claec-signatario-dora-300x300.png 300w, https:\/\/claec.org\/editora\/wp-content\/uploads\/sites\/3\/2026\/02\/claec-signatario-dora-150x150.png 150w\" sizes=\"(max-width: 400px) 100vw, 400px\" \/><\/div><\/a>\n\t\t\t\t<div class=\"elementor-post__badge\">Not\u00edcias<\/div>\n\t\t\t\t<div class=\"elementor-post__text\">\n\t\t\t\t<h3 class=\"elementor-post__title\">\n\t\t\t<a href=\"https:\/\/claec.org\/editora\/compromisso-da-editora-claec-com-a-avaliacao-responsavel-da-pesquisa\/\" >\n\t\t\t\tCompromisso da Editora CLAEC com a Avalia\u00e7\u00e3o Respons\u00e1vel da Pesquisa\t\t\t<\/a>\n\t\t<\/h3>\n\t\t\t\t<\/div>\n\t\t\t\t\t<\/div>\n\t\t<\/article>\n\t\t\t\t<article class=\"elementor-post elementor-grid-item post-2307 post type-post status-publish format-standard has-post-thumbnail hentry category-noticias tag-chamada-de-capitulos tag-creative-commons-cc-by-4-0 tag-doi-por-capitulo tag-e-book-em-acesso-aberto tag-editora-claec tag-organizacao-de-livro-academico tag-organizar-e-book-cientifico tag-publicacao-cientifica\" role=\"listitem\">\n\t\t\t<div class=\"elementor-post__card\">\n\t\t\t\t<a class=\"elementor-post__thumbnail__link\" href=\"https:\/\/claec.org\/editora\/organize-um-e-book-cientifico-scientia-global-editions-claec-e-books\/\" tabindex=\"-1\" ><div class=\"elementor-post__thumbnail\"><img decoding=\"async\" width=\"1024\" height=\"1536\" src=\"https:\/\/claec.org\/editora\/wp-content\/uploads\/sites\/3\/2025\/05\/ORGANIZE-UM-EBOOK-CIENTIFICO-1.png\" class=\"attachment-full size-full wp-image-1480\" alt=\"\" srcset=\"https:\/\/claec.org\/editora\/wp-content\/uploads\/sites\/3\/2025\/05\/ORGANIZE-UM-EBOOK-CIENTIFICO-1.png 1024w, https:\/\/claec.org\/editora\/wp-content\/uploads\/sites\/3\/2025\/05\/ORGANIZE-UM-EBOOK-CIENTIFICO-1-200x300.png 200w\" sizes=\"(max-width: 1024px) 100vw, 1024px\" \/><\/div><\/a>\n\t\t\t\t<div class=\"elementor-post__badge\">Not\u00edcias<\/div>\n\t\t\t\t<div class=\"elementor-post__text\">\n\t\t\t\t<h3 class=\"elementor-post__title\">\n\t\t\t<a href=\"https:\/\/claec.org\/editora\/organize-um-e-book-cientifico-scientia-global-editions-claec-e-books\/\" >\n\t\t\t\tOrganize um e-Book Cient\u00edfico | Scientia Global Editions: CLAEC e-Books\t\t\t<\/a>\n\t\t<\/h3>\n\t\t\t\t<\/div>\n\t\t\t\t\t<\/div>\n\t\t<\/article>\n\t\t\t\t<article class=\"elementor-post elementor-grid-item post-2301 post type-post status-publish format-standard has-post-thumbnail hentry category-noticias tag-acesso-aberto tag-chamada-de-capitulos tag-ciencia-aberta tag-creative-commons-cc-by-4-0 tag-doi-por-capitulo tag-e-book-cientifico tag-editora-claec tag-livro-academico tag-publicacao-de-capitulos-cientificos tag-scientia-global-editions\" role=\"listitem\">\n\t\t\t<div class=\"elementor-post__card\">\n\t\t\t\t<a class=\"elementor-post__thumbnail__link\" href=\"https:\/\/claec.org\/editora\/publicacao-de-capitulos-cientificos-scientia-global-editions-claec-e-books\/\" tabindex=\"-1\" ><div class=\"elementor-post__thumbnail\"><img decoding=\"async\" width=\"1024\" height=\"1536\" src=\"https:\/\/claec.org\/editora\/wp-content\/uploads\/sites\/3\/2025\/05\/ORGANIZE-UM-EBOOK-CIENTIFICO-1.png\" class=\"attachment-full size-full wp-image-1480\" alt=\"\" srcset=\"https:\/\/claec.org\/editora\/wp-content\/uploads\/sites\/3\/2025\/05\/ORGANIZE-UM-EBOOK-CIENTIFICO-1.png 1024w, https:\/\/claec.org\/editora\/wp-content\/uploads\/sites\/3\/2025\/05\/ORGANIZE-UM-EBOOK-CIENTIFICO-1-200x300.png 200w\" sizes=\"(max-width: 1024px) 100vw, 1024px\" \/><\/div><\/a>\n\t\t\t\t<div class=\"elementor-post__badge\">Not\u00edcias<\/div>\n\t\t\t\t<div class=\"elementor-post__text\">\n\t\t\t\t<h3 class=\"elementor-post__title\">\n\t\t\t<a href=\"https:\/\/claec.org\/editora\/publicacao-de-capitulos-cientificos-scientia-global-editions-claec-e-books\/\" >\n\t\t\t\tPublica\u00e7\u00e3o de Cap\u00edtulos Cient\u00edficos | Scientia Global Editions: CLAEC e-Books\t\t\t<\/a>\n\t\t<\/h3>\n\t\t\t\t<\/div>\n\t\t\t\t\t<\/div>\n\t\t<\/article>\n\t\t\t\t<article class=\"elementor-post elementor-grid-item post-2273 post type-post status-publish format-standard has-post-thumbnail hentry category-chamadas-internacionais tag-acesso-aberto tag-antropologia-urbana tag-capitulos-cientificos tag-ciencia-aberta tag-livros-academicos tag-memoria-social tag-mobilidade-urbana tag-narrativas-do-cotidiano tag-patrimonio-cultural\" role=\"listitem\">\n\t\t\t<div class=\"elementor-post__card\">\n\t\t\t\t<a class=\"elementor-post__thumbnail__link\" href=\"https:\/\/claec.org\/editora\/memoria-patrimonio-e-mobilidade-urbana-recebe-capitulos-ate-31-de-marco-de-2026\/\" tabindex=\"-1\" ><div class=\"elementor-post__thumbnail\"><img decoding=\"async\" width=\"1080\" height=\"1080\" src=\"https:\/\/claec.org\/editora\/wp-content\/uploads\/sites\/3\/2026\/02\/Cards-14-01-2026-Portugues.png\" class=\"attachment-full size-full wp-image-2276\" alt=\"Chamada de cap\u00edtulos para o e-book Mem\u00f3ria, Patrim\u00f4nio e Mobilidade Urbana: Narrativas do Cotidiano, com prazo final de submiss\u00e3o em 31 de mar\u00e7o de 2026, organizado por Ma. Rosilene Oliveira Silva, Scientia Global Editions CLAEC e-Books.\" srcset=\"https:\/\/claec.org\/editora\/wp-content\/uploads\/sites\/3\/2026\/02\/Cards-14-01-2026-Portugues.png 1080w, https:\/\/claec.org\/editora\/wp-content\/uploads\/sites\/3\/2026\/02\/Cards-14-01-2026-Portugues-300x300.png 300w, https:\/\/claec.org\/editora\/wp-content\/uploads\/sites\/3\/2026\/02\/Cards-14-01-2026-Portugues-1024x1024.png 1024w, https:\/\/claec.org\/editora\/wp-content\/uploads\/sites\/3\/2026\/02\/Cards-14-01-2026-Portugues-150x150.png 150w, https:\/\/claec.org\/editora\/wp-content\/uploads\/sites\/3\/2026\/02\/Cards-14-01-2026-Portugues-768x768.png 768w\" sizes=\"(max-width: 1080px) 100vw, 1080px\" \/><\/div><\/a>\n\t\t\t\t<div class=\"elementor-post__badge\">Chamadas Internacionais<\/div>\n\t\t\t\t<div class=\"elementor-post__text\">\n\t\t\t\t<h3 class=\"elementor-post__title\">\n\t\t\t<a href=\"https:\/\/claec.org\/editora\/memoria-patrimonio-e-mobilidade-urbana-recebe-capitulos-ate-31-de-marco-de-2026\/\" >\n\t\t\t\tMem\u00f3ria, Patrim\u00f4nio e Mobilidade Urbana: Scientia Global Editions recebe cap\u00edtulos at\u00e9 31 de mar\u00e7o de 2026\t\t\t<\/a>\n\t\t<\/h3>\n\t\t\t\t<\/div>\n\t\t\t\t\t<\/div>\n\t\t<\/article>\n\t\t\t\t<article class=\"elementor-post elementor-grid-item post-2247 post type-post status-publish format-standard has-post-thumbnail hentry category-noticias tag-ciencia-aberta tag-claec tag-editora-claec tag-estudos-culturais tag-humanidades tag-periodicos-cientificos tag-qualis-capes-a3 tag-relacult tag-revistas-academicas\" role=\"listitem\">\n\t\t\t<div class=\"elementor-post__card\">\n\t\t\t\t<a class=\"elementor-post__thumbnail__link\" href=\"https:\/\/claec.org\/editora\/relacult-alcanca-estrato-a3-no-qualis-capes-2021-2024-e-consolida-10-anos-de-trajetoria-editorial-do-claec\/\" tabindex=\"-1\" ><div class=\"elementor-post__thumbnail\"><img loading=\"lazy\" decoding=\"async\" width=\"2048\" height=\"2048\" src=\"https:\/\/claec.org\/editora\/wp-content\/uploads\/sites\/3\/2026\/01\/POST-RELACULT-QUALIS-A3.png\" class=\"attachment-full size-full wp-image-2248\" alt=\"Card informativo da revista RELACult anunciando a classifica\u00e7\u00e3o Qualis CAPES A3. A imagem cont\u00e9m o mapa da Am\u00e9rica Latina em verde, o logotipo do CLAEC e os t\u00edtulos da revista em portugu\u00eas, espanhol e ingl\u00eas.\" srcset=\"https:\/\/claec.org\/editora\/wp-content\/uploads\/sites\/3\/2026\/01\/POST-RELACULT-QUALIS-A3.png 2048w, https:\/\/claec.org\/editora\/wp-content\/uploads\/sites\/3\/2026\/01\/POST-RELACULT-QUALIS-A3-300x300.png 300w, https:\/\/claec.org\/editora\/wp-content\/uploads\/sites\/3\/2026\/01\/POST-RELACULT-QUALIS-A3-1024x1024.png 1024w, https:\/\/claec.org\/editora\/wp-content\/uploads\/sites\/3\/2026\/01\/POST-RELACULT-QUALIS-A3-150x150.png 150w, https:\/\/claec.org\/editora\/wp-content\/uploads\/sites\/3\/2026\/01\/POST-RELACULT-QUALIS-A3-768x768.png 768w, https:\/\/claec.org\/editora\/wp-content\/uploads\/sites\/3\/2026\/01\/POST-RELACULT-QUALIS-A3-1536x1536.png 1536w\" sizes=\"(max-width: 2048px) 100vw, 2048px\" \/><\/div><\/a>\n\t\t\t\t<div class=\"elementor-post__badge\">Not\u00edcias<\/div>\n\t\t\t\t<div class=\"elementor-post__text\">\n\t\t\t\t<h3 class=\"elementor-post__title\">\n\t\t\t<a href=\"https:\/\/claec.org\/editora\/relacult-alcanca-estrato-a3-no-qualis-capes-2021-2024-e-consolida-10-anos-de-trajetoria-editorial-do-claec\/\" >\n\t\t\t\tRELACult alcan\u00e7a estrato A3 no Qualis CAPES 2021\u20132024 e consolida 10 anos de trajet\u00f3ria editorial do CLAEC\t\t\t<\/a>\n\t\t<\/h3>\n\t\t\t\t<\/div>\n\t\t\t\t\t<\/div>\n\t\t<\/article>\n\t\t\t\t<\/div>\n\t\t\n\t\t\t\t\t\t<\/div>\n\t\t\t\t<\/div>\n\t\t\t\t\t<\/div>\n\t\t<\/div>\n\t\t\t\t\t<\/div>\n\t\t<\/section>\n\t\t\t\t<section class=\"elementor-section elementor-top-section elementor-element elementor-element-88a03e2 elementor-section-boxed elementor-section-height-default elementor-section-height-default\" data-id=\"88a03e2\" data-element_type=\"section\" data-e-type=\"section\">\n\t\t\t\t\t\t<div class=\"elementor-container elementor-column-gap-default\">\n\t\t\t\t\t<div class=\"elementor-column elementor-col-100 elementor-top-column elementor-element elementor-element-4003603\" data-id=\"4003603\" data-element_type=\"column\" data-e-type=\"column\">\n\t\t\t<div class=\"elementor-widget-wrap\">\n\t\t\t\t\t\t\t<\/div>\n\t\t<\/div>\n\t\t\t\t\t<\/div>\n\t\t<\/section>\n\t\t\t\t<\/div>\n\t\t","protected":false},"excerpt":{"rendered":"<p>T\u00edtulo do conte\u00fado conte\u00fado conte\u00fado conte\u00fado conte\u00fado conte\u00fado conte\u00fado conte\u00fado conte\u00fado conte\u00fado conte\u00fado conte\u00fado conte\u00fado conte\u00fado conte\u00fado conte\u00fado conte\u00fado conte\u00fado conte\u00fado conte\u00fado conte\u00fado conte\u00fado conte\u00fado<\/p>\n","protected":false},"author":22,"featured_media":0,"parent":0,"menu_order":0,"comment_status":"closed","ping_status":"closed","template":"elementor_header_footer","meta":{"_monsterinsights_skip_tracking":false,"_monsterinsights_sitenote_active":false,"_monsterinsights_sitenote_note":"","_monsterinsights_sitenote_category":0,"footnotes":""},"class_list":["post-1824","page","type-page","status-publish","hentry"],"_links":{"self":[{"href":"https:\/\/claec.org\/editora\/wp-json\/wp\/v2\/pages\/1824","targetHints":{"allow":["GET"]}}],"collection":[{"href":"https:\/\/claec.org\/editora\/wp-json\/wp\/v2\/pages"}],"about":[{"href":"https:\/\/claec.org\/editora\/wp-json\/wp\/v2\/types\/page"}],"author":[{"embeddable":true,"href":"https:\/\/claec.org\/editora\/wp-json\/wp\/v2\/users\/22"}],"replies":[{"embeddable":true,"href":"https:\/\/claec.org\/editora\/wp-json\/wp\/v2\/comments?post=1824"}],"version-history":[{"count":16,"href":"https:\/\/claec.org\/editora\/wp-json\/wp\/v2\/pages\/1824\/revisions"}],"predecessor-version":[{"id":1841,"href":"https:\/\/claec.org\/editora\/wp-json\/wp\/v2\/pages\/1824\/revisions\/1841"}],"wp:attachment":[{"href":"https:\/\/claec.org\/editora\/wp-json\/wp\/v2\/media?parent=1824"}],"curies":[{"name":"wp","href":"https:\/\/api.w.org\/{rel}","templated":true}]}}